{"id":16443,"date":"2021-10-08T18:11:09","date_gmt":"2021-10-08T16:11:09","guid":{"rendered":"https:\/\/footballthrift.shop\/sparta-praga-2006-07-home-xl\/"},"modified":"2026-03-09T11:37:52","modified_gmt":"2026-03-09T10:37:52","slug":"sparta-praha-2006-07-heim-xl","status":"publish","type":"product","link":"https:\/\/footballthrift.shop\/de\/sparta-praga-2006-07-home-xl\/","title":{"rendered":"Koszulka pi\u0142karska Sparta Praga 2006\/07 Home [XL]"},"content":{"rendered":"<p><strong>Verein: <\/strong>Sparta Prag<\/p>\n<p><strong>Saison: <\/strong>2006\/07 Startseite<\/p>\n<p><strong>Gr\u00f6\u00dfe: <\/strong>XL<\/p>\n<p><strong>Zustand:<\/strong> Ausgezeichnet<\/p>\n<p><strong>Ma\u00dfe (Achselbreite\/L\u00e4nge) in cm:\u00a0<\/strong>60\/77<\/p>","protected":false},"excerpt":{"rendered":"<p data-start=\"49\" data-end=\"185\">Original <strong data-start=\"60\" data-end=\"109\">Heimtrikot von Sparta Prag aus der Saison 2006\/07<\/strong>hergestellt von <strong data-start=\"131\" data-end=\"139\">Nike<\/strong> als Teil der legend\u00e4ren Sammlung <strong data-start=\"170\" data-end=\"182\">Insgesamt 90<\/strong>.<\/p>\n<p data-start=\"187\" data-end=\"413\">Das T-Shirt wurde in <strong data-start=\"216\" data-end=\"236\">kastanienbraun<\/strong>die traditionell mit Sparta in Verbindung gebracht wird. In der Mitte der Brust befindet sich <strong data-start=\"302\" data-end=\"316\">Vereinswappen<\/strong>und unter dem Logo des Sponsors <strong data-start=\"342\" data-end=\"353\">Fortuna<\/strong>was dem Ganzen eine klassische und elegante Note verleiht.<\/p>\n<p data-start=\"415\" data-end=\"699\">Das Modell besticht durch seinen markanten Schnitt und die f\u00fcr die Serie typischen Details <strong data-start=\"490\" data-end=\"502\">Insgesamt 90<\/strong>das immer noch als eines der kultigsten Trikots der Fu\u00dfballgeschichte gilt. Es ist ein einzigartiges Souvenir f\u00fcr Fans von Sparta Prag und Sammler von Fu\u00dfballtrikots aus dem ersten Jahrzehnt des 21. Jahrhunderts.<\/p>","protected":false},"featured_media":16439,"template":"","meta":{"_kad_blocks_custom_css":"","_kad_blocks_head_custom_js":"","_kad_blocks_body_custom_js":"","_kad_blocks_footer_custom_js":"","_kad_post_transparent":"default","_kad_post_title":"","_kad_post_layout":"default","_kad_post_sidebar_id":"","_kad_post_content_style":"default","_kad_post_vertical_padding":"default","_kad_post_feature":"","_kad_post_feature_position":"","_kad_post_header":false,"_kad_post_footer":false,"_kad_post_classname":""},"product_brand":[1284],"product_cat":[1434,1493],"product_tag":[],"class_list":{"0":"post-16443","1":"product","2":"type-product","3":"status-publish","4":"has-post-thumbnail","6":"product_brand-nike","7":"product_cat-europa","8":"product_cat-kluby-europejskie-europa","9":"pa_homeawaythird-home","10":"pa_location-filip","11":"pa_rozmiar-xl","12":"pa_sezon-1513","14":"first","15":"instock","16":"taxable","17":"shipping-taxable","18":"purchasable","19":"product-type-simple","20":"entry","21":"content-bg","22":"loop-entry"},"taxonomy_info":{"product_brand":[{"value":1284,"label":"Nike"}],"product_cat":[{"value":1434,"label":"Kluby Europejskie"},{"value":1493,"label":"Pozosta\u0142e kluby europejskie"}],"pa_homeawaythird":[{"value":1597,"label":"Home"}],"pa_location":[{"value":1494,"label":"FILIP"}],"pa_rozmiar":[{"value":1818,"label":"XL"}],"pa_sezon":[{"value":1513,"label":"2006\/07"}]},"featured_image_src_large":["https:\/\/footballthrift.shop\/wp-content\/uploads\/2021\/10\/11621-Sparta-Praga-200607-Home-XL-1024x1024.jpg",1024,1024,true],"author_info":[],"comment_info":"","_links":{"self":[{"href":"https:\/\/footballthrift.shop\/de\/wp-json\/wp\/v2\/product\/16443","targetHints":{"allow":["GET"]}}],"collection":[{"href":"https:\/\/footballthrift.shop\/de\/wp-json\/wp\/v2\/product"}],"about":[{"href":"https:\/\/footballthrift.shop\/de\/wp-json\/wp\/v2\/types\/product"}],"wp:featuredmedia":[{"embeddable":true,"href":"https:\/\/footballthrift.shop\/de\/wp-json\/wp\/v2\/media\/16439"}],"wp:attachment":[{"href":"https:\/\/footballthrift.shop\/de\/wp-json\/wp\/v2\/media?parent=16443"}],"wp:term":[{"taxonomy":"product_brand","embeddable":true,"href":"https:\/\/footballthrift.shop\/de\/wp-json\/wp\/v2\/product_brand?post=16443"},{"taxonomy":"product_cat","embeddable":true,"href":"https:\/\/footballthrift.shop\/de\/wp-json\/wp\/v2\/product_cat?post=16443"},{"taxonomy":"product_tag","embeddable":true,"href":"https:\/\/footballthrift.shop\/de\/wp-json\/wp\/v2\/product_tag?post=16443"}],"curies":[{"name":"wp","href":"https:\/\/api.w.org\/{rel}","templated":true}]}}