{"id":16402,"date":"2021-10-08T18:11:04","date_gmt":"2021-10-08T16:11:04","guid":{"rendered":"https:\/\/footballthrift.shop\/sheffield-wednesday-1995-98-away-l\/"},"modified":"2026-03-09T11:37:53","modified_gmt":"2026-03-09T10:37:53","slug":"sheffield-wednesday-1995-98-away-l","status":"publish","type":"product","link":"https:\/\/footballthrift.shop\/de\/sheffield-wednesday-1995-98-away-l\/","title":{"rendered":"Koszulka pi\u0142karska Sheffield Wednesday 1995\/98 Away [L]"},"content":{"rendered":"<p><strong>Verein: <\/strong>Sheffield Wednesday<\/p>\n<p><strong>Saison: <\/strong>1995\/98 Ausw\u00e4rts<\/p>\n<p><strong>Gr\u00f6\u00dfe: <\/strong>L<\/p>\n<p><strong>Ma\u00dfe (Achselbreite\/L\u00e4nge) in cm:\u00a0<\/strong>62\/73<\/p>\n<p><strong>Zustand:<\/strong> Gut - kleines Loch an der Schulter und einige Buchstaben im Sponsordruck l\u00f6sen sich leicht ab.<\/p>","protected":false},"excerpt":{"rendered":"<p data-start=\"0\" data-end=\"103\">Original <strong data-start=\"11\" data-end=\"70\">Ausw\u00e4rtstrikot von Sheffield Wednesday aus der Saison 1995\/98<\/strong>hergestellt von <strong data-start=\"92\" data-end=\"100\">Puma<\/strong>.<\/p>\n<p data-start=\"105\" data-end=\"497\">Das Modell sticht hervor <strong data-start=\"124\" data-end=\"161\">intensiv orange<\/strong>erg\u00e4nzt durch eine ausgepr\u00e4gte <strong data-start=\"196\" data-end=\"233\">Zwei-Knopf-Kragen<\/strong>. Die Vorderseite wird von dem klassischen Sponsorenlogo dominiert <strong data-start=\"279\" data-end=\"292\">Sanderson<\/strong>Die bekannten Fans der Owls aus den 1990er Jahren tragen das Vereinswappen auf der Brust und unterstreichen damit den Stolz und die Tradition des Teams. Das ist ein extrem stylisches Retro-Angebot, das die Stimmung dieser \u00c4ra des englischen Fu\u00dfballs einf\u00e4ngt.<\/p>\n<p data-start=\"499\" data-end=\"777\"><strong data-start=\"499\" data-end=\"514\">Neugierde<\/strong>: Sheffield Wednesday ist einer der \u00e4ltesten Profifu\u00dfballvereine der Welt - er wurde bereits im Jahr 2000 gegr\u00fcndet. <strong data-start=\"622\" data-end=\"635\">1867<\/strong>. Der Verein tr\u00e4gt seine Heimspiele in dem ber\u00fchmten Stadion <strong data-start=\"691\" data-end=\"707\">Hillsborough<\/strong>die nach wie vor eine der bekanntesten Arenen in England ist.<\/p>","protected":false},"featured_media":16394,"template":"","meta":{"_kad_blocks_custom_css":"","_kad_blocks_head_custom_js":"","_kad_blocks_body_custom_js":"","_kad_blocks_footer_custom_js":"","_kad_post_transparent":"default","_kad_post_title":"","_kad_post_layout":"default","_kad_post_sidebar_id":"","_kad_post_content_style":"default","_kad_post_vertical_padding":"default","_kad_post_feature":"","_kad_post_feature_position":"","_kad_post_header":false,"_kad_post_footer":false,"_kad_post_classname":""},"product_brand":[1287],"product_cat":[1413,1485],"product_tag":[],"class_list":{"0":"post-16402","1":"product","2":"type-product","3":"status-publish","4":"has-post-thumbnail","6":"product_brand-puma","7":"product_cat-anglia","8":"product_cat-pozostale-kluby-angielskie","9":"pa_homeawaythird-away","10":"pa_location-filip","11":"pa_rozmiar-l","12":"pa_sezon-1577","14":"first","15":"instock","16":"taxable","17":"shipping-taxable","18":"purchasable","19":"product-type-simple","20":"entry","21":"content-bg","22":"loop-entry"},"taxonomy_info":{"product_brand":[{"value":1287,"label":"Puma"}],"product_cat":[{"value":1413,"label":"Kluby Angielskie"},{"value":1485,"label":"Pozosta\u0142e kluby angielskie"}],"pa_homeawaythird":[{"value":1598,"label":"Away"}],"pa_location":[{"value":1494,"label":"FILIP"}],"pa_rozmiar":[{"value":1817,"label":"L"}],"pa_sezon":[{"value":1577,"label":"1995\/98"}]},"featured_image_src_large":["https:\/\/footballthrift.shop\/wp-content\/uploads\/2021\/10\/10006-Sheffield-Wednesday-199598-Away-L-1024x1024.jpg",1024,1024,true],"author_info":[],"comment_info":"","_links":{"self":[{"href":"https:\/\/footballthrift.shop\/de\/wp-json\/wp\/v2\/product\/16402","targetHints":{"allow":["GET"]}}],"collection":[{"href":"https:\/\/footballthrift.shop\/de\/wp-json\/wp\/v2\/product"}],"about":[{"href":"https:\/\/footballthrift.shop\/de\/wp-json\/wp\/v2\/types\/product"}],"wp:featuredmedia":[{"embeddable":true,"href":"https:\/\/footballthrift.shop\/de\/wp-json\/wp\/v2\/media\/16394"}],"wp:attachment":[{"href":"https:\/\/footballthrift.shop\/de\/wp-json\/wp\/v2\/media?parent=16402"}],"wp:term":[{"taxonomy":"product_brand","embeddable":true,"href":"https:\/\/footballthrift.shop\/de\/wp-json\/wp\/v2\/product_brand?post=16402"},{"taxonomy":"product_cat","embeddable":true,"href":"https:\/\/footballthrift.shop\/de\/wp-json\/wp\/v2\/product_cat?post=16402"},{"taxonomy":"product_tag","embeddable":true,"href":"https:\/\/footballthrift.shop\/de\/wp-json\/wp\/v2\/product_tag?post=16402"}],"curies":[{"name":"wp","href":"https:\/\/api.w.org\/{rel}","templated":true}]}}