{"id":16325,"date":"2021-10-08T18:10:52","date_gmt":"2021-10-08T16:10:52","guid":{"rendered":"https:\/\/footballthrift.shop\/rks-okecie-2003-04-2-xl\/"},"modified":"2026-03-09T11:37:53","modified_gmt":"2026-03-09T10:37:53","slug":"rks-okecie-2003-04-2-xl","status":"publish","type":"product","link":"https:\/\/footballthrift.shop\/de\/rks-okecie-2003-04-2-xl\/","title":{"rendered":"Koszulka pi\u0142karska RKS Ok\u0119cie 2003\/04 2 [XL]"},"content":{"rendered":"<p><strong>Verein: <\/strong>RKS Ok\u0119cie<\/p>\n<p><strong>Saison: <\/strong>2003\/04<\/p>\n<p><strong>Gr\u00f6\u00dfe: <\/strong>XL<\/p>\n<p><strong>Ma\u00dfe (Achselbreite\/L\u00e4nge) in cm:\u00a0<\/strong>63\/74<\/p>\n<p><strong>Zustand:<\/strong> Gut - rissiger Sponsoraufdruck, ein paar abstehende F\u00e4den.<\/p>","protected":false},"excerpt":{"rendered":"<p data-start=\"0\" data-end=\"87\">Original <strong data-start=\"11\" data-end=\"61\">RKS Ok\u0119cie Fu\u00dfballtrikot aus der Saison 2003\/04<\/strong> - Herstellung <strong data-start=\"74\" data-end=\"84\">Adidas<\/strong>.<\/p>\n<p data-start=\"89\" data-end=\"429\">Das Hemd ist in der klassischen <strong data-start=\"126\" data-end=\"147\">rot gef\u00e4rbt<\/strong>mit den Logos der Sponsoren, die sowohl auf dem <strong data-start=\"197\" data-end=\"208\">Vorderseite<\/strong>als auch auf <strong data-start=\"219\" data-end=\"231\">\u00c4rmel<\/strong>was die Authentizit\u00e4t des Modells unterstreicht. Die R\u00fcckseite tr\u00e4gt die Nummer <strong data-start=\"294\" data-end=\"299\">2<\/strong>Typisch f\u00fcr Defensivspieler. Hergestellt aus leichtem und luftigem Material, garantiert es Komfort und Bewegungsfreiheit w\u00e4hrend des Spiels.<\/p>\n<p data-start=\"431\" data-end=\"596\" data-is-last-node=\"\" data-is-only-node=\"\">Dies ist ein hervorragendes Angebot f\u00fcr Fans von <strong data-start=\"465\" data-end=\"479\">RKS Ok\u0119cie<\/strong>Sammler <strong data-start=\"495\" data-end=\"526\">originelle Retro-T-Shirts<\/strong> und diejenigen, die Wert auf <strong data-start=\"547\" data-end=\"595\">klassisches Adidas-Design aus dem fr\u00fchen 21. Jahrhundert<\/strong>.<\/p>","protected":false},"featured_media":16317,"template":"","meta":{"_kad_blocks_custom_css":"","_kad_blocks_head_custom_js":"","_kad_blocks_body_custom_js":"","_kad_blocks_footer_custom_js":"","_kad_post_transparent":"default","_kad_post_title":"","_kad_post_layout":"default","_kad_post_sidebar_id":"","_kad_post_content_style":"default","_kad_post_vertical_padding":"default","_kad_post_feature":"","_kad_post_feature_position":"","_kad_post_header":false,"_kad_post_footer":false,"_kad_post_classname":""},"product_brand":[1283],"product_cat":[1417,1468],"product_tag":[],"class_list":{"0":"post-16325","1":"product","2":"type-product","3":"status-publish","4":"has-post-thumbnail","6":"product_brand-adidas","7":"product_cat-kluby-polskie","8":"product_cat-pozostale-kluby-polskie","9":"pa_location-filip","10":"pa_numer-1890","11":"pa_rozmiar-xl","12":"pa_sezon-1535","14":"first","15":"instock","16":"taxable","17":"shipping-taxable","18":"purchasable","19":"product-type-simple","20":"entry","21":"content-bg","22":"loop-entry"},"taxonomy_info":{"product_brand":[{"value":1283,"label":"Adidas"}],"product_cat":[{"value":1417,"label":"Kluby Polskie"},{"value":1468,"label":"Pozosta\u0142e kluby polskie"}],"pa_location":[{"value":1494,"label":"FILIP"}],"pa_numer":[{"value":1890,"label":"2"}],"pa_rozmiar":[{"value":1818,"label":"XL"}],"pa_sezon":[{"value":1535,"label":"2003\/04"}]},"featured_image_src_large":["https:\/\/footballthrift.shop\/wp-content\/uploads\/2021\/10\/13717-RKS-Okecie-200304-2-XL-1024x1024.jpg",1024,1024,true],"author_info":[],"comment_info":"","_links":{"self":[{"href":"https:\/\/footballthrift.shop\/de\/wp-json\/wp\/v2\/product\/16325","targetHints":{"allow":["GET"]}}],"collection":[{"href":"https:\/\/footballthrift.shop\/de\/wp-json\/wp\/v2\/product"}],"about":[{"href":"https:\/\/footballthrift.shop\/de\/wp-json\/wp\/v2\/types\/product"}],"wp:featuredmedia":[{"embeddable":true,"href":"https:\/\/footballthrift.shop\/de\/wp-json\/wp\/v2\/media\/16317"}],"wp:attachment":[{"href":"https:\/\/footballthrift.shop\/de\/wp-json\/wp\/v2\/media?parent=16325"}],"wp:term":[{"taxonomy":"product_brand","embeddable":true,"href":"https:\/\/footballthrift.shop\/de\/wp-json\/wp\/v2\/product_brand?post=16325"},{"taxonomy":"product_cat","embeddable":true,"href":"https:\/\/footballthrift.shop\/de\/wp-json\/wp\/v2\/product_cat?post=16325"},{"taxonomy":"product_tag","embeddable":true,"href":"https:\/\/footballthrift.shop\/de\/wp-json\/wp\/v2\/product_tag?post=16325"}],"curies":[{"name":"wp","href":"https:\/\/api.w.org\/{rel}","templated":true}]}}