{"id":15977,"date":"2021-10-08T18:09:22","date_gmt":"2021-10-08T16:09:22","guid":{"rendered":"https:\/\/footballthrift.shop\/liverpool-fc-2014-15-home-20-lallana-xl\/"},"modified":"2026-03-09T11:37:56","modified_gmt":"2026-03-09T10:37:56","slug":"liverpool-fc-2014-15-home-20-lallana-xl","status":"publish","type":"product","link":"https:\/\/footballthrift.shop\/de\/liverpool-fc-2014-15-home-20-lallana-xl\/","title":{"rendered":"Koszulka pi\u0142karska Liverpool FC 2014\/15 Home 20 Lallana [XL]"},"content":{"rendered":"<p><strong>Verein: <\/strong>Liverpool FC<\/p>\n<p><strong>Spieler: <\/strong>20 Lallana<\/p>\n<p><strong>Saison: <\/strong>2014\/15 Startseite<\/p>\n<p><strong>Gr\u00f6\u00dfe: <\/strong>XL<\/p>\n<p><strong>Ma\u00dfe (Achselbreite\/L\u00e4nge) in cm:\u00a0<\/strong>58\/77<\/p>\n<p><strong>Zustand:<\/strong> Gut - leicht rissiger Druck und erhebliches Ziehen an der Vorderseite des Hemdes am unteren Rand.<\/p>","protected":false},"excerpt":{"rendered":"<p data-start=\"0\" data-end=\"97\">Original <strong data-start=\"11\" data-end=\"70\">Liverpool FC Heimtrikot aus der Saison 2014\/15<\/strong> - Herstellung <strong data-start=\"83\" data-end=\"94\">Warrior<\/strong>.<\/p>\n<p data-start=\"99\" data-end=\"649\">Diese einzigartige <strong data-start=\"112\" data-end=\"149\">Liverpool Heimtrikot 2014\/15<\/strong> wird in der klassischen <strong data-start=\"178\" data-end=\"199\">rot gef\u00e4rbt<\/strong>das Symbol der \"Roten\". In der Mitte des Trikots befindet sich das Logo des Sponsors <strong data-start=\"267\" data-end=\"289\">Standard Chartered<\/strong>mit dem Wappen auf der linken Seite der Brust <strong data-start=\"331\" data-end=\"347\">Liverpool FC<\/strong>und unterstreicht die Authentizit\u00e4t des Modells. Auf der R\u00fcckseite des T-Shirts ist die Nummer <strong data-start=\"423\" data-end=\"429\">20<\/strong> und Name <strong data-start=\"444\" data-end=\"460\">Adam Lallana<\/strong>, einer der Schl\u00fcsselspieler der Mannschaft in dieser Saison. Das Trikot ist aus leichtem, atmungsaktivem Material gefertigt <strong data-start=\"578\" data-end=\"589\">Warrior<\/strong>und bietet Komfort und volle Bewegungsfreiheit auf dem Spielfeld.<\/p>\n<p data-start=\"651\" data-end=\"950\"><strong data-start=\"651\" data-end=\"666\">Neugierde<\/strong>Adam Lallana war in der Saison 2014\/15 einer der wichtigsten Spieler im Mittelfeld von Liverpool. Er war bekannt f\u00fcr seine au\u00dfergew\u00f6hnliche Technik, seine Dynamik und seine F\u00e4higkeit, Offensivaktionen zu kreieren, und seine Vielseitigkeit erlaubte es Brendan Rodgers, ihn sowohl als Fl\u00fcgelspieler als auch als zentralen Mittelfeldspieler einzusetzen.<\/p>\n<p data-start=\"952\" data-end=\"1117\">Dies ist ein hervorragendes Angebot f\u00fcr Fans von <strong data-start=\"986\" data-end=\"1002\">Liverpool FC<\/strong>Sammler <strong data-start=\"1018\" data-end=\"1049\">originelle Retro-T-Shirts<\/strong> und diejenigen, die klassisches Design und unvergessliche Saisons in Anfield zu sch\u00e4tzen wissen.<\/p>","protected":false},"featured_media":15968,"template":"","meta":{"_kad_blocks_custom_css":"","_kad_blocks_head_custom_js":"","_kad_blocks_body_custom_js":"","_kad_blocks_footer_custom_js":"","_kad_post_transparent":"default","_kad_post_title":"","_kad_post_layout":"default","_kad_post_sidebar_id":"","_kad_post_content_style":"default","_kad_post_vertical_padding":"default","_kad_post_feature":"","_kad_post_feature_position":"","_kad_post_header":false,"_kad_post_footer":false,"_kad_post_classname":""},"product_brand":[1306],"product_cat":[1413,1464],"product_tag":[],"class_list":{"0":"post-15977","1":"product","2":"type-product","3":"status-publish","4":"has-post-thumbnail","6":"product_brand-warrior","7":"product_cat-anglia","8":"product_cat-liverpool","9":"pa_homeawaythird-home","10":"pa_location-filip","11":"pa_napis-lallana","12":"pa_numer-1886","13":"pa_rozmiar-xl","14":"pa_sezon-1519","16":"first","17":"instock","18":"taxable","19":"shipping-taxable","20":"purchasable","21":"product-type-simple","22":"entry","23":"content-bg","24":"loop-entry"},"taxonomy_info":{"product_brand":[{"value":1306,"label":"Warrior"}],"product_cat":[{"value":1413,"label":"Kluby Angielskie"},{"value":1464,"label":"Liverpool FC"}],"pa_homeawaythird":[{"value":1597,"label":"Home"}],"pa_location":[{"value":1494,"label":"FILIP"}],"pa_napis":[{"value":1690,"label":"Lallana"}],"pa_numer":[{"value":1886,"label":"20"}],"pa_rozmiar":[{"value":1818,"label":"XL"}],"pa_sezon":[{"value":1519,"label":"2014\/15"}]},"featured_image_src_large":["https:\/\/footballthrift.shop\/wp-content\/uploads\/2021\/10\/12164-Liverpool-FC-201415-Home-20-Lallana-XL-1024x1024.jpg",1024,1024,true],"author_info":[],"comment_info":"","_links":{"self":[{"href":"https:\/\/footballthrift.shop\/de\/wp-json\/wp\/v2\/product\/15977","targetHints":{"allow":["GET"]}}],"collection":[{"href":"https:\/\/footballthrift.shop\/de\/wp-json\/wp\/v2\/product"}],"about":[{"href":"https:\/\/footballthrift.shop\/de\/wp-json\/wp\/v2\/types\/product"}],"wp:featuredmedia":[{"embeddable":true,"href":"https:\/\/footballthrift.shop\/de\/wp-json\/wp\/v2\/media\/15968"}],"wp:attachment":[{"href":"https:\/\/footballthrift.shop\/de\/wp-json\/wp\/v2\/media?parent=15977"}],"wp:term":[{"taxonomy":"product_brand","embeddable":true,"href":"https:\/\/footballthrift.shop\/de\/wp-json\/wp\/v2\/product_brand?post=15977"},{"taxonomy":"product_cat","embeddable":true,"href":"https:\/\/footballthrift.shop\/de\/wp-json\/wp\/v2\/product_cat?post=15977"},{"taxonomy":"product_tag","embeddable":true,"href":"https:\/\/footballthrift.shop\/de\/wp-json\/wp\/v2\/product_tag?post=15977"}],"curies":[{"name":"wp","href":"https:\/\/api.w.org\/{rel}","templated":true}]}}