{"id":15947,"date":"2021-10-08T18:09:00","date_gmt":"2021-10-08T16:09:00","guid":{"rendered":"https:\/\/footballthrift.shop\/leeds-united-fc-2000-02-away-19-bakke-xl\/"},"modified":"2026-03-09T11:37:56","modified_gmt":"2026-03-09T10:37:56","slug":"leeds-united-fc-2000-02-away-19-bakke-xl","status":"publish","type":"product","link":"https:\/\/footballthrift.shop\/de\/leeds-united-fc-2000-02-away-19-bakke-xl\/","title":{"rendered":"Koszulka pi\u0142karska Leeds United FC 2000\/02 Away 19 Bakke [XL]"},"content":{"rendered":"<p><strong>Verein: <\/strong>Leeds United FC<\/p>\n<p><strong>Spieler: <\/strong>19 Bakke<\/p>\n<p><strong>Saison: <\/strong>2000\/02 Ausw\u00e4rts<\/p>\n<p><strong>Gr\u00f6\u00dfe: <\/strong>XL<\/p>\n<p><strong>Ma\u00dfe (Achselbreite\/L\u00e4nge) in cm:\u00a0<\/strong>61\/76<\/p>\n<p><strong>Zustand:<\/strong> Sehr gut - leicht rissiger Druck auf der R\u00fcckseite.<\/p>","protected":false},"excerpt":{"rendered":"<p data-start=\"0\" data-end=\"100\">Original <strong data-start=\"11\" data-end=\"76\">Ausw\u00e4rtstrikot von Leeds United FC aus der Saison 2000\/02<\/strong> - Herstellung <strong data-start=\"89\" data-end=\"97\">Nike<\/strong>.<\/p>\n<p data-start=\"102\" data-end=\"663\">Diese einzigartige <strong data-start=\"115\" data-end=\"158\">Leeds United 2000\/02 Ausw\u00e4rtstrikot<\/strong> wird in dem Merkmal <strong data-start=\"195\" data-end=\"213\">gelbliche Farbe<\/strong>das die Mannschaft bei Ausw\u00e4rtsspielen auszeichnete. In der Mitte des Trikots befindet sich das Logo des Sponsors <strong data-start=\"315\" data-end=\"328\">Strongbow<\/strong>mit dem Wappen auf der linken Seite der Brust <strong data-start=\"370\" data-end=\"386\">Leeds United<\/strong>was die Authentizit\u00e4t des Modells unterstreicht. Die R\u00fcckseite tr\u00e4gt die Nummer <strong data-start=\"453\" data-end=\"459\">19\u00a0<\/strong>zugeh\u00f6rig zu <strong data-start=\"472\" data-end=\"481\">Bakke<\/strong>bekannt f\u00fcr sein solides Defensivspiel und offensives Mittelfeld. Das Trikot ist aus leichtem und atmungsaktivem Material gefertigt. <strong data-start=\"605\" data-end=\"613\">Nike<\/strong>f\u00fcr Komfort und volle Bewegungsfreiheit.<\/p>\n<p data-start=\"665\" data-end=\"948\"><strong data-start=\"665\" data-end=\"680\">Neugierde<\/strong>: Die Saison 2000\/02 war f\u00fcr Leeds United eine Periode konstanter Leistungen in der <strong data-start=\"741\" data-end=\"759\">Erste Liga<\/strong>und die Mannschaft hat in vielen Ausw\u00e4rtsspielen Charakter gezeigt. Zus\u00e4tzlich zu <strong>Bakke<\/strong> durchgef\u00fchrt, unter anderem. <strong data-start=\"867\" data-end=\"882\">Mark Viduka<\/strong> i <strong data-start=\"885\" data-end=\"901\">Harry Kewell<\/strong>die die Offensivkraft der Mannschaft sind.<\/p>\n<p data-start=\"950\" data-end=\"1111\">Dies ist ein hervorragendes Angebot f\u00fcr Fans von <strong data-start=\"984\" data-end=\"1003\">Leeds United FC<\/strong>Sammler <strong data-start=\"1019\" data-end=\"1050\">originelle Retro-T-Shirts<\/strong> und diejenigen, die das klassische Design des fr\u00fchen 21. Jahrhunderts sch\u00e4tzen.<\/p>","protected":false},"featured_media":15938,"template":"","meta":{"_kad_blocks_custom_css":"","_kad_blocks_head_custom_js":"","_kad_blocks_body_custom_js":"","_kad_blocks_footer_custom_js":"","_kad_post_transparent":"default","_kad_post_title":"","_kad_post_layout":"default","_kad_post_sidebar_id":"","_kad_post_content_style":"default","_kad_post_vertical_padding":"default","_kad_post_feature":"","_kad_post_feature_position":"","_kad_post_header":false,"_kad_post_footer":false,"_kad_post_classname":""},"product_brand":[1284],"product_cat":[1413,2032,1485],"product_tag":[],"class_list":{"0":"post-15947","1":"product","2":"type-product","3":"status-publish","4":"has-post-thumbnail","6":"product_brand-nike","7":"product_cat-anglia","8":"product_cat-leeds-united-fc","9":"product_cat-pozostale-kluby-angielskie","10":"pa_homeawaythird-away","11":"pa_location-filip","12":"pa_napis-bakke","13":"pa_numer-1903","14":"pa_rozmiar-xl","15":"pa_sezon-1546","17":"first","18":"instock","19":"taxable","20":"shipping-taxable","21":"purchasable","22":"product-type-simple","23":"entry","24":"content-bg","25":"loop-entry"},"taxonomy_info":{"product_brand":[{"value":1284,"label":"Nike"}],"product_cat":[{"value":1413,"label":"Kluby Angielskie"},{"value":2032,"label":"Leeds United FC"},{"value":1485,"label":"Pozosta\u0142e kluby angielskie"}],"pa_homeawaythird":[{"value":1598,"label":"Away"}],"pa_location":[{"value":1494,"label":"FILIP"}],"pa_napis":[{"value":1693,"label":"Bakke"}],"pa_numer":[{"value":1903,"label":"19"}],"pa_rozmiar":[{"value":1818,"label":"XL"}],"pa_sezon":[{"value":1546,"label":"2000\/02"}]},"featured_image_src_large":["https:\/\/footballthrift.shop\/wp-content\/uploads\/2021\/10\/9955-Leeds-United-FC-200002-Away-19-Bakke-XL-1024x1024.jpg",1024,1024,true],"author_info":[],"comment_info":"","_links":{"self":[{"href":"https:\/\/footballthrift.shop\/de\/wp-json\/wp\/v2\/product\/15947","targetHints":{"allow":["GET"]}}],"collection":[{"href":"https:\/\/footballthrift.shop\/de\/wp-json\/wp\/v2\/product"}],"about":[{"href":"https:\/\/footballthrift.shop\/de\/wp-json\/wp\/v2\/types\/product"}],"wp:featuredmedia":[{"embeddable":true,"href":"https:\/\/footballthrift.shop\/de\/wp-json\/wp\/v2\/media\/15938"}],"wp:attachment":[{"href":"https:\/\/footballthrift.shop\/de\/wp-json\/wp\/v2\/media?parent=15947"}],"wp:term":[{"taxonomy":"product_brand","embeddable":true,"href":"https:\/\/footballthrift.shop\/de\/wp-json\/wp\/v2\/product_brand?post=15947"},{"taxonomy":"product_cat","embeddable":true,"href":"https:\/\/footballthrift.shop\/de\/wp-json\/wp\/v2\/product_cat?post=15947"},{"taxonomy":"product_tag","embeddable":true,"href":"https:\/\/footballthrift.shop\/de\/wp-json\/wp\/v2\/product_tag?post=15947"}],"curies":[{"name":"wp","href":"https:\/\/api.w.org\/{rel}","templated":true}]}}