{"id":15704,"date":"2021-10-08T18:08:09","date_gmt":"2021-10-08T16:08:09","guid":{"rendered":"https:\/\/footballthrift.shop\/fc-tirol-innsbruck-2001-02-home-l\/"},"modified":"2026-03-09T11:37:58","modified_gmt":"2026-03-09T10:37:58","slug":"fc-tirol-innsbruck-2001-02-home-l","status":"publish","type":"product","link":"https:\/\/footballthrift.shop\/de\/fc-tirol-innsbruck-2001-02-home-l\/","title":{"rendered":"Koszulka pi\u0142karska FC Tirol Innsbruck 2001\/02 Home [L]"},"content":{"rendered":"<p><strong>Verein: <\/strong>FC Tirol Innsbruck<\/p>\n<p><strong>Saison: <\/strong>2001\/02 Startseite<\/p>\n<p><strong>Gr\u00f6\u00dfe: <\/strong>L<\/p>\n<p><strong>Ma\u00dfe (Achselbreite\/L\u00e4nge) in cm:\u00a0<\/strong>60\/74<\/p>\n<p><strong>Zustand:<\/strong> Ausgezeichnet<\/p>","protected":false},"excerpt":{"rendered":"<p data-start=\"0\" data-end=\"127\">Original <strong data-start=\"11\" data-end=\"76\">FC Tirol Innsbruck Heimtrikot aus der Saison 2001\/02<\/strong> - Herstellung <strong data-start=\"89\" data-end=\"97\">Nike<\/strong>in einer lang\u00e4rmeligen Version.<\/p>\n<p data-start=\"129\" data-end=\"526\">Dieser Klassiker <strong data-start=\"142\" data-end=\"173\">FC Tirol Innsbruck Trikot<\/strong> der Saison 2001\/02 wurde vollst\u00e4ndig in <strong data-start=\"220\" data-end=\"240\">gr\u00fcne Farbe<\/strong>das seit Jahren mit diesem \u00f6sterreichischen Verein verbunden ist. Auf der Brust befindet sich das Wappen <strong data-start=\"320\" data-end=\"340\">Tirolu Innsbruck<\/strong>und das unverwechselbare Logo des Herstellers <strong data-start=\"378\" data-end=\"386\">Nike<\/strong> tr\u00e4gt zu seinem sportlichen Prestige und seiner Authentizit\u00e4t bei. Der lange \u00c4rmel macht dieses Modell noch einzigartiger und begehrenswerter f\u00fcr Sammler.<\/p>\n<p data-start=\"528\" data-end=\"800\"><strong data-start=\"528\" data-end=\"543\">Neugierde<\/strong>Die Saison 2001\/02 war eine historische Saison f\u00fcr den FC Tirol Innsbruck - der Verein erreichte damals den ersten <strong data-start=\"628\" data-end=\"667\">\u00d6sterreichs dritte Meisterschaft in Folge<\/strong>. Leider hatte das Team trotz seiner sportlichen Erfolge finanzielle Probleme, was bald zu seiner Aufl\u00f6sung f\u00fchrte.<\/p>\n<p data-start=\"802\" data-end=\"974\">Dies ist ein echtes Juwel f\u00fcr Fans von <strong data-start=\"833\" data-end=\"855\">\u00d6sterreichischer Fu\u00dfball<\/strong>Sammler <strong data-start=\"871\" data-end=\"889\">Retro-T-Shirts<\/strong> und Menschen, die einzigartige Modelle sch\u00e4tzen, die mit wichtigen Momenten der Fu\u00dfballgeschichte verbunden sind.<\/p>","protected":false},"featured_media":15698,"template":"","meta":{"_kad_blocks_custom_css":"","_kad_blocks_head_custom_js":"","_kad_blocks_body_custom_js":"","_kad_blocks_footer_custom_js":"","_kad_post_transparent":"default","_kad_post_title":"","_kad_post_layout":"default","_kad_post_sidebar_id":"","_kad_post_content_style":"default","_kad_post_vertical_padding":"default","_kad_post_feature":"","_kad_post_feature_position":"","_kad_post_header":false,"_kad_post_footer":false,"_kad_post_classname":""},"product_brand":[1284],"product_cat":[1441,1434],"product_tag":[],"class_list":{"0":"post-15704","1":"product","2":"type-product","3":"status-publish","4":"has-post-thumbnail","6":"product_brand-nike","7":"product_cat-austria-i-szwajcaria","8":"product_cat-europa","9":"pa_homeawaythird-home","10":"pa_location-filip","11":"pa_rozmiar-l","12":"pa_sezon-1559","14":"first","15":"instock","16":"taxable","17":"shipping-taxable","18":"purchasable","19":"product-type-simple","20":"entry","21":"content-bg","22":"loop-entry"},"taxonomy_info":{"product_brand":[{"value":1284,"label":"Nike"}],"product_cat":[{"value":1441,"label":"Austria i Szwajcaria"},{"value":1434,"label":"Kluby Europejskie"}],"pa_homeawaythird":[{"value":1597,"label":"Home"}],"pa_location":[{"value":1494,"label":"FILIP"}],"pa_rozmiar":[{"value":1817,"label":"L"}],"pa_sezon":[{"value":1559,"label":"2001\/02"}]},"featured_image_src_large":["https:\/\/footballthrift.shop\/wp-content\/uploads\/2021\/10\/9937-FC-Tirol-Innsbruck-200102-Home-L-1024x1024.jpg",1024,1024,true],"author_info":[],"comment_info":"","_links":{"self":[{"href":"https:\/\/footballthrift.shop\/de\/wp-json\/wp\/v2\/product\/15704","targetHints":{"allow":["GET"]}}],"collection":[{"href":"https:\/\/footballthrift.shop\/de\/wp-json\/wp\/v2\/product"}],"about":[{"href":"https:\/\/footballthrift.shop\/de\/wp-json\/wp\/v2\/types\/product"}],"wp:featuredmedia":[{"embeddable":true,"href":"https:\/\/footballthrift.shop\/de\/wp-json\/wp\/v2\/media\/15698"}],"wp:attachment":[{"href":"https:\/\/footballthrift.shop\/de\/wp-json\/wp\/v2\/media?parent=15704"}],"wp:term":[{"taxonomy":"product_brand","embeddable":true,"href":"https:\/\/footballthrift.shop\/de\/wp-json\/wp\/v2\/product_brand?post=15704"},{"taxonomy":"product_cat","embeddable":true,"href":"https:\/\/footballthrift.shop\/de\/wp-json\/wp\/v2\/product_cat?post=15704"},{"taxonomy":"product_tag","embeddable":true,"href":"https:\/\/footballthrift.shop\/de\/wp-json\/wp\/v2\/product_tag?post=15704"}],"curies":[{"name":"wp","href":"https:\/\/api.w.org\/{rel}","templated":true}]}}