{"id":15607,"date":"2021-10-08T18:07:34","date_gmt":"2021-10-08T16:07:34","guid":{"rendered":"https:\/\/footballthrift.shop\/everton-fc-2008-09-third-m\/"},"modified":"2026-03-09T11:37:59","modified_gmt":"2026-03-09T10:37:59","slug":"everton-fc-2008-09-third-m","status":"publish","type":"product","link":"https:\/\/footballthrift.shop\/de\/everton-fc-2008-09-third-m\/","title":{"rendered":"Koszulka pi\u0142karska Everton FC 2008\/09 Third [M]"},"content":{"rendered":"<p><strong>Verein: <\/strong>Everton FC<\/p>\n<p><strong>Saison: <\/strong>2008\/09 Dritter<\/p>\n<p><strong>Gr\u00f6\u00dfe: <\/strong>M<\/p>\n<p><strong>Abmessungen (Achselbreite\/L\u00e4nge):\u00a0<\/strong>51\/71<\/p>\n<p><strong>Zustand:<\/strong> Gut - geringf\u00fcgige Verschmutzung.<\/p>","protected":false},"excerpt":{"rendered":"<p data-start=\"0\" data-end=\"92\">Original <strong data-start=\"11\" data-end=\"67\">Das dritte Trikot von Everton in der Saison 2008\/09<\/strong> - Herstellung <strong data-start=\"80\" data-end=\"89\">Umbro<\/strong>.<\/p>\n<p data-start=\"94\" data-end=\"537\">Diese einzigartige <strong data-start=\"107\" data-end=\"144\">drittes Everton-Trikot 2008\/09<\/strong> wird gepflegt in <strong data-start=\"162\" data-end=\"188\">neongelb<\/strong>das sich von den traditionellen Teamfarben abhebt. Auf der Vorderseite des Trikots ist das Logo des Sponsors abgebildet <strong data-start=\"290\" data-end=\"299\">Chang<\/strong>und das Wappen auf der linken Seite der Brust <strong data-start=\"344\" data-end=\"356\">Everton<\/strong>und unterstreicht die Authentizit\u00e4t des Outfits. Das Modell ist aus einem leichten und luftigen Material gefertigt, typisch f\u00fcr Kost\u00fcme <strong data-start=\"472\" data-end=\"481\">Umbro<\/strong>f\u00fcr Komfort und Bewegungsfreiheit beim Spielen.<\/p>\n<p data-start=\"539\" data-end=\"882\"><strong data-start=\"539\" data-end=\"554\">Neugierde<\/strong>: Die Saison 2008\/09 war f\u00fcr <strong data-start=\"578\" data-end=\"590\">Everton<\/strong> besonders spannend, da die Mannschaft von David Moyes um einen Platz im Europapokal der Landesmeister k\u00e4mpft, und das Spiel gegen <strong data-start=\"719\" data-end=\"735\">Liverpool FC<\/strong> (Bleiben wir beim Merseyside-Derby) war eines der denkw\u00fcrdigsten Spiele der Saison, in dem Everton ein offensives und spektakul\u00e4res Spiel zeigte.<\/p>\n<p data-start=\"884\" data-end=\"1093\">Dies ist ein hervorragendes Angebot f\u00fcr Fans von <strong data-start=\"918\" data-end=\"930\">Everton<\/strong>Sammler <strong data-start=\"946\" data-end=\"983\">Original-Fu\u00dfballtrikots<\/strong> und diejenigen, die <strong data-start=\"1006\" data-end=\"1044\">einzigartige, neonfarbene Retro-Modelle<\/strong>die sich durch den Stil und die Geschichte des Clubs auszeichnen.<\/p>","protected":false},"featured_media":15600,"template":"","meta":{"_kad_blocks_custom_css":"","_kad_blocks_head_custom_js":"","_kad_blocks_body_custom_js":"","_kad_blocks_footer_custom_js":"","_kad_post_transparent":"default","_kad_post_title":"","_kad_post_layout":"default","_kad_post_sidebar_id":"","_kad_post_content_style":"default","_kad_post_vertical_padding":"default","_kad_post_feature":"","_kad_post_feature_position":"","_kad_post_header":false,"_kad_post_footer":false,"_kad_post_classname":""},"product_brand":[1285],"product_cat":[1453,1413],"product_tag":[],"class_list":{"0":"post-15607","1":"product","2":"type-product","3":"status-publish","4":"has-post-thumbnail","6":"product_brand-umbro","7":"product_cat-everton","8":"product_cat-anglia","9":"pa_homeawaythird-third","10":"pa_location-filip","11":"pa_rozmiar-m","12":"pa_sezon-1539","14":"first","15":"instock","16":"taxable","17":"shipping-taxable","18":"purchasable","19":"product-type-simple","20":"entry","21":"content-bg","22":"loop-entry"},"taxonomy_info":{"product_brand":[{"value":1285,"label":"Umbro"}],"product_cat":[{"value":1453,"label":"Everton FC"},{"value":1413,"label":"Kluby Angielskie"}],"pa_homeawaythird":[{"value":1599,"label":"Third"}],"pa_location":[{"value":1494,"label":"FILIP"}],"pa_rozmiar":[{"value":1816,"label":"M"}],"pa_sezon":[{"value":1539,"label":"2008\/09"}]},"featured_image_src_large":["https:\/\/footballthrift.shop\/wp-content\/uploads\/2021\/10\/13247-Everton-FC-200809-Third-M-1024x1024.jpg",1024,1024,true],"author_info":[],"comment_info":"","_links":{"self":[{"href":"https:\/\/footballthrift.shop\/de\/wp-json\/wp\/v2\/product\/15607","targetHints":{"allow":["GET"]}}],"collection":[{"href":"https:\/\/footballthrift.shop\/de\/wp-json\/wp\/v2\/product"}],"about":[{"href":"https:\/\/footballthrift.shop\/de\/wp-json\/wp\/v2\/types\/product"}],"wp:featuredmedia":[{"embeddable":true,"href":"https:\/\/footballthrift.shop\/de\/wp-json\/wp\/v2\/media\/15600"}],"wp:attachment":[{"href":"https:\/\/footballthrift.shop\/de\/wp-json\/wp\/v2\/media?parent=15607"}],"wp:term":[{"taxonomy":"product_brand","embeddable":true,"href":"https:\/\/footballthrift.shop\/de\/wp-json\/wp\/v2\/product_brand?post=15607"},{"taxonomy":"product_cat","embeddable":true,"href":"https:\/\/footballthrift.shop\/de\/wp-json\/wp\/v2\/product_cat?post=15607"},{"taxonomy":"product_tag","embeddable":true,"href":"https:\/\/footballthrift.shop\/de\/wp-json\/wp\/v2\/product_tag?post=15607"}],"curies":[{"name":"wp","href":"https:\/\/api.w.org\/{rel}","templated":true}]}}