{"id":15420,"date":"2021-10-08T18:07:00","date_gmt":"2021-10-08T16:07:00","guid":{"rendered":"https:\/\/footballthrift.shop\/koszulka-bramkarska-brighton-hove-albion-2011-13-3xl\/"},"modified":"2026-03-09T11:38:00","modified_gmt":"2026-03-09T10:38:00","slug":"koszulka-bramkarska-brighton-hove-albion-2011-13-3xl","status":"publish","type":"product","link":"https:\/\/footballthrift.shop\/de\/koszulka-bramkarska-brighton-hove-albion-2011-13-3xl\/","title":{"rendered":"Koszulka bramkarska Brighton &amp; Hove Albion 2011\/13 [3XL]"},"content":{"rendered":"<p><strong>Verein: <\/strong>BRIGHTON &amp; HOVE ALBION<\/p>\n<p><strong>Saison: <\/strong>2011\/13<\/p>\n<p><strong>Gr\u00f6\u00dfe: <\/strong>3XL<\/p>\n<p><strong>Abmessungen (Achselbreite\/L\u00e4nge):\u00a0<\/strong>60\/81<\/p>\n<p><strong>Zustand:<\/strong> Sehr gut - leicht geknickter Sponsorenabdruck.<\/p>","protected":false},"excerpt":{"rendered":"<p data-start=\"0\" data-end=\"118\">Original <strong data-start=\"11\" data-end=\"93\">Brighton &amp; Hove Albion Torwarttrikot aus der Saison 2011-13 - langarm<\/strong> - Herstellung <strong data-start=\"106\" data-end=\"115\">Erre\u00e0<\/strong>.<\/p>\n<p data-start=\"120\" data-end=\"500\">Diese einzigartige <strong data-start=\"133\" data-end=\"187\">Brighton &amp; Hove Albion Torwarttrikot 2011-13<\/strong> wird in einem auff\u00e4lligen <strong data-start=\"216\" data-end=\"244\">neongr\u00fcne Farbe<\/strong>mit dem Merkmal <strong data-start=\"268\" data-end=\"323\">blaue Akzente an den Handgelenken und am Kragen<\/strong>Das Design des T-Shirts hat einen modernen, dynamischen Look. Auf der Vorderseite des Trikots ist das Logo des Sponsors abgebildet, was die Authentizit\u00e4t des Kleidungsst\u00fccks und die Professionalit\u00e4t des Modells unterstreicht.<\/p>\n<p data-start=\"502\" data-end=\"750\"><strong data-start=\"640\" data-end=\"655\">Langarm<\/strong> erh\u00f6ht den Schutz und den Komfort f\u00fcr den Torh\u00fcter, w\u00e4hrend die ma\u00dfgeschneiderte Passform volle Bewegungsfreiheit auf dem Spielfeld garantiert.<\/p>\n<p data-start=\"752\" data-end=\"978\">Dies ist ein hervorragendes Angebot f\u00fcr Fans von <strong data-start=\"786\" data-end=\"812\">Brighton &amp; Hove Albion<\/strong>Sammler <strong data-start=\"828\" data-end=\"865\">Original-Fu\u00dfballtrikots<\/strong> und diejenigen, die <strong data-start=\"888\" data-end=\"917\">Retro-Torwartmodelle<\/strong> mit einem einzigartigen Design und den unverwechselbaren Vereinsfarben.<\/p>","protected":false},"featured_media":15413,"template":"","meta":{"_kad_blocks_custom_css":"","_kad_blocks_head_custom_js":"","_kad_blocks_body_custom_js":"","_kad_blocks_footer_custom_js":"","_kad_post_transparent":"default","_kad_post_title":"","_kad_post_layout":"default","_kad_post_sidebar_id":"","_kad_post_content_style":"default","_kad_post_vertical_padding":"default","_kad_post_feature":"","_kad_post_feature_position":"","_kad_post_header":false,"_kad_post_footer":false,"_kad_post_classname":""},"product_brand":[1300],"product_cat":[1413,1485],"product_tag":[],"class_list":{"0":"post-15420","1":"product","2":"type-product","3":"status-publish","4":"has-post-thumbnail","6":"product_brand-errea","7":"product_cat-anglia","8":"product_cat-pozostale-kluby-angielskie","9":"pa_dodatkoweinformacje-koszulkabramkarska","10":"pa_location-filip","11":"pa_sezon-1530","13":"first","14":"instock","15":"taxable","16":"shipping-taxable","17":"purchasable","18":"product-type-simple","19":"entry","20":"content-bg","21":"loop-entry"},"taxonomy_info":{"product_brand":[{"value":1300,"label":"Errea"}],"product_cat":[{"value":1413,"label":"Kluby Angielskie"},{"value":1485,"label":"Pozosta\u0142e kluby angielskie"}],"pa_dodatkoweinformacje":[{"value":1840,"label":"Koszulka bramkarska"}],"pa_location":[{"value":1494,"label":"FILIP"}],"pa_sezon":[{"value":1530,"label":"2011\/13"}]},"featured_image_src_large":["https:\/\/footballthrift.shop\/wp-content\/uploads\/2021\/10\/13245-Koszulka-bramkarska-Brighton-Hove-Albion-201113-3XL-1024x1024.jpg",1024,1024,true],"author_info":[],"comment_info":"","_links":{"self":[{"href":"https:\/\/footballthrift.shop\/de\/wp-json\/wp\/v2\/product\/15420","targetHints":{"allow":["GET"]}}],"collection":[{"href":"https:\/\/footballthrift.shop\/de\/wp-json\/wp\/v2\/product"}],"about":[{"href":"https:\/\/footballthrift.shop\/de\/wp-json\/wp\/v2\/types\/product"}],"wp:featuredmedia":[{"embeddable":true,"href":"https:\/\/footballthrift.shop\/de\/wp-json\/wp\/v2\/media\/15413"}],"wp:attachment":[{"href":"https:\/\/footballthrift.shop\/de\/wp-json\/wp\/v2\/media?parent=15420"}],"wp:term":[{"taxonomy":"product_brand","embeddable":true,"href":"https:\/\/footballthrift.shop\/de\/wp-json\/wp\/v2\/product_brand?post=15420"},{"taxonomy":"product_cat","embeddable":true,"href":"https:\/\/footballthrift.shop\/de\/wp-json\/wp\/v2\/product_cat?post=15420"},{"taxonomy":"product_tag","embeddable":true,"href":"https:\/\/footballthrift.shop\/de\/wp-json\/wp\/v2\/product_tag?post=15420"}],"curies":[{"name":"wp","href":"https:\/\/api.w.org\/{rel}","templated":true}]}}