{"id":15378,"date":"2021-10-08T18:06:50","date_gmt":"2021-10-08T16:06:50","guid":{"rendered":"https:\/\/footballthrift.shop\/borussia-monchengladbach-2017-18-home-xl\/"},"modified":"2026-03-09T11:38:01","modified_gmt":"2026-03-09T10:38:01","slug":"borussia-monchengladbach-2017-18-home-xl","status":"publish","type":"product","link":"https:\/\/footballthrift.shop\/de\/borussia-monchengladbach-2017-18-home-xl\/","title":{"rendered":"Koszulka pi\u0142karska Borussia Monchengladbach 2017\/18 Home [XL]"},"content":{"rendered":"<p><strong>Verein: <\/strong>Borussia M\u00f6nchengladbach<\/p>\n<p><strong>Saison: <\/strong>2017\/18 Startseite<\/p>\n<p><strong>Gr\u00f6\u00dfe: <\/strong>XL<\/p>\n<p><strong>Ma\u00dfe (Achselbreite\/L\u00e4nge) in cm:\u00a0<\/strong>57\/75<\/p>\n<p><strong>Zustand:<\/strong> Sehr gut - leichte Verschmutzung auf der R\u00fcckseite.<\/p>","protected":false},"excerpt":{"rendered":"<p data-start=\"0\" data-end=\"109\">Original <strong data-start=\"11\" data-end=\"84\">Borussia M\u00f6nchengladbach Fu\u00dfballtrikot aus der Saison 2017\/18 - Heim<\/strong> - Herstellung <strong data-start=\"97\" data-end=\"106\">Kappa<\/strong>.<\/p>\n<p data-start=\"111\" data-end=\"508\">Dieser Klassiker <strong data-start=\"124\" data-end=\"176\">Borussia M\u00f6nchengladbach Heimtrikot 2017\/18<\/strong> wird gepflegt in <strong data-start=\"194\" data-end=\"213\">Wei\u00dfe<\/strong>mit kontrastierenden <strong data-start=\"233\" data-end=\"254\">schwarze \u00c4rmel<\/strong> und dezente Akzente an den Seiten, die dem Modell ein modernes und elegantes Aussehen verleihen. Die Vorderseite zeigt das Logo des Sponsors <strong data-start=\"382\" data-end=\"394\">Postbank<\/strong>und das Wappen auf der linken Seite der Brust <strong data-start=\"439\" data-end=\"467\">Borussia M\u00f6nchengladbach<\/strong>und unterstreicht damit die Authentizit\u00e4t des T-Shirts.<\/p>\n<p data-start=\"510\" data-end=\"784\">Das Trikot besteht aus leichtem, atmungsaktivem und dehnbarem Material f\u00fcr Komfort, Bewegungsfreiheit und optimale Bel\u00fcftung w\u00e4hrend des Spiels. Klassischer Schnitt und modernes Design <strong data-start=\"698\" data-end=\"707\">Kappy<\/strong> das Modell sowohl funktional als auch optisch ansprechend zu gestalten.<\/p>\n<p data-start=\"786\" data-end=\"1019\">Dies ist eine ideale Wahl f\u00fcr Fans von <strong data-start=\"813\" data-end=\"827\">Bundesliga<\/strong>Sammler <strong data-start=\"843\" data-end=\"880\">Original-Fu\u00dfballtrikots<\/strong> und diejenigen, die Wert auf <strong data-start=\"901\" data-end=\"960\">modernes sportliches Design in den Farben eines Traditionsvereins<\/strong>die Komfort, Stil und Professionalit\u00e4t miteinander verbinden.<\/p>","protected":false},"featured_media":15371,"template":"","meta":{"_kad_blocks_custom_css":"","_kad_blocks_head_custom_js":"","_kad_blocks_body_custom_js":"","_kad_blocks_footer_custom_js":"","_kad_post_transparent":"default","_kad_post_title":"","_kad_post_layout":"default","_kad_post_sidebar_id":"","_kad_post_content_style":"default","_kad_post_vertical_padding":"default","_kad_post_feature":"","_kad_post_feature_position":"","_kad_post_header":false,"_kad_post_footer":false,"_kad_post_classname":""},"product_brand":[1290],"product_cat":[1449,1427],"product_tag":[],"class_list":{"0":"post-15378","1":"product","2":"type-product","3":"status-publish","4":"has-post-thumbnail","6":"product_brand-kappa","7":"product_cat-kluby-niemieckie-borussiamonchengladbach","8":"product_cat-niemcy","9":"pa_homeawaythird-home","10":"pa_location-filip","11":"pa_rozmiar-xl","12":"pa_sezon-1511","14":"first","15":"instock","16":"taxable","17":"shipping-taxable","18":"purchasable","19":"product-type-simple","20":"entry","21":"content-bg","22":"loop-entry"},"taxonomy_info":{"product_brand":[{"value":1290,"label":"Kappa"}],"product_cat":[{"value":1449,"label":"Borussia M\u00f6nchengladbach"},{"value":1427,"label":"Kluby Niemieckie"}],"pa_homeawaythird":[{"value":1597,"label":"Home"}],"pa_location":[{"value":1494,"label":"FILIP"}],"pa_rozmiar":[{"value":1818,"label":"XL"}],"pa_sezon":[{"value":1511,"label":"2017\/18"}]},"featured_image_src_large":["https:\/\/footballthrift.shop\/wp-content\/uploads\/2021\/10\/9582-Borussia-Monchengladbach-201718-Home-XL-1024x1024.jpg",1024,1024,true],"author_info":[],"comment_info":"","_links":{"self":[{"href":"https:\/\/footballthrift.shop\/de\/wp-json\/wp\/v2\/product\/15378","targetHints":{"allow":["GET"]}}],"collection":[{"href":"https:\/\/footballthrift.shop\/de\/wp-json\/wp\/v2\/product"}],"about":[{"href":"https:\/\/footballthrift.shop\/de\/wp-json\/wp\/v2\/types\/product"}],"wp:featuredmedia":[{"embeddable":true,"href":"https:\/\/footballthrift.shop\/de\/wp-json\/wp\/v2\/media\/15371"}],"wp:attachment":[{"href":"https:\/\/footballthrift.shop\/de\/wp-json\/wp\/v2\/media?parent=15378"}],"wp:term":[{"taxonomy":"product_brand","embeddable":true,"href":"https:\/\/footballthrift.shop\/de\/wp-json\/wp\/v2\/product_brand?post=15378"},{"taxonomy":"product_cat","embeddable":true,"href":"https:\/\/footballthrift.shop\/de\/wp-json\/wp\/v2\/product_cat?post=15378"},{"taxonomy":"product_tag","embeddable":true,"href":"https:\/\/footballthrift.shop\/de\/wp-json\/wp\/v2\/product_tag?post=15378"}],"curies":[{"name":"wp","href":"https:\/\/api.w.org\/{rel}","templated":true}]}}