{"id":15264,"date":"2021-10-08T18:06:32","date_gmt":"2021-10-08T16:06:32","guid":{"rendered":"https:\/\/footballthrift.shop\/besiktas-2014-15-third-s\/"},"modified":"2026-03-09T11:38:01","modified_gmt":"2026-03-09T10:38:01","slug":"besiktas-2014-15-third-s","status":"publish","type":"product","link":"https:\/\/footballthrift.shop\/de\/besiktas-2014-15-third-s\/","title":{"rendered":"Koszulka pi\u0142karska Besiktas JK 2014\/15 Third [S]"},"content":{"rendered":"<p><strong>Verein: <\/strong>Besiktas JK<\/p>\n<p><strong>Saison: <\/strong>2014\/15 Dritter<\/p>\n<p><strong>Gr\u00f6\u00dfe: <\/strong>S<\/p>\n<p><strong>Zustand:<\/strong> Sehr gut - geringf\u00fcgiges Ziehen am \u00c4rmel und kleine Faltenbildung im Sponsorendruck.<\/p>\n<p><strong>Abmessungen (Achselbreite\/L\u00e4nge):\u00a0<\/strong>44\/68 - Ma\u00dfe passen XS.<\/p>","protected":false},"excerpt":{"rendered":"<p data-start=\"0\" data-end=\"105\">Original <strong data-start=\"11\" data-end=\"79\">Be\u015fikta\u015f JK Fu\u00dfballtrikot aus der Saison 2014\/15 - dritter Satz<\/strong> - Herstellung <strong data-start=\"92\" data-end=\"102\">Adidas<\/strong>.<\/p>\n<p data-start=\"107\" data-end=\"462\">Diese einzigartige <strong data-start=\"120\" data-end=\"158\">Be\u015fikta\u015f drittes Trikot 2014\/15<\/strong>hergestellt von <strong data-start=\"180\" data-end=\"191\">Adidas<\/strong>das sich durch seine elegante <strong data-start=\"217\" data-end=\"238\">in Rot<\/strong>die eine interessante Alternative zu den traditionellen Vereinsfarben darstellt. Die Vorderseite zeigt das Logo des Hauptsponsors <strong data-start=\"351\" data-end=\"363\">Vodafone<\/strong>und einem auff\u00e4lligen Aufdruck auf der R\u00fcckseite <strong data-start=\"403\" data-end=\"411\">Beko<\/strong>was den authentischen Charakter dieses Modells unterstreicht.<\/p>\n<p data-start=\"464\" data-end=\"656\">Das T-Shirt hat ein Wappen <strong data-start=\"486\" data-end=\"501\">Be\u015fikta\u015f JK<\/strong> und Logo <strong data-start=\"512\" data-end=\"523\">Adidas<\/strong> auf der Brust, und das ganze Teil ist aus leichtem und atmungsaktivem Material, das Komfort beim Spielen und einen modernen Look garantiert.<\/p>\n<p data-start=\"658\" data-end=\"947\">Die Saison 2014\/15 war f\u00fcr <strong data-start=\"680\" data-end=\"693\">Be\u015fikta\u015f<\/strong> einer Zeit des intensiven Wettbewerbs in <strong data-start=\"727\" data-end=\"740\">S\u00fcper Lig<\/strong> und europ\u00e4ischen Wettbewerben, wodurch das Trikot einen zus\u00e4tzlichen Sammlerwert erh\u00e4lt. Es ist ein Modell, das von Clubfans und Sammlern gleicherma\u00dfen gesch\u00e4tzt wird <strong data-start=\"886\" data-end=\"923\">Original-Fu\u00dfballtrikots<\/strong> mit einem einzigartigen Design.<\/p>","protected":false},"featured_media":15256,"template":"","meta":{"_kad_blocks_custom_css":"","_kad_blocks_head_custom_js":"","_kad_blocks_body_custom_js":"","_kad_blocks_footer_custom_js":"","_kad_post_transparent":"default","_kad_post_title":"","_kad_post_layout":"default","_kad_post_sidebar_id":"","_kad_post_content_style":"default","_kad_post_vertical_padding":"default","_kad_post_feature":"","_kad_post_feature_position":"","_kad_post_header":false,"_kad_post_footer":false,"_kad_post_classname":""},"product_brand":[1283],"product_cat":[1434,1492],"product_tag":[],"class_list":{"0":"post-15264","1":"product","2":"type-product","3":"status-publish","4":"has-post-thumbnail","6":"product_brand-adidas","7":"product_cat-europa","8":"product_cat-kluby-tureckie","9":"pa_homeawaythird-third","10":"pa_location-filip","11":"pa_rozmiar-s","12":"pa_sezon-1519","14":"first","15":"instock","16":"taxable","17":"shipping-taxable","18":"purchasable","19":"product-type-simple","20":"entry","21":"content-bg","22":"loop-entry"},"taxonomy_info":{"product_brand":[{"value":1283,"label":"Adidas"}],"product_cat":[{"value":1434,"label":"Kluby Europejskie"},{"value":1492,"label":"Turcja"}],"pa_homeawaythird":[{"value":1599,"label":"Third"}],"pa_location":[{"value":1494,"label":"FILIP"}],"pa_rozmiar":[{"value":1815,"label":"S"}],"pa_sezon":[{"value":1519,"label":"2014\/15"}]},"featured_image_src_large":["https:\/\/footballthrift.shop\/wp-content\/uploads\/2021\/10\/12161-Besiktas-JK-201415-Third-S-1024x1024.jpg",1024,1024,true],"author_info":[],"comment_info":"","_links":{"self":[{"href":"https:\/\/footballthrift.shop\/de\/wp-json\/wp\/v2\/product\/15264","targetHints":{"allow":["GET"]}}],"collection":[{"href":"https:\/\/footballthrift.shop\/de\/wp-json\/wp\/v2\/product"}],"about":[{"href":"https:\/\/footballthrift.shop\/de\/wp-json\/wp\/v2\/types\/product"}],"wp:featuredmedia":[{"embeddable":true,"href":"https:\/\/footballthrift.shop\/de\/wp-json\/wp\/v2\/media\/15256"}],"wp:attachment":[{"href":"https:\/\/footballthrift.shop\/de\/wp-json\/wp\/v2\/media?parent=15264"}],"wp:term":[{"taxonomy":"product_brand","embeddable":true,"href":"https:\/\/footballthrift.shop\/de\/wp-json\/wp\/v2\/product_brand?post=15264"},{"taxonomy":"product_cat","embeddable":true,"href":"https:\/\/footballthrift.shop\/de\/wp-json\/wp\/v2\/product_cat?post=15264"},{"taxonomy":"product_tag","embeddable":true,"href":"https:\/\/footballthrift.shop\/de\/wp-json\/wp\/v2\/product_tag?post=15264"}],"curies":[{"name":"wp","href":"https:\/\/api.w.org\/{rel}","templated":true}]}}