{"id":15217,"date":"2021-10-08T18:06:26","date_gmt":"2021-10-08T16:06:26","guid":{"rendered":"https:\/\/footballthrift.shop\/atlas-fc-2006-07-away-l\/"},"modified":"2026-03-09T11:38:01","modified_gmt":"2026-03-09T10:38:01","slug":"atlas-fc-2006-07-away-l","status":"publish","type":"product","link":"https:\/\/footballthrift.shop\/de\/atlas-fc-2006-07-away-l\/","title":{"rendered":"Koszulka pi\u0142karska Atlas FC 2006\/07 Away [L]"},"content":{"rendered":"<p><strong>Verein: <\/strong>Atlas FC<\/p>\n<p><strong>Saison: <\/strong>2006\/07 Ausw\u00e4rts<\/p>\n<p><strong>Gr\u00f6\u00dfe: <\/strong>L<\/p>\n<p><strong>Ma\u00dfe (Achselbreite\/L\u00e4nge) in cm:\u00a0<\/strong>57\/71<\/p>\n<p><strong>Zustand:<\/strong> Sehr gut - ein paar kleine Risse, leichtes \"Vergrauen\" des Materials.<\/p>","protected":false},"excerpt":{"rendered":"<p data-start=\"0\" data-end=\"87\">Original <strong data-start=\"11\" data-end=\"59\">Atlas FC Fu\u00dfballtrikot aus der Saison 2006\/07<\/strong> - Herstellung <strong data-start=\"72\" data-end=\"84\">Atletica<\/strong>.<\/p>\n<p data-start=\"89\" data-end=\"558\">Dieser Klassiker <strong data-start=\"102\" data-end=\"141\">Atlas FC 2006\/07 Ausw\u00e4rtstrikot<\/strong>, erstellt von <strong data-start=\"159\" data-end=\"171\">Atletica<\/strong>das sich durch seine elegante <strong data-start=\"197\" data-end=\"245\">wei\u00dfe Farbe mit schwarzen und roten Akzenten<\/strong> die sich durch die Mitte zieht. Die Vorderseite zeigt das Logo des Hauptsponsors <strong data-start=\"314\" data-end=\"327\">Bedoyecta<\/strong>Auf den \u00c4rmeln befinden sich zus\u00e4tzliche Logos der Teampartner. Abgerundet wird das Ganze mit einem unverwechselbaren Druck <strong data-start=\"436\" data-end=\"449\">Coca-Cola<\/strong>und das Logo des Sponsors ist auf der R\u00fcckseite abgebildet <strong data-start=\"500\" data-end=\"510\">Corona<\/strong>die den Fans des mexikanischen Fu\u00dfballs gut bekannt sind.<\/p>\n<p data-start=\"560\" data-end=\"817\">Das T-Shirt zeichnet sich durch eine solide Verarbeitung und einen klassischen Schnitt aus, typisch f\u00fcr die Designs <strong data-start=\"651\" data-end=\"663\">Atletica<\/strong> aus der Mitte des ersten Jahrzehnts des 21. Jahrhunderts. Auf der Brust befand sich das Wappen <strong data-start=\"728\" data-end=\"740\">Atlas FC<\/strong> und das Logo des Herstellers, was den urspr\u00fcnglichen Charakter dieses St\u00fccks best\u00e4tigt.<\/p>\n<p data-start=\"819\" data-end=\"1145\">Die Saison 2006\/07 in <strong data-start=\"835\" data-end=\"846\">Liga MX<\/strong> war f\u00fcr <strong data-start=\"855\" data-end=\"865\">Atlas<\/strong> eine Zeit, in der man um Punkte in der Liga k\u00e4mpft und die jungen Talente f\u00f6rdert, f\u00fcr die die Akademie des Vereins bekannt ist. Dieses Trikot repr\u00e4sentiert heute <strong data-start=\"982\" data-end=\"1016\">einzigartiges Sammlermodell<\/strong>Kombination <strong data-start=\"1034\" data-end=\"1050\">Retro-Design<\/strong>die reiche Tradition und Fu\u00dfballgeschichte eines der bekanntesten mexikanischen Teams.<\/p>","protected":false},"featured_media":15210,"template":"","meta":{"_kad_blocks_custom_css":"","_kad_blocks_head_custom_js":"","_kad_blocks_body_custom_js":"","_kad_blocks_footer_custom_js":"","_kad_post_transparent":"default","_kad_post_title":"","_kad_post_layout":"default","_kad_post_sidebar_id":"","_kad_post_content_style":"default","_kad_post_vertical_padding":"default","_kad_post_feature":"","_kad_post_feature_position":"","_kad_post_header":false,"_kad_post_footer":false,"_kad_post_classname":""},"product_brand":[1312],"product_cat":[1415],"product_tag":[],"class_list":{"0":"post-15217","1":"product","2":"type-product","3":"status-publish","4":"has-post-thumbnail","6":"product_brand-atletica","7":"product_cat-ameryka-srodkowa-i-polnocna","8":"pa_homeawaythird-away","9":"pa_location-filip","10":"pa_rozmiar-l","11":"pa_sezon-1513","13":"first","14":"instock","15":"taxable","16":"shipping-taxable","17":"purchasable","18":"product-type-simple","19":"entry","20":"content-bg","21":"loop-entry"},"taxonomy_info":{"product_brand":[{"value":1312,"label":"Atletica"}],"product_cat":[{"value":1415,"label":"Ameryka \u015arodkowa i P\u00f3\u0142nocna"}],"pa_homeawaythird":[{"value":1598,"label":"Away"}],"pa_location":[{"value":1494,"label":"FILIP"}],"pa_rozmiar":[{"value":1817,"label":"L"}],"pa_sezon":[{"value":1513,"label":"2006\/07"}]},"featured_image_src_large":["https:\/\/footballthrift.shop\/wp-content\/uploads\/2021\/10\/9551-Atlas-FC-200607-Away-L-1024x1024.jpg",1024,1024,true],"author_info":[],"comment_info":"","_links":{"self":[{"href":"https:\/\/footballthrift.shop\/de\/wp-json\/wp\/v2\/product\/15217","targetHints":{"allow":["GET"]}}],"collection":[{"href":"https:\/\/footballthrift.shop\/de\/wp-json\/wp\/v2\/product"}],"about":[{"href":"https:\/\/footballthrift.shop\/de\/wp-json\/wp\/v2\/types\/product"}],"wp:featuredmedia":[{"embeddable":true,"href":"https:\/\/footballthrift.shop\/de\/wp-json\/wp\/v2\/media\/15210"}],"wp:attachment":[{"href":"https:\/\/footballthrift.shop\/de\/wp-json\/wp\/v2\/media?parent=15217"}],"wp:term":[{"taxonomy":"product_brand","embeddable":true,"href":"https:\/\/footballthrift.shop\/de\/wp-json\/wp\/v2\/product_brand?post=15217"},{"taxonomy":"product_cat","embeddable":true,"href":"https:\/\/footballthrift.shop\/de\/wp-json\/wp\/v2\/product_cat?post=15217"},{"taxonomy":"product_tag","embeddable":true,"href":"https:\/\/footballthrift.shop\/de\/wp-json\/wp\/v2\/product_tag?post=15217"}],"curies":[{"name":"wp","href":"https:\/\/api.w.org\/{rel}","templated":true}]}}