{"id":123187,"date":"2026-04-26T17:57:54","date_gmt":"2026-04-26T15:57:54","guid":{"rendered":"https:\/\/footballthrift.shop\/?post_type=product&#038;p=123187"},"modified":"2026-05-01T10:14:33","modified_gmt":"2026-05-01T08:14:33","slug":"koszulka-pilkarska-template-1984-86-m","status":"publish","type":"product","link":"https:\/\/footballthrift.shop\/de\/koszulka-pilkarska-template-1984-86-m\/","title":{"rendered":"Koszulka pi\u0142karska TEMPLATE 1984\/86 [M]"},"content":{"rendered":"<p><strong>Verein:<\/strong><\/p>\n<p><strong>Saison:<\/strong> 1984\/86<\/p>\n<p><strong>Gr\u00f6\u00dfe: <\/strong>M<\/p>\n<p><strong>Zustand:<\/strong> Bardzo dobry &#8211; nieznacznie przetarte logo Adidasa.<\/p>\n<p><strong>Ma\u00dfe (Achselbreite\/L\u00e4nge) in cm: <\/strong>47\/73<\/p>","protected":false},"excerpt":{"rendered":"<p><strong>Oryginalna koszulka pi\u0142karska z lat 1984\/86 produkcji Adidasa.\u00a0<\/strong><\/p>\n<p>Modell <strong>Adidas<\/strong> im Laufe der Jahre <strong>1984\/86<\/strong> w rozmiarze M stanowi przyk\u0142ad charakterystycznego wzoru katalogowego wykorzystywanego przez t\u0119 mark\u0119 w po\u0142owie lat 80. Koszulka nie jest przypisana do konkretnego klubu, a jej projekt odzwierciedla estetyk\u0119 epoki, w kt\u00f3rej dominowa\u0142y wyraziste, geometryczne motywy i klasyczne zestawienia kolorystyczne.<\/p>\n<p>Koszulka zosta\u0142a wyprodukowana na niebieskiej bazie, a jej wyr\u00f3\u017cniaj\u0105cym elementem jest motyw cienkich, bia\u0142ych pionowych pask\u00f3w na froncie. Ca\u0142o\u015b\u0107 uzupe\u0142nia bia\u0142e wyko\u0144czenie ko\u0142nierza oraz paski charakterystyczne dla projekt\u00f3w Adidasa umieszczone na r\u0119kawkach. Na klatce piersiowej widnieje klasyczne logo Trefoil, b\u0119d\u0105ce symbolem projekt\u00f3w <strong>Adidas<\/strong> aus dieser Zeit.<\/p>\n<p>Tego typu wzory <strong>Adidas<\/strong> by\u0142y szeroko stosowane w latach 80., zar\u00f3wno w klubach, jak i reprezentacjach, staj\u0105c si\u0119 jednym z najbardziej rozpoznawalnych element\u00f3w stylistyki tamtej dekady.<\/p>\n<p>Das T-Shirt ist aus einem leichten und luftigen Material gefertigt und der Schnitt in Gr\u00f6\u00dfe M entspricht den Standards der <strong>Adidas<\/strong>, und bietet die klassische Passform, die f\u00fcr die Designs der Marke charakteristisch ist.<\/p>\n<p>F\u00fcr Sammler und Fans, die ein originales Fu\u00dfballtrikot suchen <strong>Adidas<\/strong> im Laufe der Jahre <strong>1984\/86<\/strong>, stanowi\u0105cej czytelny zapis charakterystycznego stylu projektowego lat 80.<\/p>","protected":false},"featured_media":123257,"template":"","meta":{"_kad_blocks_custom_css":"","_kad_blocks_head_custom_js":"","_kad_blocks_body_custom_js":"","_kad_blocks_footer_custom_js":"","_kad_post_transparent":"default","_kad_post_title":"","_kad_post_layout":"default","_kad_post_sidebar_id":"","_kad_post_content_style":"default","_kad_post_vertical_padding":"default","_kad_post_feature":"","_kad_post_feature_position":"","_kad_post_header":false,"_kad_post_footer":false,"_kad_post_classname":""},"product_brand":[1283],"product_cat":[15,1424,1423],"product_tag":[],"class_list":{"0":"post-123187","1":"product","2":"type-product","3":"status-publish","4":"has-post-thumbnail","6":"product_brand-adidas","7":"product_cat-bez-kategorii","8":"product_cat-inne-sporty","9":"product_cat-kurtkibluzytrening","10":"pa_rozmiar-m","12":"first","13":"instock","14":"sale","15":"taxable","16":"shipping-taxable","17":"purchasable","18":"product-type-simple","19":"entry","20":"content-bg","21":"loop-entry"},"taxonomy_info":{"product_brand":[{"value":1283,"label":"Adidas"}],"product_cat":[{"value":15,"label":"Bez kategorii"},{"value":1424,"label":"Inne sporty"},{"value":1423,"label":"Kurtki\/bluzy\/trening"}],"pa_rozmiar":[{"value":1816,"label":"M"}]},"featured_image_src_large":["https:\/\/footballthrift.shop\/wp-content\/uploads\/2026\/04\/Photoroom_20260423_122225-1024x1024.jpg",1024,1024,true],"author_info":[],"comment_info":"","_links":{"self":[{"href":"https:\/\/footballthrift.shop\/de\/wp-json\/wp\/v2\/product\/123187","targetHints":{"allow":["GET"]}}],"collection":[{"href":"https:\/\/footballthrift.shop\/de\/wp-json\/wp\/v2\/product"}],"about":[{"href":"https:\/\/footballthrift.shop\/de\/wp-json\/wp\/v2\/types\/product"}],"wp:featuredmedia":[{"embeddable":true,"href":"https:\/\/footballthrift.shop\/de\/wp-json\/wp\/v2\/media\/123257"}],"wp:attachment":[{"href":"https:\/\/footballthrift.shop\/de\/wp-json\/wp\/v2\/media?parent=123187"}],"wp:term":[{"taxonomy":"product_brand","embeddable":true,"href":"https:\/\/footballthrift.shop\/de\/wp-json\/wp\/v2\/product_brand?post=123187"},{"taxonomy":"product_cat","embeddable":true,"href":"https:\/\/footballthrift.shop\/de\/wp-json\/wp\/v2\/product_cat?post=123187"},{"taxonomy":"product_tag","embeddable":true,"href":"https:\/\/footballthrift.shop\/de\/wp-json\/wp\/v2\/product_tag?post=123187"}],"curies":[{"name":"wp","href":"https:\/\/api.w.org\/{rel}","templated":true}]}}