{"id":123185,"date":"2026-04-26T17:57:55","date_gmt":"2026-04-26T15:57:55","guid":{"rendered":"https:\/\/footballthrift.shop\/?post_type=product&#038;p=123185"},"modified":"2026-05-01T10:14:32","modified_gmt":"2026-05-01T08:14:32","slug":"koszulka-bramkarska-template-1993-94-l","status":"publish","type":"product","link":"https:\/\/footballthrift.shop\/de\/koszulka-bramkarska-template-1993-94-l\/","title":{"rendered":"Koszulka bramkarska TEMPLATE 1993\/94 [L]"},"content":{"rendered":"<p><strong>Saison:<\/strong> 1993\/94<\/p>\n<p><strong>Gr\u00f6\u00dfe: <\/strong>L<\/p>\n<p><strong>Zustand:<\/strong> Ausgezeichnet<\/p>\n<p><strong>Ma\u00dfe (Achselbreite\/L\u00e4nge) in cm: <\/strong>52\/73<\/p>","protected":false},"excerpt":{"rendered":"<p><strong>Oryginalna bramkarska koszulka pi\u0142karska z sezonu 1993\/94 produkcji Uhlsport.\u00a0<\/strong><\/p>\n<p>Modell Torwart <strong>Uhlsportm<\/strong>aus der Saison <strong>1993\/94<\/strong> w rozmiarze L stanowi przyk\u0142ad charakterystycznego wzoru katalogowego, szeroko wykorzystywanego w tamtym okresie przez r\u00f3\u017cne zespo\u0142y i bramkarzy. Koszulka nie jest przypisana do konkretnego klubu, dlatego zosta\u0142a oznaczona jako <strong>TEMPLATE.<\/strong><\/p>\n<p>Koszulka zosta\u0142a wyprodukowana na czarnej bazie, a jej najbardziej wyr\u00f3\u017cniaj\u0105cym elementem s\u0105 fioletowe panele w g\u00f3rnej cz\u0119\u015bci klatki piersiowej oraz na r\u0119kawkach. Na nich widoczny jest dynamiczny motyw bia\u0142ych strza\u0142eczek oraz zielonych wzor\u00f3w, nadaj\u0105cy projektowi typowy dla lat 90. wyrazisty i geometryczny styl charakterystyczny dla <strong>Uhlsport<\/strong>.<\/p>\n<p>Solche Projekte <strong>Uhlsport<\/strong>\u00a0by\u0142y popularne w\u015br\u00f3d bramkarzy w latach 90., staj\u0105c si\u0119 jednym z symboli estetyki tamtej dekady, gdzie funkcjonalno\u015b\u0107 \u0142\u0105czono z odwa\u017cnym designem.<\/p>\n<p>Das T-Shirt ist aus einem leichten und luftigen Material gefertigt und der Schnitt in Gr\u00f6\u00dfe L entspricht den Standards der <strong>Uhlsport<\/strong>, und bietet die klassische Passform, die f\u00fcr die Designs der Marke charakteristisch ist.<\/p>\n<p>Dies ist f\u00fcr Sammler und Fans, die ein originales Torwarttrikot suchen <strong>Uhlsport<\/strong>\u00a0aus der Saison <strong>1993\/94<\/strong>, das den charakteristischen Designstil der 1990er Jahre deutlich widerspiegelt.<\/p>","protected":false},"featured_media":123243,"template":"","meta":{"_kad_blocks_custom_css":"","_kad_blocks_head_custom_js":"","_kad_blocks_body_custom_js":"","_kad_blocks_footer_custom_js":"","_kad_post_transparent":"default","_kad_post_title":"","_kad_post_layout":"default","_kad_post_sidebar_id":"","_kad_post_content_style":"default","_kad_post_vertical_padding":"default","_kad_post_feature":"","_kad_post_feature_position":"","_kad_post_header":false,"_kad_post_footer":false,"_kad_post_classname":""},"product_brand":[1316],"product_cat":[15,1423],"product_tag":[],"class_list":{"0":"post-123185","1":"product","2":"type-product","3":"status-publish","4":"has-post-thumbnail","6":"product_brand-uhlsport","7":"product_cat-bez-kategorii","8":"product_cat-kurtkibluzytrening","9":"pa_rozmiar-l","11":"first","12":"instock","13":"sale","14":"taxable","15":"shipping-taxable","16":"purchasable","17":"product-type-simple","18":"entry","19":"content-bg","20":"loop-entry"},"taxonomy_info":{"product_brand":[{"value":1316,"label":"Uhlsport"}],"product_cat":[{"value":15,"label":"Bez kategorii"},{"value":1423,"label":"Kurtki\/bluzy\/trening"}],"pa_rozmiar":[{"value":1817,"label":"L"}]},"featured_image_src_large":["https:\/\/footballthrift.shop\/wp-content\/uploads\/2026\/04\/Photoroom_20260423_122351-1024x1024.jpg",1024,1024,true],"author_info":[],"comment_info":"","_links":{"self":[{"href":"https:\/\/footballthrift.shop\/de\/wp-json\/wp\/v2\/product\/123185","targetHints":{"allow":["GET"]}}],"collection":[{"href":"https:\/\/footballthrift.shop\/de\/wp-json\/wp\/v2\/product"}],"about":[{"href":"https:\/\/footballthrift.shop\/de\/wp-json\/wp\/v2\/types\/product"}],"wp:featuredmedia":[{"embeddable":true,"href":"https:\/\/footballthrift.shop\/de\/wp-json\/wp\/v2\/media\/123243"}],"wp:attachment":[{"href":"https:\/\/footballthrift.shop\/de\/wp-json\/wp\/v2\/media?parent=123185"}],"wp:term":[{"taxonomy":"product_brand","embeddable":true,"href":"https:\/\/footballthrift.shop\/de\/wp-json\/wp\/v2\/product_brand?post=123185"},{"taxonomy":"product_cat","embeddable":true,"href":"https:\/\/footballthrift.shop\/de\/wp-json\/wp\/v2\/product_cat?post=123185"},{"taxonomy":"product_tag","embeddable":true,"href":"https:\/\/footballthrift.shop\/de\/wp-json\/wp\/v2\/product_tag?post=123185"}],"curies":[{"name":"wp","href":"https:\/\/api.w.org\/{rel}","templated":true}]}}