{"id":123184,"date":"2026-04-26T17:57:56","date_gmt":"2026-04-26T15:57:56","guid":{"rendered":"https:\/\/footballthrift.shop\/?post_type=product&#038;p=123184"},"modified":"2026-05-01T10:14:31","modified_gmt":"2026-05-01T08:14:31","slug":"koszulka-pilkarska-bnwt-werder-brema-2004-05-away-xxl","status":"publish","type":"product","link":"https:\/\/footballthrift.shop\/de\/koszulka-pilkarska-bnwt-werder-brema-2004-05-away-xxl\/","title":{"rendered":"Koszulka pi\u0142karska BNWT Werder Brema 2004\/05 Away [XXL]"},"content":{"rendered":"<p><strong>Verein:<\/strong> Werder Bremen<\/p>\n<p><strong>Saison:<\/strong> 2004\/05 Ausw\u00e4rts<\/p>\n<p><strong>Gr\u00f6\u00dfe: <\/strong>XXL<\/p>\n<p><strong>Zustand:<\/strong> BNWT - T-shirt neu, mit Etiketten.<\/p>\n<p><strong>Ma\u00dfe (Achselbreite\/L\u00e4nge) in cm: <\/strong>54\/70<\/p>","protected":false},"excerpt":{"rendered":"<p><strong>Oryginalna wyjazdowa koszulka pi\u0142karska Werderu Brema z sezonu 2004\/05 produkcji Kappy.\u00a0<\/strong><\/p>\n<p>Ausw\u00e4rtsmodell <strong>Werder Bremen<\/strong> aus der Saison <strong>2004\/05<\/strong>hergestellt von <strong>Kappa<\/strong> w rozmiarze XXL, pochodzi z okresu, w kt\u00f3rym klub znajdowa\u0142 si\u0119 w \u015bcis\u0142ej czo\u0142\u00f3wce niemieckiej pi\u0142ki po zdobyciu mistrzostwa w poprzednim sezonie. Dru\u017cyna kontynuowa\u0142a dobr\u0105 form\u0119, rywalizuj\u0105c zar\u00f3wno w Bundeslidze, jak i w europejskich rozgrywkach.<\/p>\n<p>Koszulka zosta\u0142a wyprodukowana na ciemnozielonej bazie, b\u0119d\u0105cej znakiem rozpoznawczym <strong>Werder Bremen<\/strong>, a jej charakterystycznym elementem s\u0105 pomara\u0144czowe r\u0119kawki, nadaj\u0105ce projektowi wyrazisty kontrast. Na froncie centralnie umieszczony zosta\u0142 nadruk sponsora <strong>KiK<\/strong>, kt\u00f3ry wyr\u00f3\u017cnia si\u0119 na tle koszulki i stanowi g\u0142\u00f3wny akcent projektu.<\/p>\n<p>W sezonie 2004\/05 barwy <strong>Werder Bremen<\/strong> vertreten u.a. durch. <strong>Miroslav Klose<\/strong>, jeden z najlepszych napastnik\u00f3w tamtego okresu, <strong>A\u00edlton<\/strong>, kt\u00f3ry wcze\u015bniej odegra\u0142 kluczow\u0105 rol\u0119 w sukcesach klubu, a tak\u017ce <strong>Johan Micoud<\/strong>, die f\u00fcr die Entwicklung des Spiels verantwortlich sind, und <strong>Torsten Frings<\/strong>, b\u0119d\u0105cy liderem \u015brodka pola. Zesp\u00f3\u0142 imponowa\u0142 ofensywnym stylem i skuteczno\u015bci\u0105.<\/p>\n<p>Das T-Shirt ist aus einem leichten und luftigen Material gefertigt und der XXL-Schnitt entspricht den Standards der <strong>Kappy<\/strong>, zapewniaj\u0105c klasyczne dopasowanie charakterystyczne dla projekt\u00f3w tej marki. Egzemplarz zachowany jest z kompletem metek sklepowych, co znacz\u0105co podnosi jego warto\u015b\u0107 kolekcjonersk\u0105.<\/p>\n<p>Dies ist f\u00fcr Sammler und Fans, die ein originales Ausw\u00e4rtstrikot suchen <strong>Werder Bremen<\/strong> aus der Saison <strong>2004\/05<\/strong>, stanowi\u0105cej czytelny zapis jednego z najlepszych okres\u00f3w w historii klubu.<\/p>","protected":false},"featured_media":123237,"template":"","meta":{"_kad_blocks_custom_css":"","_kad_blocks_head_custom_js":"","_kad_blocks_body_custom_js":"","_kad_blocks_footer_custom_js":"","_kad_post_transparent":"default","_kad_post_title":"","_kad_post_layout":"default","_kad_post_sidebar_id":"","_kad_post_content_style":"default","_kad_post_vertical_padding":"default","_kad_post_feature":"","_kad_post_feature_position":"","_kad_post_header":false,"_kad_post_footer":false,"_kad_post_classname":""},"product_brand":[1290],"product_cat":[15,2033,1486],"product_tag":[],"class_list":{"0":"post-123184","1":"product","2":"type-product","3":"status-publish","4":"has-post-thumbnail","6":"product_brand-kappa","7":"product_cat-bez-kategorii","8":"product_cat-bnwt","9":"product_cat-kluby-niemieckie-werderbrema","10":"pa_homeawaythird-away","11":"pa_rozmiar-xxl","13":"first","14":"instock","15":"sale","16":"taxable","17":"shipping-taxable","18":"purchasable","19":"product-type-simple","20":"entry","21":"content-bg","22":"loop-entry"},"taxonomy_info":{"product_brand":[{"value":1290,"label":"Kappa"}],"product_cat":[{"value":15,"label":"Bez kategorii"},{"value":2033,"label":"BNWT"},{"value":1486,"label":"Werder Brema"}],"pa_homeawaythird":[{"value":1598,"label":"Away"}],"pa_rozmiar":[{"value":1819,"label":"XXL"}]},"featured_image_src_large":["https:\/\/footballthrift.shop\/wp-content\/uploads\/2026\/04\/Photoroom_20260423_121500-1024x1024.jpg",1024,1024,true],"author_info":[],"comment_info":"","_links":{"self":[{"href":"https:\/\/footballthrift.shop\/de\/wp-json\/wp\/v2\/product\/123184","targetHints":{"allow":["GET"]}}],"collection":[{"href":"https:\/\/footballthrift.shop\/de\/wp-json\/wp\/v2\/product"}],"about":[{"href":"https:\/\/footballthrift.shop\/de\/wp-json\/wp\/v2\/types\/product"}],"wp:featuredmedia":[{"embeddable":true,"href":"https:\/\/footballthrift.shop\/de\/wp-json\/wp\/v2\/media\/123237"}],"wp:attachment":[{"href":"https:\/\/footballthrift.shop\/de\/wp-json\/wp\/v2\/media?parent=123184"}],"wp:term":[{"taxonomy":"product_brand","embeddable":true,"href":"https:\/\/footballthrift.shop\/de\/wp-json\/wp\/v2\/product_brand?post=123184"},{"taxonomy":"product_cat","embeddable":true,"href":"https:\/\/footballthrift.shop\/de\/wp-json\/wp\/v2\/product_cat?post=123184"},{"taxonomy":"product_tag","embeddable":true,"href":"https:\/\/footballthrift.shop\/de\/wp-json\/wp\/v2\/product_tag?post=123184"}],"curies":[{"name":"wp","href":"https:\/\/api.w.org\/{rel}","templated":true}]}}