{"id":123183,"date":"2026-04-26T17:57:56","date_gmt":"2026-04-26T15:57:56","guid":{"rendered":"https:\/\/footballthrift.shop\/?post_type=product&#038;p=123183"},"modified":"2026-05-01T10:14:31","modified_gmt":"2026-05-01T08:14:31","slug":"kurtka-reprezentacji-olimpijskiej-usa-atlanta-1996-m","status":"publish","type":"product","link":"https:\/\/footballthrift.shop\/de\/kurtka-reprezentacji-olimpijskiej-usa-atlanta-1996-m\/","title":{"rendered":"Kurtka Reprezentacji Olimpijskiej USA *ATLANTA* 1996 [M]"},"content":{"rendered":"<p><strong>Verein:<\/strong> USA<\/p>\n<p><strong>Saison:<\/strong> 1996<\/p>\n<p><strong>Gr\u00f6\u00dfe: <\/strong>M<\/p>\n<p><strong>Zustand:<\/strong> Ausgezeichnet<\/p>\n<p><strong>Ma\u00dfe (Achselbreite\/L\u00e4nge) in cm: <\/strong>56\/62<\/p>","protected":false},"excerpt":{"rendered":"<p><strong>Oryginalna kurtka pi\u0142karska reprezentacji olimpijskiej USA z igrzysk w Atlancie 1996 produkcji Championa.\u00a0<\/strong><\/p>\n<p>Modell <strong>reprezentacji olimpijskiej USA<\/strong> z roku <strong>1996<\/strong>hergestellt von <strong>Meister<\/strong> w rozmiarze M, pochodzi z wyj\u0105tkowego wydarzenia, jakim by\u0142y Igrzyska Olimpijskie w Atlancie. By\u0142 to okres, w kt\u00f3rym gospodarze prezentowali si\u0119 przed w\u0142asn\u0105 publiczno\u015bci\u0105, a odzie\u017c reprezentacyjna sta\u0142a si\u0119 jednym z najbardziej rozpoznawalnych symboli turnieju.<\/p>\n<p>Kurtka zosta\u0142a wyprodukowana w ortalionowej konstrukcji na bia\u0142ej bazie, a jej charakterystycznym elementem jest motyw niebiesko-granatowych gwiazd oraz napisy i emblematy podkre\u015blaj\u0105ce nazw\u0119 kraju i przynale\u017cno\u015b\u0107 do <strong>reprezentacji olimpijskiej USA<\/strong>. Model posiada zamek b\u0142yskawiczny i utrzymany jest w dynamicznej stylistyce typowej dla projekt\u00f3w <strong>Meister<\/strong> aus den 1990er Jahren.<\/p>\n<p>Odzie\u017c tego typu by\u0142a wykorzystywana przez sportowc\u00f3w r\u00f3\u017cnych dyscyplin reprezentuj\u0105cych <strong>USA<\/strong> podczas igrzysk, co dodatkowo podkre\u015bla jej uniwersalny i reprezentacyjny charakter oraz historyczn\u0105 warto\u015b\u0107 kolekcjonersk\u0105.<\/p>\n<p>Kurtka zosta\u0142a wykonana z lekkiego materia\u0142u, a kr\u00f3j w rozmiarze M odpowiada standardom <strong>Meister<\/strong>, zapewniaj\u0105c wygodne dopasowanie charakterystyczne dla projekt\u00f3w tej marki.<\/p>\n<p>F\u00fcr Sammler und Fans, die eine originale Fu\u00dfballjacke suchen <strong>reprezentacji olimpijskiej USA<\/strong> z roku <strong>1996<\/strong>, stanowi\u0105cej czytelny zapis jednego z najbardziej kultowych wydarze\u0144 sportowych lat 90.<\/p>","protected":false},"featured_media":123231,"template":"","meta":{"_kad_blocks_custom_css":"","_kad_blocks_head_custom_js":"","_kad_blocks_body_custom_js":"","_kad_blocks_footer_custom_js":"","_kad_post_transparent":"default","_kad_post_title":"","_kad_post_layout":"default","_kad_post_sidebar_id":"","_kad_post_content_style":"default","_kad_post_vertical_padding":"default","_kad_post_feature":"","_kad_post_feature_position":"","_kad_post_header":false,"_kad_post_footer":false,"_kad_post_classname":""},"product_brand":[1302],"product_cat":[1418,15,1424,1954,1958],"product_tag":[],"class_list":{"0":"post-123183","1":"product","2":"type-product","3":"status-publish","4":"has-post-thumbnail","6":"product_brand-champion","7":"product_cat-ameryka-srodkowa-i-polnocna-reprezentacje","8":"product_cat-bez-kategorii","9":"product_cat-inne-sporty","10":"product_cat-koszykowka","11":"product_cat-pozostale-sporty","12":"pa_rozmiar-m","14":"first","15":"instock","16":"sale","17":"taxable","18":"shipping-taxable","19":"purchasable","20":"product-type-simple","21":"entry","22":"content-bg","23":"loop-entry"},"taxonomy_info":{"product_brand":[{"value":1302,"label":"Champion"}],"product_cat":[{"value":1418,"label":"Ameryka \u015arodkowa i P\u00f3\u0142nocna"},{"value":15,"label":"Bez kategorii"},{"value":1424,"label":"Inne sporty"},{"value":1954,"label":"Koszyk\u00f3wka"},{"value":1958,"label":"Pozosta\u0142e sporty"}],"pa_rozmiar":[{"value":1816,"label":"M"}]},"featured_image_src_large":["https:\/\/footballthrift.shop\/wp-content\/uploads\/2026\/04\/Photoroom_20260423_121846-1024x1024.jpg",1024,1024,true],"author_info":[],"comment_info":"","_links":{"self":[{"href":"https:\/\/footballthrift.shop\/de\/wp-json\/wp\/v2\/product\/123183","targetHints":{"allow":["GET"]}}],"collection":[{"href":"https:\/\/footballthrift.shop\/de\/wp-json\/wp\/v2\/product"}],"about":[{"href":"https:\/\/footballthrift.shop\/de\/wp-json\/wp\/v2\/types\/product"}],"wp:featuredmedia":[{"embeddable":true,"href":"https:\/\/footballthrift.shop\/de\/wp-json\/wp\/v2\/media\/123231"}],"wp:attachment":[{"href":"https:\/\/footballthrift.shop\/de\/wp-json\/wp\/v2\/media?parent=123183"}],"wp:term":[{"taxonomy":"product_brand","embeddable":true,"href":"https:\/\/footballthrift.shop\/de\/wp-json\/wp\/v2\/product_brand?post=123183"},{"taxonomy":"product_cat","embeddable":true,"href":"https:\/\/footballthrift.shop\/de\/wp-json\/wp\/v2\/product_cat?post=123183"},{"taxonomy":"product_tag","embeddable":true,"href":"https:\/\/footballthrift.shop\/de\/wp-json\/wp\/v2\/product_tag?post=123183"}],"curies":[{"name":"wp","href":"https:\/\/api.w.org\/{rel}","templated":true}]}}