{"id":123182,"date":"2026-04-26T17:57:57","date_gmt":"2026-04-26T15:57:57","guid":{"rendered":"https:\/\/footballthrift.shop\/?post_type=product&#038;p=123182"},"modified":"2026-05-01T10:14:30","modified_gmt":"2026-05-01T08:14:30","slug":"koszulka-treningowa-tottenham-hotspur-fc-2017-18-158-cm","status":"publish","type":"product","link":"https:\/\/footballthrift.shop\/de\/koszulka-treningowa-tottenham-hotspur-fc-2017-18-158-cm\/","title":{"rendered":"Koszulka treningowa Tottenham Hotspur FC 2017\/18 [158 cm]"},"content":{"rendered":"<p><strong>Verein:<\/strong> Tottenham Hotspur FC<\/p>\n<p><strong>Saison:<\/strong> 2017\/18<\/p>\n<p><strong>Gr\u00f6\u00dfe: <\/strong>158 cm<\/p>\n<p><strong>Zustand:<\/strong> Ausgezeichnet<\/p>\n<p><strong>Ma\u00dfe (Achselbreite\/L\u00e4nge) in cm: <\/strong>42\/59<\/p>","protected":false},"excerpt":{"rendered":"<p><strong>Oryginalna koszulka pi\u0142karska treningowa Tottenham Hotspur FC z sezonu 2017\/18 produkcji Nike.\u00a0<\/strong><\/p>\n<p>Ausbildungsmodell <strong>Tottenham Hotspur FC<\/strong> aus der Saison <strong>2017\/18<\/strong>hergestellt von <strong>Nike<\/strong> w rozmiarze m\u0142odzie\u017cowym na 158 cm wzrostu, pochodzi z jednego z najlepszych okres\u00f3w klubu w erze nowo\u017cytnej. Dru\u017cyna prowadzona przez Mauricio Pochettino nale\u017ca\u0142a do \u015bcis\u0142ej czo\u0142\u00f3wki Premier League i regularnie rywalizowa\u0142a na najwy\u017cszym poziomie r\u00f3wnie\u017c w europejskich rozgrywkach.<\/p>\n<p>Koszulka zosta\u0142a wyprodukowana w ca\u0142o\u015bci w granatowej kolorystyce, co nadaje jej minimalistyczny i nowoczesny charakter. Prosty projekt jest typowy dla treningowych modeli <strong>Nike<\/strong>, skupionych na funkcjonalno\u015bci i uniwersalnym wygl\u0105dzie.<\/p>\n<p>W sezonie 2017\/18 barwy <strong>Tottenham Hotspur FC<\/strong> vertreten u.a. durch. <strong>Harry Kane<\/strong>, jeden z najlepszych strzelc\u00f3w ligi, <strong>Christian Eriksen<\/strong>, die f\u00fcr die Entwicklung des Spiels verantwortlich sind, und <strong>Dele Alli<\/strong>, b\u0119d\u0105cy wa\u017cnym ogniwem ofensywy zespo\u0142u. Dru\u017cyna imponowa\u0142a organizacj\u0105 i intensywno\u015bci\u0105 gry.<\/p>\n<p>Koszulka zosta\u0142a wykonana z lekkiego i przewiewnego materia\u0142u, a kr\u00f3j odpowiada standardom <strong>Nike<\/strong>, und bietet den f\u00fcr die Marke charakteristischen Tragekomfort.<\/p>\n<p>F\u00fcr Sammler und Fans, die ein originales Fu\u00dfballtrikot suchen <strong>Tottenham Hotspur FC<\/strong> aus der Saison <strong>2017\/18<\/strong>, stanowi\u0105cej czytelny zapis jednego z najlepszych okres\u00f3w klubu w XXI wieku.<\/p>","protected":false},"featured_media":123225,"template":"","meta":{"_kad_blocks_custom_css":"","_kad_blocks_head_custom_js":"","_kad_blocks_body_custom_js":"","_kad_blocks_footer_custom_js":"","_kad_post_transparent":"default","_kad_post_title":"","_kad_post_layout":"default","_kad_post_sidebar_id":"","_kad_post_content_style":"default","_kad_post_vertical_padding":"default","_kad_post_feature":"","_kad_post_feature_position":"","_kad_post_header":false,"_kad_post_footer":false,"_kad_post_classname":""},"product_brand":[1284],"product_cat":[15,2017,1423,1481],"product_tag":[],"class_list":{"0":"post-123182","1":"product","2":"type-product","3":"status-publish","4":"has-post-thumbnail","6":"product_brand-nike","7":"product_cat-bez-kategorii","8":"product_cat-koszulki-mlodziezowe","9":"product_cat-kurtkibluzytrening","10":"product_cat-tottenham","11":"pa_rozmiar-158-cm","13":"first","14":"instock","15":"sale","16":"taxable","17":"shipping-taxable","18":"purchasable","19":"product-type-simple","20":"entry","21":"content-bg","22":"loop-entry"},"taxonomy_info":{"product_brand":[{"value":1284,"label":"Nike"}],"product_cat":[{"value":15,"label":"Bez kategorii"},{"value":2017,"label":"KOSZULKI M\u0141ODZIE\u017bOWE"},{"value":1423,"label":"Kurtki\/bluzy\/trening"},{"value":1481,"label":"Tottenham Hotspur FC"}],"pa_rozmiar":[{"value":2019,"label":"158 cm"}]},"featured_image_src_large":["https:\/\/footballthrift.shop\/wp-content\/uploads\/2026\/04\/Photoroom_20260423_123150-1024x1024.jpg",1024,1024,true],"author_info":[],"comment_info":"","_links":{"self":[{"href":"https:\/\/footballthrift.shop\/de\/wp-json\/wp\/v2\/product\/123182","targetHints":{"allow":["GET"]}}],"collection":[{"href":"https:\/\/footballthrift.shop\/de\/wp-json\/wp\/v2\/product"}],"about":[{"href":"https:\/\/footballthrift.shop\/de\/wp-json\/wp\/v2\/types\/product"}],"wp:featuredmedia":[{"embeddable":true,"href":"https:\/\/footballthrift.shop\/de\/wp-json\/wp\/v2\/media\/123225"}],"wp:attachment":[{"href":"https:\/\/footballthrift.shop\/de\/wp-json\/wp\/v2\/media?parent=123182"}],"wp:term":[{"taxonomy":"product_brand","embeddable":true,"href":"https:\/\/footballthrift.shop\/de\/wp-json\/wp\/v2\/product_brand?post=123182"},{"taxonomy":"product_cat","embeddable":true,"href":"https:\/\/footballthrift.shop\/de\/wp-json\/wp\/v2\/product_cat?post=123182"},{"taxonomy":"product_tag","embeddable":true,"href":"https:\/\/footballthrift.shop\/de\/wp-json\/wp\/v2\/product_tag?post=123182"}],"curies":[{"name":"wp","href":"https:\/\/api.w.org\/{rel}","templated":true}]}}