{"id":123181,"date":"2026-04-26T17:57:57","date_gmt":"2026-04-26T15:57:57","guid":{"rendered":"https:\/\/footballthrift.shop\/?post_type=product&#038;p=123181"},"modified":"2026-05-01T10:14:30","modified_gmt":"2026-05-01T08:14:30","slug":"koszulka-pilkarska-szkocja-1993-94-away-xl","status":"publish","type":"product","link":"https:\/\/footballthrift.shop\/de\/koszulka-pilkarska-szkocja-1993-94-away-xl\/","title":{"rendered":"Koszulka pi\u0142karska Szkocja 1993\/94 Away [XL]"},"content":{"rendered":"<p><strong>Verein:<\/strong> Schottland<\/p>\n<p><strong>Saison:<\/strong> 1993\/94 Away<\/p>\n<p><strong>Gr\u00f6\u00dfe: <\/strong>XL<\/p>\n<p><strong>Zustand:<\/strong> Zadowalaj\u0105cy &#8211; znaczna liczba mikro zaci\u0105gni\u0119\u0107 oraz drobne zabrudzenie na plecach.<\/p>\n<p><strong>Ma\u00dfe (Achselbreite\/L\u00e4nge) in cm: <\/strong>60\/78<\/p>","protected":false},"excerpt":{"rendered":"<p><strong>Oryginalna wyjazdowa koszulka pi\u0142karska reprezentacji Szkocji z sezonu 1993\/94 produkcji Umbro.\u00a0<\/strong><\/p>\n<p>Ausw\u00e4rtsmodell <strong>Vertretung Schottlands<\/strong> aus der Saison <strong>1993\/94<\/strong>hergestellt von <strong>Umbro<\/strong> w rozmiarze XL, pochodzi z okresu eliminacji do Mistrzostw \u015awiata 1994. Kadra rywalizowa\u0142a w trudnej grupie, walcz\u0105c o awans na turniej w USA, jednak ostatecznie nie zdo\u0142a\u0142a zakwalifikowa\u0107 si\u0119 do fina\u0142\u00f3w.<\/p>\n<p>Koszulka zosta\u0142a wyprodukowana w wyr\u00f3\u017cniaj\u0105cej si\u0119 pomara\u0144czowej kolorystyce, a jej charakterystycznym elementem s\u0105 pionowe fioletowe paski oraz fioletowy ko\u0142nierz typu polo, nadaj\u0105ce projektowi unikalny i odwa\u017cny wygl\u0105d. Model ten nale\u017cy do bardzo rzadkich, gdy\u017c by\u0142 u\u017cywany jedynie przez jeden sezon, co czyni go szczeg\u00f3lnie poszukiwanym w\u015br\u00f3d kolekcjoner\u00f3w.<\/p>\n<p>In diesem Zeitraum wurden die Farben <strong>Vertretung Schottlands<\/strong> vertreten u.a. durch. <strong>Gary McAllister<\/strong>, lider \u015brodka pola, <strong>Ally McCoist<\/strong>, jeden z najskuteczniejszych napastnik\u00f3w swojej generacji, oraz <strong>Colin Hendry<\/strong>, b\u0119d\u0105cy filarem defensywy. Dru\u017cyna opiera\u0142a si\u0119 na do\u015bwiadczeniu i fizyczno\u015bci, charakterystycznych dla brytyjskiego stylu gry tamtych lat.<\/p>\n<p>Das T-Shirt ist aus leichtem und atmungsaktivem Material gefertigt und der Schnitt in Gr\u00f6\u00dfe XL entspricht den Standards der <strong>Umbro<\/strong>, und bietet die klassische Passform, die f\u00fcr die Designs der Marke charakteristisch ist.<\/p>\n<p>Dies ist f\u00fcr Sammler und Fans, die ein originales Ausw\u00e4rtstrikot suchen <strong>Vertretung Schottlands<\/strong> aus der Saison <strong>1993\/94<\/strong>, stanowi\u0105cej czytelny zapis eliminacji do mundialu 1994 i jednego z najbardziej unikalnych projekt\u00f3w w historii kadry.<\/p>","protected":false},"featured_media":123213,"template":"","meta":{"_kad_blocks_custom_css":"","_kad_blocks_head_custom_js":"","_kad_blocks_body_custom_js":"","_kad_blocks_footer_custom_js":"","_kad_post_transparent":"default","_kad_post_title":"","_kad_post_layout":"default","_kad_post_sidebar_id":"","_kad_post_content_style":"default","_kad_post_vertical_padding":"default","_kad_post_feature":"","_kad_post_feature_position":"","_kad_post_header":false,"_kad_post_footer":false,"_kad_post_classname":""},"product_brand":[1285],"product_cat":[15,1489],"product_tag":[],"class_list":{"0":"post-123181","1":"product","2":"type-product","3":"status-publish","4":"has-post-thumbnail","6":"product_brand-umbro","7":"product_cat-bez-kategorii","8":"product_cat-pozostale-reprezentacje-europa","9":"pa_homeawaythird-away","10":"pa_rozmiar-xl","12":"first","13":"instock","14":"sale","15":"taxable","16":"shipping-taxable","17":"purchasable","18":"product-type-simple","19":"entry","20":"content-bg","21":"loop-entry"},"taxonomy_info":{"product_brand":[{"value":1285,"label":"Umbro"}],"product_cat":[{"value":15,"label":"Bez kategorii"},{"value":1489,"label":"Pozosta\u0142e"}],"pa_homeawaythird":[{"value":1598,"label":"Away"}],"pa_rozmiar":[{"value":1818,"label":"XL"}]},"featured_image_src_large":["https:\/\/footballthrift.shop\/wp-content\/uploads\/2026\/04\/Photoroom_20260423_115006-1024x1024.jpg",1024,1024,true],"author_info":[],"comment_info":"","_links":{"self":[{"href":"https:\/\/footballthrift.shop\/de\/wp-json\/wp\/v2\/product\/123181","targetHints":{"allow":["GET"]}}],"collection":[{"href":"https:\/\/footballthrift.shop\/de\/wp-json\/wp\/v2\/product"}],"about":[{"href":"https:\/\/footballthrift.shop\/de\/wp-json\/wp\/v2\/types\/product"}],"wp:featuredmedia":[{"embeddable":true,"href":"https:\/\/footballthrift.shop\/de\/wp-json\/wp\/v2\/media\/123213"}],"wp:attachment":[{"href":"https:\/\/footballthrift.shop\/de\/wp-json\/wp\/v2\/media?parent=123181"}],"wp:term":[{"taxonomy":"product_brand","embeddable":true,"href":"https:\/\/footballthrift.shop\/de\/wp-json\/wp\/v2\/product_brand?post=123181"},{"taxonomy":"product_cat","embeddable":true,"href":"https:\/\/footballthrift.shop\/de\/wp-json\/wp\/v2\/product_cat?post=123181"},{"taxonomy":"product_tag","embeddable":true,"href":"https:\/\/footballthrift.shop\/de\/wp-json\/wp\/v2\/product_tag?post=123181"}],"curies":[{"name":"wp","href":"https:\/\/api.w.org\/{rel}","templated":true}]}}