{"id":123179,"date":"2026-04-26T17:57:59","date_gmt":"2026-04-26T15:57:59","guid":{"rendered":"https:\/\/footballthrift.shop\/?post_type=product&#038;p=123179"},"modified":"2026-05-01T10:14:30","modified_gmt":"2026-05-01T08:14:30","slug":"koszulka-bawelniana-ssc-napoli-2017-18-m","status":"publish","type":"product","link":"https:\/\/footballthrift.shop\/de\/koszulka-bawelniana-ssc-napoli-2017-18-m\/","title":{"rendered":"Koszulka bawe\u0142niana SSC Napoli 2017\/18 [M]"},"content":{"rendered":"<p><strong>Verein:<\/strong> SSC Napoli<\/p>\n<p><strong>Saison:<\/strong> 2017\/18<\/p>\n<p><strong>Gr\u00f6\u00dfe: <\/strong>M<\/p>\n<p><strong>Zustand:<\/strong> S\u0142aby &#8211; przebarwienia materia\u0142u na r\u0119kawkach oraz \u015blad po zaszyciu dziurki, brak metek wewn\u0119trznych.<\/p>\n<p><strong>Ma\u00dfe (Achselbreite\/L\u00e4nge) in cm: <\/strong>47\/64<\/p>","protected":false},"excerpt":{"rendered":"<p><strong>Oryginalna koszulka pi\u0142karska SSC Napoli z sezonu 2017\/18 produkcji Kappy.<\/strong><\/p>\n<p>Modell <strong>SSC Napoli<\/strong> aus der Saison <strong>2017\/18<\/strong>hergestellt von <strong>Kappa<\/strong> w rozmiarze M, pochodzi z jednego z najbardziej ekscytuj\u0105cych okres\u00f3w w najnowszej historii klubu. Dru\u017cyna prowadzona przez Maurizio Sarriego walczy\u0142a o mistrzostwo W\u0142och, prezentuj\u0105c ofensywny i efektowny styl gry, kt\u00f3ry zyska\u0142 uznanie w ca\u0142ej Europie.<\/p>\n<p>Koszulka zosta\u0142a wyprodukowana na b\u0142\u0119kitnej bazie, a jej charakterystycznym elementem s\u0105 granatowe wyko\u0144czenia r\u0119kawk\u00f3w, nawi\u0105zuj\u0105ce do barw <strong>SSC Napoli<\/strong>. Die Vorderseite enth\u00e4lt Sponsorenaufdrucke <strong>Lete<\/strong> und <strong>Kimbo<\/strong>, kt\u00f3re stanowi\u0105 centralny punkt projektu. Model utrzymany jest w prostym, funkcjonalnym stylu, typowym dla odzie\u017cy codziennej i treningowej.<\/p>\n<p>Koszulki tego typu by\u0142y wykorzystywane przez sztab szkoleniowy <strong>SSC Napoli<\/strong> podczas trening\u00f3w, konferencji oraz w codziennym u\u017cytkowaniu, stanowi\u0105c element oficjalnej kolekcji klubowej poza boiskiem.<\/p>\n<p>Koszulka zosta\u0142a wykonana z bawe\u0142nianego materia\u0142u, a kr\u00f3j w rozmiarze M odpowiada standardom <strong>Kappy<\/strong>, und bietet den f\u00fcr die Marke charakteristischen Tragekomfort.<\/p>\n<p>F\u00fcr Sammler und Fans, die ein originales Fu\u00dfballtrikot suchen <strong>SSC Napoli<\/strong> aus der Saison <strong>2017\/18<\/strong>, eine der eindrucksvollsten Perioden in der Geschichte des Vereins.<\/p>","protected":false},"featured_media":123199,"template":"","meta":{"_kad_blocks_custom_css":"","_kad_blocks_head_custom_js":"","_kad_blocks_body_custom_js":"","_kad_blocks_footer_custom_js":"","_kad_post_transparent":"default","_kad_post_title":"","_kad_post_layout":"default","_kad_post_sidebar_id":"","_kad_post_content_style":"default","_kad_post_vertical_padding":"default","_kad_post_feature":"","_kad_post_feature_position":"","_kad_post_header":false,"_kad_post_footer":false,"_kad_post_classname":""},"product_brand":[1290],"product_cat":[15,1423,1474],"product_tag":[],"class_list":{"0":"post-123179","1":"product","2":"type-product","3":"status-publish","4":"has-post-thumbnail","6":"product_brand-kappa","7":"product_cat-bez-kategorii","8":"product_cat-kurtkibluzytrening","9":"product_cat-kluby-wloskie-sscnapoli","10":"pa_rozmiar-m","12":"first","13":"instock","14":"sale","15":"taxable","16":"shipping-taxable","17":"purchasable","18":"product-type-simple","19":"entry","20":"content-bg","21":"loop-entry"},"taxonomy_info":{"product_brand":[{"value":1290,"label":"Kappa"}],"product_cat":[{"value":15,"label":"Bez kategorii"},{"value":1423,"label":"Kurtki\/bluzy\/trening"},{"value":1474,"label":"SSC Napoli"}],"pa_rozmiar":[{"value":1816,"label":"M"}]},"featured_image_src_large":["https:\/\/footballthrift.shop\/wp-content\/uploads\/2026\/04\/Photoroom_20260423_114657-1024x1024.jpg",1024,1024,true],"author_info":[],"comment_info":"","_links":{"self":[{"href":"https:\/\/footballthrift.shop\/de\/wp-json\/wp\/v2\/product\/123179","targetHints":{"allow":["GET"]}}],"collection":[{"href":"https:\/\/footballthrift.shop\/de\/wp-json\/wp\/v2\/product"}],"about":[{"href":"https:\/\/footballthrift.shop\/de\/wp-json\/wp\/v2\/types\/product"}],"wp:featuredmedia":[{"embeddable":true,"href":"https:\/\/footballthrift.shop\/de\/wp-json\/wp\/v2\/media\/123199"}],"wp:attachment":[{"href":"https:\/\/footballthrift.shop\/de\/wp-json\/wp\/v2\/media?parent=123179"}],"wp:term":[{"taxonomy":"product_brand","embeddable":true,"href":"https:\/\/footballthrift.shop\/de\/wp-json\/wp\/v2\/product_brand?post=123179"},{"taxonomy":"product_cat","embeddable":true,"href":"https:\/\/footballthrift.shop\/de\/wp-json\/wp\/v2\/product_cat?post=123179"},{"taxonomy":"product_tag","embeddable":true,"href":"https:\/\/footballthrift.shop\/de\/wp-json\/wp\/v2\/product_tag?post=123179"}],"curies":[{"name":"wp","href":"https:\/\/api.w.org\/{rel}","templated":true}]}}