{"id":122843,"date":"2026-04-19T15:59:48","date_gmt":"2026-04-19T13:59:48","guid":{"rendered":"https:\/\/footballthrift.shop\/?post_type=product&#038;p=122843"},"modified":"2026-04-19T15:59:49","modified_gmt":"2026-04-19T13:59:49","slug":"koszulka-bramkarska-template-bnwt-spodenki-1996-97-xxl","status":"publish","type":"product","link":"https:\/\/footballthrift.shop\/de\/koszulka-bramkarska-template-bnwt-spodenki-1996-97-xxl\/","title":{"rendered":"Koszulka bramkarska TEMPLATE BNWT + SPODENKI 1996\/97 [XXL]"},"content":{"rendered":"<p><strong>Saison:<\/strong> 1996\/97<\/p>\n<p><strong>Gr\u00f6\u00dfe: <\/strong>XXL<\/p>\n<p><strong>Zustand:<\/strong> BNWT &#8211; Koszulka oraz spodenki nowe, z metkami.*<\/p>\n<p><strong>Ma\u00dfe (Achselbreite\/L\u00e4nge) in cm: <\/strong>60\/79<\/p>\n<p><strong>Zus\u00e4tzliche Informationen*:<\/strong> spodenki do\u0142\u0105czone do zestawu s\u0105 w rozmiarze XL.<\/p>","protected":false},"excerpt":{"rendered":"<p><strong>Oryginalna bramkarska koszulka pi\u0142karska z sezonu 1996\/97 produkcji Pumy.\u00a0<\/strong><\/p>\n<p>Modell Torwart <strong>Pumas<\/strong> aus der Saison <strong>1996\/97<\/strong> w rozmiarze XXL stanowi przyk\u0142ad popularnego w tamtym okresie wzoru katalogowego, wykorzystywanego przez r\u00f3\u017cne zespo\u0142y i bramkarzy. Zestaw zachowany jest w stanie nowym, z metkami sklepowymi, a dodatkowo zawiera r\u00f3wnie\u017c spodenki, co podkre\u015bla jego kolekcjonerski charakter.<\/p>\n<p>Koszulka zosta\u0142a wyprodukowana na zielonej bazie, pokrytej wyrazistymi, geometrycznymi wzorami typowymi dla projekt\u00f3w <strong>Pumas<\/strong> z lat 90. G\u00f3rna cz\u0119\u015b\u0107 r\u0119kaw\u00f3w oraz ko\u0142nierz utrzymane s\u0105 w granatowej kolorystyce, natomiast dolna cz\u0119\u015b\u0107 r\u0119kaw\u00f3w jest szara, co tworzy kontrastowy i dynamiczny uk\u0142ad. R\u0119kawy wyposa\u017cono w specjalne poduszki ochronne, charakterystyczne dla bramkarskich modeli z tego okresu.<\/p>\n<p>Tego typu koszulki <strong>Pumas<\/strong> by\u0142y szeroko wykorzystywane przez bramkarzy w latach 90., staj\u0105c si\u0119 jednym z najbardziej rozpoznawalnych element\u00f3w estetyki tej dekady i symbolem \u00f3wczesnego podej\u015bcia do designu sprz\u0119tu bramkarskiego.<\/p>\n<p>Das T-Shirt ist aus einem leichten und luftigen Material gefertigt und der XXL-Schnitt entspricht den Standards der <strong>Pumas<\/strong>, und bietet die klassische Passform, die f\u00fcr die Designs der Marke charakteristisch ist.<\/p>\n<p>Dies ist f\u00fcr Sammler und Fans, die ein originales Torwarttrikot suchen <strong>Pumas<\/strong> aus der Saison <strong>1996\/97<\/strong>, stanowi\u0105cej czytelny zapis charakterystycznego stylu projektowego lat 90.<\/p>","protected":false},"featured_media":122904,"template":"","meta":{"_kad_blocks_custom_css":"","_kad_blocks_head_custom_js":"","_kad_blocks_body_custom_js":"","_kad_blocks_footer_custom_js":"","_kad_post_transparent":"default","_kad_post_title":"","_kad_post_layout":"default","_kad_post_sidebar_id":"","_kad_post_content_style":"default","_kad_post_vertical_padding":"default","_kad_post_feature":"","_kad_post_feature_position":"","_kad_post_header":false,"_kad_post_footer":false,"_kad_post_classname":""},"product_brand":[1287],"product_cat":[15,1423],"product_tag":[],"class_list":{"0":"post-122843","1":"product","2":"type-product","3":"status-publish","4":"has-post-thumbnail","6":"product_brand-puma","7":"product_cat-bez-kategorii","8":"product_cat-kurtkibluzytrening","9":"pa_rozmiar-xxl","11":"first","12":"instock","13":"taxable","14":"shipping-taxable","15":"purchasable","16":"product-type-simple","17":"entry","18":"content-bg","19":"loop-entry"},"taxonomy_info":{"product_brand":[{"value":1287,"label":"Puma"}],"product_cat":[{"value":15,"label":"Bez kategorii"},{"value":1423,"label":"Kurtki\/bluzy\/trening"}],"pa_rozmiar":[{"value":1819,"label":"XXL"}]},"featured_image_src_large":["https:\/\/footballthrift.shop\/wp-content\/uploads\/2026\/04\/Photoroom_20260415_134500-1024x1024.jpg",1024,1024,true],"author_info":[],"comment_info":"","_links":{"self":[{"href":"https:\/\/footballthrift.shop\/de\/wp-json\/wp\/v2\/product\/122843","targetHints":{"allow":["GET"]}}],"collection":[{"href":"https:\/\/footballthrift.shop\/de\/wp-json\/wp\/v2\/product"}],"about":[{"href":"https:\/\/footballthrift.shop\/de\/wp-json\/wp\/v2\/types\/product"}],"wp:featuredmedia":[{"embeddable":true,"href":"https:\/\/footballthrift.shop\/de\/wp-json\/wp\/v2\/media\/122904"}],"wp:attachment":[{"href":"https:\/\/footballthrift.shop\/de\/wp-json\/wp\/v2\/media?parent=122843"}],"wp:term":[{"taxonomy":"product_brand","embeddable":true,"href":"https:\/\/footballthrift.shop\/de\/wp-json\/wp\/v2\/product_brand?post=122843"},{"taxonomy":"product_cat","embeddable":true,"href":"https:\/\/footballthrift.shop\/de\/wp-json\/wp\/v2\/product_cat?post=122843"},{"taxonomy":"product_tag","embeddable":true,"href":"https:\/\/footballthrift.shop\/de\/wp-json\/wp\/v2\/product_tag?post=122843"}],"curies":[{"name":"wp","href":"https:\/\/api.w.org\/{rel}","templated":true}]}}