{"id":122836,"date":"2026-04-19T15:59:40","date_gmt":"2026-04-19T13:59:40","guid":{"rendered":"https:\/\/footballthrift.shop\/?post_type=product&#038;p=122836"},"modified":"2026-04-19T15:59:40","modified_gmt":"2026-04-19T13:59:40","slug":"koszulka-pilkarska-match-issue-spal-1994-95-away-13-l","status":"publish","type":"product","link":"https:\/\/footballthrift.shop\/de\/koszulka-pilkarska-match-issue-spal-1994-95-away-13-l\/","title":{"rendered":"Koszulka pi\u0142karska MATCH ISSUE SPAL 1994\/95 Away 13 [L]"},"content":{"rendered":"<p><strong>Verein:<\/strong> SPAL<\/p>\n<p><strong>Saison:<\/strong> 1994\/95 Ausw\u00e4rts<\/p>\n<p><strong>Gr\u00f6\u00dfe: <\/strong>L<\/p>\n<p><strong>Zustand:<\/strong> Sehr gut \u2013 nur wenige Mikro-Einz\u00fcge.<\/p>\n<p><strong>Ma\u00dfe (Achselbreite\/L\u00e4nge) in cm: <\/strong>54\/74<\/p>","protected":false},"excerpt":{"rendered":"<p><strong>Oryginalna domowa koszulka pi\u0142karska SPAL z sezonu 1994\/95 produkcji Asics.\u00a0<\/strong><\/p>\n<p>Heimmodell <strong>SPAL<\/strong> aus der Saison <strong>1994\/95<\/strong>hergestellt von <strong>Asics<\/strong> w rozmiarze L, pochodzi z okresu wyst\u0119p\u00f3w klubu na ni\u017cszych szczeblach w\u0142oskich rozgrywek. Dru\u017cyna z Ferrary, mimo ograniczonych mo\u017cliwo\u015bci finansowych, utrzymywa\u0142a swoj\u0105 to\u017csamo\u015b\u0107 i przywi\u0105zanie do lokalnych tradycji.<\/p>\n<p>Koszulka zosta\u0142a wyprodukowana na czerwonej bazie, a jej najbardziej charakterystycznym elementem jest pionowy pas w kolorach bia\u0142o-niebieskich umieszczony po lewej stronie frontu, nawi\u0105zuj\u0105cy do barw <strong>SPAL<\/strong>. Na froncie znajduje si\u0119 nadruk sponsora, stanowi\u0105cy integraln\u0105 cz\u0119\u015b\u0107 projektu. Na plecach widnieje numer 13, co wskazuje na wersj\u0119 meczow\u0105 koszulki, dlatego model oznaczony jest jako <strong>MATCH-AUSGABE<\/strong>.<\/p>\n<p><strong>SPAL<\/strong> to klub o d\u0142ugiej historii, si\u0119gaj\u0105cej pocz\u0105tku XX wieku, kt\u00f3ry przez lata wyst\u0119powa\u0142 zar\u00f3wno w Serie A, jak i w ni\u017cszych ligach, b\u0119d\u0105c wa\u017cnym elementem w\u0142oskiej pi\u0142ki regionalnej. Najwi\u0119ksze sukcesy przypad\u0142y na lata 50. i 60., kiedy dru\u017cyna rywalizowa\u0142a na najwy\u017cszym poziomie i by\u0142a znana z pracy z m\u0142odymi zawodnikami.<\/p>\n<p>Das T-Shirt ist aus einem leichten und luftigen Material gefertigt und der Schnitt in Gr\u00f6\u00dfe L entspricht den Standards der <strong>Asics<\/strong>, und bietet die klassische Passform, die f\u00fcr die Designs der Marke charakteristisch ist.<\/p>\n<p>F\u00fcr Sammler und Fans, die ein originales Heimtrikot suchen <strong>SPAL<\/strong> aus der Saison <strong>1994\/95<\/strong>, stanowi\u0105cej czytelny zapis historii jednego z tradycyjnych w\u0142oskich klub\u00f3w.<\/p>","protected":false},"featured_media":123067,"template":"","meta":{"_kad_blocks_custom_css":"","_kad_blocks_head_custom_js":"","_kad_blocks_body_custom_js":"","_kad_blocks_footer_custom_js":"","_kad_post_transparent":"default","_kad_post_title":"","_kad_post_layout":"default","_kad_post_sidebar_id":"","_kad_post_content_style":"default","_kad_post_vertical_padding":"default","_kad_post_feature":"","_kad_post_feature_position":"","_kad_post_header":false,"_kad_post_footer":false,"_kad_post_classname":""},"product_brand":[1291],"product_cat":[15,1409,1480],"product_tag":[],"class_list":{"0":"post-122836","1":"product","2":"type-product","3":"status-publish","4":"has-post-thumbnail","6":"product_brand-asics","7":"product_cat-bez-kategorii","8":"product_cat-match-worn-issue","9":"product_cat-pozostale-kluby-wloskie","10":"pa_homeawaythird-away","11":"pa_rozmiar-l","13":"first","14":"instock","15":"taxable","16":"shipping-taxable","17":"purchasable","18":"product-type-simple","19":"entry","20":"content-bg","21":"loop-entry"},"taxonomy_info":{"product_brand":[{"value":1291,"label":"Asics"}],"product_cat":[{"value":15,"label":"Bez kategorii"},{"value":1409,"label":"MATCH WORN &amp; ISSUE"},{"value":1480,"label":"Pozosta\u0142e kluby w\u0142oskie"}],"pa_homeawaythird":[{"value":1598,"label":"Away"}],"pa_rozmiar":[{"value":1817,"label":"L"}]},"featured_image_src_large":["https:\/\/footballthrift.shop\/wp-content\/uploads\/2026\/04\/Photoroom_20260415_135409-1024x1024.jpg",1024,1024,true],"author_info":[],"comment_info":"","_links":{"self":[{"href":"https:\/\/footballthrift.shop\/de\/wp-json\/wp\/v2\/product\/122836","targetHints":{"allow":["GET"]}}],"collection":[{"href":"https:\/\/footballthrift.shop\/de\/wp-json\/wp\/v2\/product"}],"about":[{"href":"https:\/\/footballthrift.shop\/de\/wp-json\/wp\/v2\/types\/product"}],"wp:featuredmedia":[{"embeddable":true,"href":"https:\/\/footballthrift.shop\/de\/wp-json\/wp\/v2\/media\/123067"}],"wp:attachment":[{"href":"https:\/\/footballthrift.shop\/de\/wp-json\/wp\/v2\/media?parent=122836"}],"wp:term":[{"taxonomy":"product_brand","embeddable":true,"href":"https:\/\/footballthrift.shop\/de\/wp-json\/wp\/v2\/product_brand?post=122836"},{"taxonomy":"product_cat","embeddable":true,"href":"https:\/\/footballthrift.shop\/de\/wp-json\/wp\/v2\/product_cat?post=122836"},{"taxonomy":"product_tag","embeddable":true,"href":"https:\/\/footballthrift.shop\/de\/wp-json\/wp\/v2\/product_tag?post=122836"}],"curies":[{"name":"wp","href":"https:\/\/api.w.org\/{rel}","templated":true}]}}