{"id":122831,"date":"2026-04-19T15:59:42","date_gmt":"2026-04-19T13:59:42","guid":{"rendered":"https:\/\/footballthrift.shop\/?post_type=product&#038;p=122831"},"modified":"2026-04-19T15:59:42","modified_gmt":"2026-04-19T13:59:42","slug":"koszulka-pilkarska-bnwt-rangers-fc-2002-03-home-3xl","status":"publish","type":"product","link":"https:\/\/footballthrift.shop\/de\/koszulka-pilkarska-bnwt-rangers-fc-2002-03-home-3xl\/","title":{"rendered":"Koszulka pi\u0142karska BNWT Rangers FC 2002\/03 Home [3XL]"},"content":{"rendered":"<p><strong>Verein:<\/strong> Rangers FC<\/p>\n<p><strong>Saison:<\/strong> 2002\/03 Heim<\/p>\n<p><strong>Gr\u00f6\u00dfe: <\/strong>3XL<\/p>\n<p><strong>Zustand:<\/strong> BNWT - T-shirt neu, mit Etiketten.<\/p>\n<p><strong>Ma\u00dfe (Achselbreite\/L\u00e4nge) in cm: <\/strong>69\/80(prz\u00f3d), 89(ty\u0142)<\/p>","protected":false},"excerpt":{"rendered":"<p><strong>Oryginalna domowa koszulka pi\u0142karska Rangers FC z sezonu 2002\/03 produkcji Diadory.\u00a0<\/strong><\/p>\n<p>Heimmodell <strong>Rangers FC<\/strong> aus der Saison <strong>2002\/03<\/strong>hergestellt von <strong>Diadora<\/strong> w rozmiarze 3XL, pochodzi z jednego z najbardziej udanych okres\u00f3w klubu na pocz\u0105tku XXI wieku. Dru\u017cyna si\u0119gn\u0119\u0142a w\u00f3wczas po mistrzostwo Szkocji, potwierdzaj\u0105c swoj\u0105 dominacj\u0119 na krajowym podw\u00f3rku.<\/p>\n<p>Koszulka zosta\u0142a wyprodukowana na klasycznej niebieskiej bazie, a jej charakterystycznym elementem jest subtelny wz\u00f3r na froncie, nadaj\u0105cy projektowi g\u0142\u0119bi i elegancji. Ca\u0142o\u015b\u0107 uzupe\u0142nia ko\u0142nierzyk typu polo z czerwonym wyko\u0144czeniem oraz nadruk sponsora <strong>NTL Home<\/strong>, umieszczony centralnie i wyra\u017anie widoczny na koszulce.<\/p>\n<p>In der Saison 2002\/03 wurden die Farben <strong>Rangers FC<\/strong> vertreten u.a. durch. <strong>Barry Ferguson<\/strong>, b\u0119d\u0105cy liderem \u015brodka pola, <strong>Lorenzo Amoruso<\/strong>, kluczowa posta\u0107 defensywy, oraz <strong>Shota Arveladze<\/strong>, odpowiadaj\u0105cy za skuteczno\u015b\u0107 w ofensywie. Dru\u017cyna imponowa\u0142a organizacj\u0105 gry i konsekwencj\u0105, co prze\u0142o\u017cy\u0142o si\u0119 na zdobycie tytu\u0142u mistrzowskiego.<\/p>\n<p>Das T-Shirt ist aus leichtem und luftigem Material gefertigt und der Schnitt in Gr\u00f6\u00dfe 3XL entspricht den Standards der <strong>Diadory<\/strong>, zapewniaj\u0105c klasyczne dopasowanie charakterystyczne dla projekt\u00f3w tej marki. Egzemplarz zachowany jest w stanie nowym, z przypi\u0119tymi metkami sklepowymi, co znacz\u0105co podnosi jego warto\u015b\u0107 kolekcjonersk\u0105.<\/p>\n<p>F\u00fcr Sammler und Fans, die ein originales Heimtrikot suchen <strong>Rangers FC<\/strong> aus der Saison <strong>2002\/03<\/strong>, die die Meisterschaftssaison des Vereins deutlich dokumentiert.<\/p>","protected":false},"featured_media":123038,"template":"","meta":{"_kad_blocks_custom_css":"","_kad_blocks_head_custom_js":"","_kad_blocks_body_custom_js":"","_kad_blocks_footer_custom_js":"","_kad_post_transparent":"default","_kad_post_title":"","_kad_post_layout":"default","_kad_post_sidebar_id":"","_kad_post_content_style":"default","_kad_post_vertical_padding":"default","_kad_post_feature":"","_kad_post_feature_position":"","_kad_post_header":false,"_kad_post_footer":false,"_kad_post_classname":""},"product_brand":[1289],"product_cat":[15,1491],"product_tag":[],"class_list":{"0":"post-122831","1":"product","2":"type-product","3":"status-publish","4":"has-post-thumbnail","6":"product_brand-diadora","7":"product_cat-bez-kategorii","8":"product_cat-kluby-szkockie","9":"pa_homeawaythird-home","10":"pa_rozmiar-3xl","12":"first","13":"instock","14":"taxable","15":"shipping-taxable","16":"purchasable","17":"product-type-simple","18":"entry","19":"content-bg","20":"loop-entry"},"taxonomy_info":{"product_brand":[{"value":1289,"label":"Diadora"}],"product_cat":[{"value":15,"label":"Bez kategorii"},{"value":1491,"label":"Szkocja"}],"pa_homeawaythird":[{"value":1597,"label":"Home"}],"pa_rozmiar":[{"value":1943,"label":"3XL"}]},"featured_image_src_large":["https:\/\/footballthrift.shop\/wp-content\/uploads\/2026\/04\/Photoroom_20260415_135202-1024x1024.jpg",1024,1024,true],"author_info":[],"comment_info":"","_links":{"self":[{"href":"https:\/\/footballthrift.shop\/de\/wp-json\/wp\/v2\/product\/122831","targetHints":{"allow":["GET"]}}],"collection":[{"href":"https:\/\/footballthrift.shop\/de\/wp-json\/wp\/v2\/product"}],"about":[{"href":"https:\/\/footballthrift.shop\/de\/wp-json\/wp\/v2\/types\/product"}],"wp:featuredmedia":[{"embeddable":true,"href":"https:\/\/footballthrift.shop\/de\/wp-json\/wp\/v2\/media\/123038"}],"wp:attachment":[{"href":"https:\/\/footballthrift.shop\/de\/wp-json\/wp\/v2\/media?parent=122831"}],"wp:term":[{"taxonomy":"product_brand","embeddable":true,"href":"https:\/\/footballthrift.shop\/de\/wp-json\/wp\/v2\/product_brand?post=122831"},{"taxonomy":"product_cat","embeddable":true,"href":"https:\/\/footballthrift.shop\/de\/wp-json\/wp\/v2\/product_cat?post=122831"},{"taxonomy":"product_tag","embeddable":true,"href":"https:\/\/footballthrift.shop\/de\/wp-json\/wp\/v2\/product_tag?post=122831"}],"curies":[{"name":"wp","href":"https:\/\/api.w.org\/{rel}","templated":true}]}}