{"id":122829,"date":"2026-04-19T15:59:48","date_gmt":"2026-04-19T13:59:48","guid":{"rendered":"https:\/\/footballthrift.shop\/?post_type=product&#038;p=122829"},"modified":"2026-04-21T12:31:35","modified_gmt":"2026-04-21T10:31:35","slug":"koszulka-bramkarska-template-bnwt-parma-fc-1996-97-xxl","status":"publish","type":"product","link":"https:\/\/footballthrift.shop\/de\/koszulka-bramkarska-template-bnwt-parma-fc-1996-97-xxl\/","title":{"rendered":"Koszulka bramkarska TEMPLATE BNWT Parma Calcio 1996\/97 [XXL]"},"content":{"rendered":"<p><strong>Verein:<\/strong> Parma Calcio<\/p>\n<p><strong>Saison:<\/strong> 1996\/97<\/p>\n<p><strong>Gr\u00f6\u00dfe: <\/strong>XXL<\/p>\n<p><strong>Zustand:<\/strong> BNWT - T-shirt neu, mit Etiketten.<\/p>\n<p><strong>Ma\u00dfe (Achselbreite\/L\u00e4nge) in cm: <\/strong>62\/78<\/p>","protected":false},"excerpt":{"rendered":"<p><strong>Oryginalna bramkarska koszulka pi\u0142karska z sezonu 1996\/97 produkcji Pumy.\u00a0<\/strong><\/p>\n<p>Modell Torwart <strong>Pumas<\/strong> aus der Saison <strong>1996\/97<\/strong> w rozmiarze XXL stanowi przyk\u0142ad popularnego w tamtym okresie wzoru katalogowego, wykorzystywanego przez wiele klub\u00f3w, m.in. <strong>Parma<\/strong>. Zestaw zachowany jest w stanie nowym, z metkami sklepowymi.<\/p>\n<p>Koszulka zosta\u0142a wyprodukowana w r\u00f3\u017cnych odcieniach szaro\u015bci, a jej najbardziej charakterystycznym elementem s\u0105 \u017c\u00f3\u0142te wzory na froncie uk\u0142adaj\u0105ce si\u0119 w motyw gwiazdek, typowy dla odwa\u017cnych projekt\u00f3w <strong>Pumas<\/strong> z lat 90. R\u0119kawy wyposa\u017cone s\u0105 w specjalne poduszki ochronne dla bramkarzy, co podkre\u015bla jej funkcjonalny, meczowy charakter.<\/p>\n<p>Tego typu projekty <strong>Pumas<\/strong> by\u0142y szeroko stosowane w tamtym okresie i do dzi\u015b uchodz\u0105 za jedne z najbardziej rozpoznawalnych wzor\u00f3w bramkarskich lat 90., \u0142\u0105cz\u0105c wyrazisty design z praktycznymi rozwi\u0105zaniami dla zawodnik\u00f3w.<\/p>\n<p>Das T-Shirt ist aus einem leichten und luftigen Material gefertigt und der XXL-Schnitt entspricht den Standards der <strong>Pumas<\/strong>, und bietet die klassische Passform, die f\u00fcr die Designs der Marke charakteristisch ist.<\/p>\n<p>Dies ist f\u00fcr Sammler und Fans, die ein originales Torwarttrikot suchen <strong>Pumas<\/strong> aus der Saison <strong>1996\/97<\/strong>, stanowi\u0105cej czytelny zapis charakterystycznego stylu projektowego lat 90.<\/p>","protected":false},"featured_media":122911,"template":"","meta":{"_kad_blocks_custom_css":"","_kad_blocks_head_custom_js":"","_kad_blocks_body_custom_js":"","_kad_blocks_footer_custom_js":"","_kad_post_transparent":"default","_kad_post_title":"","_kad_post_layout":"default","_kad_post_sidebar_id":"","_kad_post_content_style":"default","_kad_post_vertical_padding":"default","_kad_post_feature":"","_kad_post_feature_position":"","_kad_post_header":false,"_kad_post_footer":false,"_kad_post_classname":""},"product_brand":[1287],"product_cat":[15,1423,1480],"product_tag":[],"class_list":{"0":"post-122829","1":"product","2":"type-product","3":"status-publish","4":"has-post-thumbnail","6":"product_brand-puma","7":"product_cat-bez-kategorii","8":"product_cat-kurtkibluzytrening","9":"product_cat-pozostale-kluby-wloskie","10":"pa_rozmiar-xxl","12":"first","13":"instock","14":"taxable","15":"shipping-taxable","16":"purchasable","17":"product-type-simple","18":"entry","19":"content-bg","20":"loop-entry"},"taxonomy_info":{"product_brand":[{"value":1287,"label":"Puma"}],"product_cat":[{"value":15,"label":"Bez kategorii"},{"value":1423,"label":"Kurtki\/bluzy\/trening"},{"value":1480,"label":"Pozosta\u0142e kluby w\u0142oskie"}],"pa_rozmiar":[{"value":1819,"label":"XXL"}]},"featured_image_src_large":["https:\/\/footballthrift.shop\/wp-content\/uploads\/2026\/04\/Photoroom_20260415_134543-1024x1024.jpg",1024,1024,true],"author_info":[],"comment_info":"","_links":{"self":[{"href":"https:\/\/footballthrift.shop\/de\/wp-json\/wp\/v2\/product\/122829","targetHints":{"allow":["GET"]}}],"collection":[{"href":"https:\/\/footballthrift.shop\/de\/wp-json\/wp\/v2\/product"}],"about":[{"href":"https:\/\/footballthrift.shop\/de\/wp-json\/wp\/v2\/types\/product"}],"wp:featuredmedia":[{"embeddable":true,"href":"https:\/\/footballthrift.shop\/de\/wp-json\/wp\/v2\/media\/122911"}],"wp:attachment":[{"href":"https:\/\/footballthrift.shop\/de\/wp-json\/wp\/v2\/media?parent=122829"}],"wp:term":[{"taxonomy":"product_brand","embeddable":true,"href":"https:\/\/footballthrift.shop\/de\/wp-json\/wp\/v2\/product_brand?post=122829"},{"taxonomy":"product_cat","embeddable":true,"href":"https:\/\/footballthrift.shop\/de\/wp-json\/wp\/v2\/product_cat?post=122829"},{"taxonomy":"product_tag","embeddable":true,"href":"https:\/\/footballthrift.shop\/de\/wp-json\/wp\/v2\/product_tag?post=122829"}],"curies":[{"name":"wp","href":"https:\/\/api.w.org\/{rel}","templated":true}]}}