{"id":122827,"date":"2026-04-19T15:59:43","date_gmt":"2026-04-19T13:59:43","guid":{"rendered":"https:\/\/footballthrift.shop\/?post_type=product&#038;p=122827"},"modified":"2026-04-19T15:59:43","modified_gmt":"2026-04-19T13:59:43","slug":"koszulka-pilkarska-newcastle-united-fc-2018-19-home-xxl","status":"publish","type":"product","link":"https:\/\/footballthrift.shop\/de\/koszulka-pilkarska-newcastle-united-fc-2018-19-home-xxl\/","title":{"rendered":"Koszulka pi\u0142karska Newcastle United FC 2018\/19 Home [XXL]"},"content":{"rendered":"<p><strong>Verein:<\/strong> Newcastle United FC<\/p>\n<p><strong>Saison:<\/strong> 2018\/19 Heim<\/p>\n<p><strong>Gr\u00f6\u00dfe: <\/strong>XXL<\/p>\n<p><strong>Zustand:<\/strong> Dobry &#8211; nieco zmechacony materia\u0142 na plecach.<\/p>\n<p><strong>Ma\u00dfe (Achselbreite\/L\u00e4nge) in cm: <\/strong>60\/76<\/p>","protected":false},"excerpt":{"rendered":"<p><strong>Oryginalna domowa koszulka pi\u0142karska Newcastle United FC z sezonu 2018\/19 produkcji Pumy.\u00a0<\/strong><\/p>\n<p>Heimmodell <strong>Newcastle United FC<\/strong> aus der Saison <strong>2018\/19<\/strong>hergestellt von <strong>Puma<\/strong> w rozmiarze XXL, pochodzi z okresu stabilizacji klubu w Premier League pod wodz\u0105 Rafy Ben\u00edteza. Dru\u017cyna zako\u0144czy\u0142a rozgrywki w \u015brodku tabeli, prezentuj\u0105c zdyscyplinowany styl gry i skuteczno\u015b\u0107 w kluczowych momentach sezonu.<\/p>\n<p>Koszulka zosta\u0142a wyprodukowana w klasycznym uk\u0142adzie bia\u0142o-czarnych pionowych pas\u00f3w, b\u0119d\u0105cych znakiem rozpoznawczym <strong>Newcastle United FC<\/strong>. Na froncie centralnie umieszczony zosta\u0142 nadruk sponsora <strong>Spa\u00df88<\/strong>, kt\u00f3ry wyra\u017anie kontrastuje z klubowymi barwami i stanowi g\u0142\u00f3wny element projektu, utrzymanego w tradycyjnej stylistyce <strong>Pumas<\/strong>.<\/p>\n<p>F\u00fcr die Saison 2018\/19 werden die Farben <strong>Newcastle United FC<\/strong> vertreten u.a. durch. <strong>Salom\u00f3n Rond\u00f3n<\/strong>, odpowiadaj\u0105cy za skuteczno\u015b\u0107 w ofensywie, <strong>Ayoze P\u00e9rez<\/strong>, jeden z najwa\u017cniejszych zawodnik\u00f3w zespo\u0142u, oraz <strong>Martin D\u00fabravka<\/strong>, b\u0119d\u0105cy pewnym punktem mi\u0119dzy s\u0142upkami. Dru\u017cyna wyr\u00f3\u017cnia\u0142a si\u0119 dobr\u0105 organizacj\u0105 gry i konsekwencj\u0105 taktyczn\u0105.<\/p>\n<p>Das T-Shirt ist aus einem leichten und luftigen Material gefertigt und der XXL-Schnitt entspricht den Standards der <strong>Pumas<\/strong>, und bietet die klassische Passform, die f\u00fcr die Designs der Marke charakteristisch ist.<\/p>\n<p>F\u00fcr Sammler und Fans, die ein originales Heimtrikot suchen <strong>Newcastle United FC<\/strong> aus der Saison <strong>2018\/19<\/strong>, stanowi\u0105cej czytelny zapis stabilnego okresu klubu w Premier League.<\/p>","protected":false},"featured_media":123022,"template":"","meta":{"_kad_blocks_custom_css":"","_kad_blocks_head_custom_js":"","_kad_blocks_body_custom_js":"","_kad_blocks_footer_custom_js":"","_kad_post_transparent":"default","_kad_post_title":"","_kad_post_layout":"default","_kad_post_sidebar_id":"","_kad_post_content_style":"default","_kad_post_vertical_padding":"default","_kad_post_feature":"","_kad_post_feature_position":"","_kad_post_header":false,"_kad_post_footer":false,"_kad_post_classname":""},"product_brand":[1287],"product_cat":[15,2031],"product_tag":[],"class_list":{"0":"post-122827","1":"product","2":"type-product","3":"status-publish","4":"has-post-thumbnail","6":"product_brand-puma","7":"product_cat-bez-kategorii","8":"product_cat-newcastle-united-fc","9":"pa_homeawaythird-home","10":"pa_rozmiar-xxl","12":"first","13":"instock","14":"taxable","15":"shipping-taxable","16":"purchasable","17":"product-type-simple","18":"entry","19":"content-bg","20":"loop-entry"},"taxonomy_info":{"product_brand":[{"value":1287,"label":"Puma"}],"product_cat":[{"value":15,"label":"Bez kategorii"},{"value":2031,"label":"Newcastle United FC"}],"pa_homeawaythird":[{"value":1597,"label":"Home"}],"pa_rozmiar":[{"value":1819,"label":"XXL"}]},"featured_image_src_large":["https:\/\/footballthrift.shop\/wp-content\/uploads\/2026\/04\/Photoroom_20260415_135027-1024x1024.jpg",1024,1024,true],"author_info":[],"comment_info":"","_links":{"self":[{"href":"https:\/\/footballthrift.shop\/de\/wp-json\/wp\/v2\/product\/122827","targetHints":{"allow":["GET"]}}],"collection":[{"href":"https:\/\/footballthrift.shop\/de\/wp-json\/wp\/v2\/product"}],"about":[{"href":"https:\/\/footballthrift.shop\/de\/wp-json\/wp\/v2\/types\/product"}],"wp:featuredmedia":[{"embeddable":true,"href":"https:\/\/footballthrift.shop\/de\/wp-json\/wp\/v2\/media\/123022"}],"wp:attachment":[{"href":"https:\/\/footballthrift.shop\/de\/wp-json\/wp\/v2\/media?parent=122827"}],"wp:term":[{"taxonomy":"product_brand","embeddable":true,"href":"https:\/\/footballthrift.shop\/de\/wp-json\/wp\/v2\/product_brand?post=122827"},{"taxonomy":"product_cat","embeddable":true,"href":"https:\/\/footballthrift.shop\/de\/wp-json\/wp\/v2\/product_cat?post=122827"},{"taxonomy":"product_tag","embeddable":true,"href":"https:\/\/footballthrift.shop\/de\/wp-json\/wp\/v2\/product_tag?post=122827"}],"curies":[{"name":"wp","href":"https:\/\/api.w.org\/{rel}","templated":true}]}}