{"id":122826,"date":"2026-04-19T15:59:43","date_gmt":"2026-04-19T13:59:43","guid":{"rendered":"https:\/\/footballthrift.shop\/?post_type=product&#038;p=122826"},"modified":"2026-04-19T15:59:44","modified_gmt":"2026-04-19T13:59:44","slug":"koszulka-pilkarska-spodenki-jugoslawia-2002-03-home-xxl","status":"publish","type":"product","link":"https:\/\/footballthrift.shop\/de\/koszulka-pilkarska-spodenki-jugoslawia-2002-03-home-xxl\/","title":{"rendered":"Koszulka pi\u0142karska + SPODENKI Jugos\u0142awia 2002\/03 Home [XXL]"},"content":{"rendered":"<p><strong>Verein:<\/strong> Jugos\u0142awia<\/p>\n<p><strong>Saison:<\/strong> 2002\/03 Heim<\/p>\n<p><strong>Gr\u00f6\u00dfe: <\/strong>XXL<\/p>\n<p><strong>Zustand:<\/strong> Sehr gut - ein paar Mikrostiche.<\/p>\n<p><strong>Ma\u00dfe (Achselbreite\/L\u00e4nge) in cm: <\/strong>63\/78<\/p>","protected":false},"excerpt":{"rendered":"<p><strong>Oryginalna domowa koszulka pi\u0142karska reprezentacji Jugos\u0142awii z sezonu 2002\/03 produkcji Lotto.\u00a0<\/strong><\/p>\n<p>Heimmodell <strong>reprezentacji Jugos\u0142awii<\/strong> aus der Saison <strong>2002\/03<\/strong>hergestellt von <strong>Lotto<\/strong> w rozmiarze XXL, pochodzi z ko\u0144cowego etapu funkcjonowania tej reprezentacji pod t\u0105 nazw\u0105. By\u0142 to okres przej\u015bciowy w historii dru\u017cyny, kt\u00f3ra wkr\u00f3tce zosta\u0142a przekszta\u0142cona w reprezentacj\u0119 Serbii i Czarnog\u00f3ry.<\/p>\n<p>Koszulka zosta\u0142a wyprodukowana na niebieskiej bazie, a jej charakterystycznym elementem s\u0105 bia\u0142e wyko\u0144czenia ko\u0142nierza oraz r\u0119kawk\u00f3w, nadaj\u0105ce projektowi klasyczny wygl\u0105d. Na piersi oraz na r\u0119kawkach widoczne s\u0105 czerwone logotypy <strong>Lotto<\/strong>, kt\u00f3re kontrastuj\u0105 z baz\u0105 i podkre\u015blaj\u0105 stylistyk\u0119 projekt\u00f3w tej marki z pocz\u0105tku lat 2000. Zestaw uzupe\u0142niaj\u0105 spodenki, tworz\u0105c pe\u0142ny komplet meczowy.<\/p>\n<p>In diesem Zeitraum wurden die Farben <strong>reprezentacji Jugos\u0142awii<\/strong> reprezentowali m.in. zawodnicy wywodz\u0105cy si\u0119 z silnej szko\u0142y pi\u0142karskiej regionu, kt\u00f3rzy w kolejnych latach kontynuowali kariery ju\u017c pod now\u0105 federacj\u0105, zachowuj\u0105c charakterystyczny styl gry oparty na technice i indywidualnych umiej\u0119tno\u015bciach.<\/p>\n<p>Das T-Shirt ist aus einem leichten und luftigen Material gefertigt und der XXL-Schnitt entspricht den Standards der <strong>Lotto<\/strong>, und bietet die klassische Passform, die f\u00fcr die Designs der Marke charakteristisch ist.<\/p>\n<p>F\u00fcr Sammler und Fans, die ein originales Heimtrikot suchen <strong>reprezentacji Jugos\u0142awii<\/strong> aus der Saison <strong>2002\/03<\/strong>, stanowi\u0105cej czytelny zapis ko\u0144cowego etapu jej historii.<\/p>","protected":false},"featured_media":123013,"template":"","meta":{"_kad_blocks_custom_css":"","_kad_blocks_head_custom_js":"","_kad_blocks_body_custom_js":"","_kad_blocks_footer_custom_js":"","_kad_post_transparent":"default","_kad_post_title":"","_kad_post_layout":"default","_kad_post_sidebar_id":"","_kad_post_content_style":"default","_kad_post_vertical_padding":"default","_kad_post_feature":"","_kad_post_feature_position":"","_kad_post_header":false,"_kad_post_footer":false,"_kad_post_classname":""},"product_brand":[1297],"product_cat":[15,1489],"product_tag":[],"class_list":{"0":"post-122826","1":"product","2":"type-product","3":"status-publish","4":"has-post-thumbnail","6":"product_brand-lotto","7":"product_cat-bez-kategorii","8":"product_cat-pozostale-reprezentacje-europa","9":"pa_homeawaythird-home","10":"pa_rozmiar-xxl","12":"first","13":"instock","14":"taxable","15":"shipping-taxable","16":"purchasable","17":"product-type-simple","18":"entry","19":"content-bg","20":"loop-entry"},"taxonomy_info":{"product_brand":[{"value":1297,"label":"Lotto"}],"product_cat":[{"value":15,"label":"Bez kategorii"},{"value":1489,"label":"Pozosta\u0142e"}],"pa_homeawaythird":[{"value":1597,"label":"Home"}],"pa_rozmiar":[{"value":1819,"label":"XXL"}]},"featured_image_src_large":["https:\/\/footballthrift.shop\/wp-content\/uploads\/2026\/04\/Photoroom_20260415_135534-1024x1024.jpg",1024,1024,true],"author_info":[],"comment_info":"","_links":{"self":[{"href":"https:\/\/footballthrift.shop\/de\/wp-json\/wp\/v2\/product\/122826","targetHints":{"allow":["GET"]}}],"collection":[{"href":"https:\/\/footballthrift.shop\/de\/wp-json\/wp\/v2\/product"}],"about":[{"href":"https:\/\/footballthrift.shop\/de\/wp-json\/wp\/v2\/types\/product"}],"wp:featuredmedia":[{"embeddable":true,"href":"https:\/\/footballthrift.shop\/de\/wp-json\/wp\/v2\/media\/123013"}],"wp:attachment":[{"href":"https:\/\/footballthrift.shop\/de\/wp-json\/wp\/v2\/media?parent=122826"}],"wp:term":[{"taxonomy":"product_brand","embeddable":true,"href":"https:\/\/footballthrift.shop\/de\/wp-json\/wp\/v2\/product_brand?post=122826"},{"taxonomy":"product_cat","embeddable":true,"href":"https:\/\/footballthrift.shop\/de\/wp-json\/wp\/v2\/product_cat?post=122826"},{"taxonomy":"product_tag","embeddable":true,"href":"https:\/\/footballthrift.shop\/de\/wp-json\/wp\/v2\/product_tag?post=122826"}],"curies":[{"name":"wp","href":"https:\/\/api.w.org\/{rel}","templated":true}]}}