{"id":122821,"date":"2026-04-19T15:59:46","date_gmt":"2026-04-19T13:59:46","guid":{"rendered":"https:\/\/footballthrift.shop\/?post_type=product&#038;p=122821"},"modified":"2026-04-19T15:59:46","modified_gmt":"2026-04-19T13:59:46","slug":"kurtka-rozgrzewkowa-chicago-bulls-1995-97-xxl","status":"publish","type":"product","link":"https:\/\/footballthrift.shop\/de\/kurtka-rozgrzewkowa-chicago-bulls-1995-97-xxl\/","title":{"rendered":"Kurtka rozgrzewkowa Chicago Bulls 1995\/97 [XXL]"},"content":{"rendered":"<p><strong>Verein:<\/strong> Chicago Bulls<\/p>\n<p><strong>Saison:<\/strong> 1995\/97<\/p>\n<p><strong>Gr\u00f6\u00dfe: <\/strong>XXL<\/p>\n<p><strong>Zustand:<\/strong> Dobry &#8211; niewielka plamka na froncie oraz nieco zmechacony materia\u0142.<\/p>\n<p><strong>Ma\u00dfe (Achselbreite\/L\u00e4nge) in cm: <\/strong>73\/80<\/p>","protected":false},"excerpt":{"rendered":"<p><strong>Oryginalna kurtka pi\u0142karska rozgrzewkowa Chicago Bulls z lat 1995\/97 produkcji Championa.\u00a0<\/strong><\/p>\n<p>Model rozgrzewkowy <strong>Chicago Bulls<\/strong> im Laufe der Jahre <strong>1995\/97<\/strong>hergestellt von <strong>Meister<\/strong> w rozmiarze XXL, pochodzi z najbardziej ikonicznego okresu w historii NBA, kiedy dru\u017cyna zdominowa\u0142a lig\u0119, zdobywaj\u0105c kolejne mistrzostwa. To w\u0142a\u015bnie w tych latach zesp\u00f3\u0142 prowadzony przez <strong>Michael Jordan<\/strong> budowa\u0142 swoj\u0105 legend\u0119 i status jednej z najlepszych ekip wszech czas\u00f3w.<\/p>\n<p>Kurtka zosta\u0142a wyprodukowana na czerwonej bazie, a jej charakterystycznym elementem s\u0105 bia\u0142e r\u0119kawy z lampasami, na kt\u00f3rych widniej\u0105 nazwa <strong>Chicago Bulls<\/strong> oraz logo NBA. Ca\u0142o\u015b\u0107 uzupe\u0142niaj\u0105 czarne wyko\u0144czenia ko\u0142nierza i r\u0119kawk\u00f3w, a konstrukcja obejmuje zar\u00f3wno zamek b\u0142yskawiczny, jak i guziki, co podkre\u015bla klasyczny, sportowy styl projekt\u00f3w <strong>Meister<\/strong> aus den 1990er Jahren.<\/p>\n<p>In diesem Zeitraum wurden die Farben <strong>Chicago Bulls<\/strong> vertreten u.a. durch. <strong>Michael Jordan<\/strong>, lider dru\u017cyny i jedna z najwi\u0119kszych ikon sportu, <strong>Scottie Pippen<\/strong>, kluczowe wsparcie w ofensywie i defensywie, oraz <strong>Dennis Rodman<\/strong>, odpowiadaj\u0105cy za zbi\u00f3rki i fizyczno\u015b\u0107 zespo\u0142u. To w\u0142a\u015bnie w takich kompletach dru\u017cyna wychodzi\u0142a na parkiet podczas rozgrzewek i przedmeczowych prezentacji.<\/p>\n<p>Kurtka zosta\u0142a wykonana z trwa\u0142ego materia\u0142u, a kr\u00f3j w rozmiarze XXL odpowiada standardom <strong>Meister<\/strong>, oferuj\u0105c lu\u017ane, szerokie dopasowanie charakterystyczne dla odzie\u017cy z tamtego okresu.<\/p>\n<p>F\u00fcr Sammler und Fans, die eine originale Fu\u00dfballjacke suchen <strong>Chicago Bulls<\/strong> im Laufe der Jahre <strong>1995\/97<\/strong>, stanowi\u0105cej czytelny zapis z\u0142otej ery zespo\u0142u i dominacji w NBA.<\/p>","protected":false},"featured_media":122967,"template":"","meta":{"_kad_blocks_custom_css":"","_kad_blocks_head_custom_js":"","_kad_blocks_body_custom_js":"","_kad_blocks_footer_custom_js":"","_kad_post_transparent":"default","_kad_post_title":"","_kad_post_layout":"default","_kad_post_sidebar_id":"","_kad_post_content_style":"default","_kad_post_vertical_padding":"default","_kad_post_feature":"","_kad_post_feature_position":"","_kad_post_header":false,"_kad_post_footer":false,"_kad_post_classname":""},"product_brand":[1302],"product_cat":[15,1954],"product_tag":[],"class_list":{"0":"post-122821","1":"product","2":"type-product","3":"status-publish","4":"has-post-thumbnail","6":"product_brand-champion","7":"product_cat-bez-kategorii","8":"product_cat-koszykowka","9":"pa_rozmiar-xxl","11":"first","12":"instock","13":"taxable","14":"shipping-taxable","15":"purchasable","16":"product-type-simple","17":"entry","18":"content-bg","19":"loop-entry"},"taxonomy_info":{"product_brand":[{"value":1302,"label":"Champion"}],"product_cat":[{"value":15,"label":"Bez kategorii"},{"value":1954,"label":"Koszyk\u00f3wka"}],"pa_rozmiar":[{"value":1819,"label":"XXL"}]},"featured_image_src_large":["https:\/\/footballthrift.shop\/wp-content\/uploads\/2026\/04\/Photoroom_20260415_135256-1024x1024.jpg",1024,1024,true],"author_info":[],"comment_info":"","_links":{"self":[{"href":"https:\/\/footballthrift.shop\/de\/wp-json\/wp\/v2\/product\/122821","targetHints":{"allow":["GET"]}}],"collection":[{"href":"https:\/\/footballthrift.shop\/de\/wp-json\/wp\/v2\/product"}],"about":[{"href":"https:\/\/footballthrift.shop\/de\/wp-json\/wp\/v2\/types\/product"}],"wp:featuredmedia":[{"embeddable":true,"href":"https:\/\/footballthrift.shop\/de\/wp-json\/wp\/v2\/media\/122967"}],"wp:attachment":[{"href":"https:\/\/footballthrift.shop\/de\/wp-json\/wp\/v2\/media?parent=122821"}],"wp:term":[{"taxonomy":"product_brand","embeddable":true,"href":"https:\/\/footballthrift.shop\/de\/wp-json\/wp\/v2\/product_brand?post=122821"},{"taxonomy":"product_cat","embeddable":true,"href":"https:\/\/footballthrift.shop\/de\/wp-json\/wp\/v2\/product_cat?post=122821"},{"taxonomy":"product_tag","embeddable":true,"href":"https:\/\/footballthrift.shop\/de\/wp-json\/wp\/v2\/product_tag?post=122821"}],"curies":[{"name":"wp","href":"https:\/\/api.w.org\/{rel}","templated":true}]}}