{"id":122818,"date":"2026-04-19T13:09:07","date_gmt":"2026-04-19T11:09:07","guid":{"rendered":"https:\/\/footballthrift.shop\/?post_type=product&#038;p=122818"},"modified":"2026-04-19T13:09:07","modified_gmt":"2026-04-19T11:09:07","slug":"komplet-dresowy-ac-milan-1995-96-xl","status":"publish","type":"product","link":"https:\/\/footballthrift.shop\/de\/komplet-dresowy-ac-milan-1995-96-xl\/","title":{"rendered":"Komplet dresowy AC Milan 1995\/96 [XL]"},"content":{"rendered":"<p><strong>Verein:<\/strong> AC Mailand<\/p>\n<p><strong>Saison:<\/strong> 1995\/96<\/p>\n<p><strong>Gr\u00f6\u00dfe: <\/strong>XL<\/p>\n<p><strong>Zustand:<\/strong> Zadowalaj\u0105cy &#8211; kilka drobnych zabrudze\u0144 i zaci\u0105gni\u0119\u0107.<\/p>\n<p><strong>Ma\u00dfe (Achselbreite\/L\u00e4nge) in cm: <\/strong>67\/71<\/p>","protected":false},"excerpt":{"rendered":"<p><strong>Oryginalny dres pi\u0142karski AC Milanu z sezonu 1995\/96 produkcji Lotto.\u00a0<\/strong><\/p>\n<p>Komplet dresowy <strong>AC Mailand<\/strong> aus der Saison <strong>1995\/96<\/strong>hergestellt von <strong>Lotto<\/strong> w rozmiarze XL, pochodzi z okresu, w kt\u00f3rym klub nale\u017ca\u0142 do \u015bcis\u0142ej europejskiej czo\u0142\u00f3wki. Dru\u017cyna, mimo zmian kadrowych, wci\u0105\u017c opiera\u0142a si\u0119 na silnym fundamencie zbudowanym na pocz\u0105tku lat 90., kontynuuj\u0105c rywalizacj\u0119 na najwy\u017cszym poziomie.<\/p>\n<p>Dres zosta\u0142 wyprodukowany w bia\u0142ej kolorystyce i sk\u0142ada si\u0119 z bluzy oraz spodni. Bluza posiada czarne paski w g\u00f3rnej cz\u0119\u015bci r\u0119kaw\u00f3w, zamek b\u0142yskawiczny oraz klasyczne rozmieszczenie herbu <strong>AC Mailand<\/strong> und Logo <strong>Lotto<\/strong> na klatce piersiowej. Na plecach znajduje si\u0119 nadruk sponsora <strong>Opel<\/strong>, kt\u00f3ry wyra\u017anie kontrastuje z jasn\u0105 baz\u0105 i stanowi charakterystyczny element projekt\u00f3w z tamtego okresu.<\/p>\n<p>W sezonie 1995\/96 barwy <strong>AC Mailand<\/strong> vertreten u.a. durch. <strong>George Weah<\/strong>, zdobywca Z\u0142otej Pi\u0142ki, <strong>Paolo Maldini<\/strong>, b\u0119d\u0105cy symbolem defensywy, oraz <strong>Franco Baresi<\/strong>, legenda klubu i wieloletni kapitan, co podkre\u015bla jako\u015b\u0107 i rang\u0119 zespo\u0142u z tamtych lat.<\/p>\n<p>Dres zosta\u0142 wykonany z lekkiego materia\u0142u, a kr\u00f3j w rozmiarze XL odpowiada standardom <strong>Lotto<\/strong>, zapewniaj\u0105c wygod\u0119 u\u017cytkowania i klasyczne dopasowanie charakterystyczne dla projekt\u00f3w tej marki.<\/p>\n<p>To propozycja dla kolekcjoner\u00f3w oraz kibic\u00f3w poszukuj\u0105cych oryginalnego dresu pi\u0142karskiego <strong>AC Mailand<\/strong> aus der Saison <strong>1995\/96<\/strong>, stanowi\u0105cego czytelny zapis jednego z najmocniejszych okres\u00f3w w historii klubu.<\/p>","protected":false},"featured_media":122935,"template":"","meta":{"_kad_blocks_custom_css":"","_kad_blocks_head_custom_js":"","_kad_blocks_body_custom_js":"","_kad_blocks_footer_custom_js":"","_kad_post_transparent":"default","_kad_post_title":"","_kad_post_layout":"default","_kad_post_sidebar_id":"","_kad_post_content_style":"default","_kad_post_vertical_padding":"default","_kad_post_feature":"","_kad_post_feature_position":"","_kad_post_header":false,"_kad_post_footer":false,"_kad_post_classname":""},"product_brand":[1297],"product_cat":[1440,15,1423],"product_tag":[],"class_list":{"0":"post-122818","1":"product","2":"type-product","3":"status-publish","4":"has-post-thumbnail","6":"product_brand-lotto","7":"product_cat-kluby-wloskie-acmilan","8":"product_cat-bez-kategorii","9":"product_cat-kurtkibluzytrening","10":"pa_rozmiar-xl","12":"first","13":"instock","14":"taxable","15":"shipping-taxable","16":"purchasable","17":"product-type-simple","18":"entry","19":"content-bg","20":"loop-entry"},"taxonomy_info":{"product_brand":[{"value":1297,"label":"Lotto"}],"product_cat":[{"value":1440,"label":"AC Milan"},{"value":15,"label":"Bez kategorii"},{"value":1423,"label":"Kurtki\/bluzy\/trening"}],"pa_rozmiar":[{"value":1818,"label":"XL"}]},"featured_image_src_large":["https:\/\/footballthrift.shop\/wp-content\/uploads\/2026\/04\/Photoroom_20260415_135840-1024x1024.jpg",1024,1024,true],"author_info":[],"comment_info":"","_links":{"self":[{"href":"https:\/\/footballthrift.shop\/de\/wp-json\/wp\/v2\/product\/122818","targetHints":{"allow":["GET"]}}],"collection":[{"href":"https:\/\/footballthrift.shop\/de\/wp-json\/wp\/v2\/product"}],"about":[{"href":"https:\/\/footballthrift.shop\/de\/wp-json\/wp\/v2\/types\/product"}],"wp:featuredmedia":[{"embeddable":true,"href":"https:\/\/footballthrift.shop\/de\/wp-json\/wp\/v2\/media\/122935"}],"wp:attachment":[{"href":"https:\/\/footballthrift.shop\/de\/wp-json\/wp\/v2\/media?parent=122818"}],"wp:term":[{"taxonomy":"product_brand","embeddable":true,"href":"https:\/\/footballthrift.shop\/de\/wp-json\/wp\/v2\/product_brand?post=122818"},{"taxonomy":"product_cat","embeddable":true,"href":"https:\/\/footballthrift.shop\/de\/wp-json\/wp\/v2\/product_cat?post=122818"},{"taxonomy":"product_tag","embeddable":true,"href":"https:\/\/footballthrift.shop\/de\/wp-json\/wp\/v2\/product_tag?post=122818"}],"curies":[{"name":"wp","href":"https:\/\/api.w.org\/{rel}","templated":true}]}}