{"id":122817,"date":"2026-04-19T15:59:47","date_gmt":"2026-04-19T13:59:47","guid":{"rendered":"https:\/\/footballthrift.shop\/?post_type=product&#038;p=122817"},"modified":"2026-04-19T15:59:47","modified_gmt":"2026-04-19T13:59:47","slug":"koszulka-pilkarska-player-issue-ac-milan-1994-95-away-10-l","status":"publish","type":"product","link":"https:\/\/footballthrift.shop\/de\/koszulka-pilkarska-player-issue-ac-milan-1994-95-away-10-l\/","title":{"rendered":"Koszulka pi\u0142karska PLAYER ISSUE AC Milan 1994\/95 Away 10 [L]"},"content":{"rendered":"<p><strong>Verein:<\/strong> AC Mailand<\/p>\n<p><strong>Saison:<\/strong> 1994\/95 Ausw\u00e4rts<\/p>\n<p><strong>Gr\u00f6\u00dfe: <\/strong>L<\/p>\n<p><strong>Zustand:<\/strong> S\u0142aby &#8211; zabrudzenie przy nadruku sponsora, rozci\u0105gni\u0119ty ko\u0142nierz, nieco przebarwiony materia\u0142, znaczna liczba mikro zaci\u0105gni\u0119\u0107 na r\u0119kawie oraz ca\u0142kowicie zniszczony nadruk na plecach.<\/p>\n<p><strong>Ma\u00dfe (Achselbreite\/L\u00e4nge) in cm: <\/strong>57\/73<\/p>","protected":false},"excerpt":{"rendered":"<p><strong>Oryginalna wyjazdowa koszulka pi\u0142karska AC Milanu z sezonu 1994\/95 produkcji Lotto.\u00a0<\/strong><\/p>\n<p>Ausw\u00e4rtsmodell <strong>AC Mailand<\/strong> aus der Saison <strong>1994\/95<\/strong>hergestellt von <strong>Lotto<\/strong> w rozmiarze L, pochodzi z okresu, w kt\u00f3rym klub nale\u017ca\u0142 do absolutnej europejskiej czo\u0142\u00f3wki i regularnie rywalizowa\u0142 o najwa\u017cniejsze trofea. Dru\u017cyna, mimo zmian kadrowych, wci\u0105\u017c opiera\u0142a si\u0119 na silnym fundamencie zbudowanym na pocz\u0105tku lat 90.<\/p>\n<p>Koszulka zosta\u0142a wyprodukowana w charakterystycznym uk\u0142adzie kolorystycznym \u2013 g\u00f3rna cz\u0119\u015b\u0107 klatki piersiowej utrzymana jest w czerwieni, oddzielonej od bia\u0142ego do\u0142u czarnym poziomym pasem. Ca\u0142o\u015b\u0107 uzupe\u0142niaj\u0105 bia\u0142e r\u0119kawki oraz ko\u0142nierz typu polo, nadaj\u0105ce projektowi klasyczny i elegancki wygl\u0105d typowy dla projekt\u00f3w <strong>Lotto<\/strong> z tego okresu. Model ten wyst\u0119puje w rzadkiej wersji z d\u0142ugim r\u0119kawem oraz numerem 10 na plecach.<\/p>\n<p>Koszulka oznaczona jest jako wersja <strong>AUSGABE DER SPIELER<\/strong>, co wyr\u00f3\u017cnia j\u0105 wy\u017csz\u0105 jako\u015bci\u0105 wykonania \u2013 zastosowano twardszy i bardziej trwa\u0142y materia\u0142, a logo <strong>Lotto<\/strong> oraz herb zosta\u0142y wyszywane, w przeciwie\u0144stwie do replik, gdzie by\u0142y one sublimowane. R\u00f3wnie\u017c numer zosta\u0142 wykonany w formie naprasowywanej, zgodnej z meczowymi standardami tamtego okresu.<\/p>\n<p>Das T-Shirt ist aus einem leichten und luftigen Material gefertigt und der Schnitt in Gr\u00f6\u00dfe L entspricht den Standards der <strong>Lotto<\/strong>, und sorgt f\u00fcr eine Passform, die dem Design der Marke entspricht.<\/p>\n<p>Dies ist f\u00fcr Sammler und Fans, die ein originales Ausw\u00e4rtstrikot suchen <strong>AC Mailand<\/strong> aus der Saison <strong>1994\/95<\/strong>, stanowi\u0105cej czytelny zapis jednego z najmocniejszych okres\u00f3w w historii klubu.<\/p>","protected":false},"featured_media":122923,"template":"","meta":{"_kad_blocks_custom_css":"","_kad_blocks_head_custom_js":"","_kad_blocks_body_custom_js":"","_kad_blocks_footer_custom_js":"","_kad_post_transparent":"default","_kad_post_title":"","_kad_post_layout":"default","_kad_post_sidebar_id":"","_kad_post_content_style":"default","_kad_post_vertical_padding":"default","_kad_post_feature":"","_kad_post_feature_position":"","_kad_post_header":false,"_kad_post_footer":false,"_kad_post_classname":""},"product_brand":[1297],"product_cat":[1440,15],"product_tag":[],"class_list":{"0":"post-122817","1":"product","2":"type-product","3":"status-publish","4":"has-post-thumbnail","6":"product_brand-lotto","7":"product_cat-kluby-wloskie-acmilan","8":"product_cat-bez-kategorii","9":"pa_homeawaythird-away","10":"pa_rozmiar-l","12":"first","13":"instock","14":"taxable","15":"shipping-taxable","16":"purchasable","17":"product-type-simple","18":"entry","19":"content-bg","20":"loop-entry"},"taxonomy_info":{"product_brand":[{"value":1297,"label":"Lotto"}],"product_cat":[{"value":1440,"label":"AC Milan"},{"value":15,"label":"Bez kategorii"}],"pa_homeawaythird":[{"value":1598,"label":"Away"}],"pa_rozmiar":[{"value":1817,"label":"L"}]},"featured_image_src_large":["https:\/\/footballthrift.shop\/wp-content\/uploads\/2026\/04\/Photoroom_20260415_135720-1024x1024.jpg",1024,1024,true],"author_info":[],"comment_info":"","_links":{"self":[{"href":"https:\/\/footballthrift.shop\/de\/wp-json\/wp\/v2\/product\/122817","targetHints":{"allow":["GET"]}}],"collection":[{"href":"https:\/\/footballthrift.shop\/de\/wp-json\/wp\/v2\/product"}],"about":[{"href":"https:\/\/footballthrift.shop\/de\/wp-json\/wp\/v2\/types\/product"}],"wp:featuredmedia":[{"embeddable":true,"href":"https:\/\/footballthrift.shop\/de\/wp-json\/wp\/v2\/media\/122923"}],"wp:attachment":[{"href":"https:\/\/footballthrift.shop\/de\/wp-json\/wp\/v2\/media?parent=122817"}],"wp:term":[{"taxonomy":"product_brand","embeddable":true,"href":"https:\/\/footballthrift.shop\/de\/wp-json\/wp\/v2\/product_brand?post=122817"},{"taxonomy":"product_cat","embeddable":true,"href":"https:\/\/footballthrift.shop\/de\/wp-json\/wp\/v2\/product_cat?post=122817"},{"taxonomy":"product_tag","embeddable":true,"href":"https:\/\/footballthrift.shop\/de\/wp-json\/wp\/v2\/product_tag?post=122817"}],"curies":[{"name":"wp","href":"https:\/\/api.w.org\/{rel}","templated":true}]}}