{"id":122466,"date":"2026-04-12T17:59:22","date_gmt":"2026-04-12T15:59:22","guid":{"rendered":"https:\/\/footballthrift.shop\/?post_type=product&#038;p=122466"},"modified":"2026-04-12T17:59:30","modified_gmt":"2026-04-12T15:59:30","slug":"koszulka-pilkarska-real-madryt-2021-22-home-8-kroos-s","status":"publish","type":"product","link":"https:\/\/footballthrift.shop\/de\/koszulka-pilkarska-real-madryt-2021-22-home-8-kroos-s\/","title":{"rendered":"Koszulka pi\u0142karska Real Madryt 2021\/22 Home 8 Kroos [S]"},"content":{"rendered":"<p><strong>Verein:<\/strong> Real Madrid<\/p>\n<p><strong>Saison:<\/strong> 2021\/22 Heim<\/p>\n<p><strong>Gr\u00f6\u00dfe: <\/strong>S<\/p>\n<p><strong>Zustand:<\/strong> Sehr gut - ein Mikroriss auf der Vorderseite.<\/p>\n<p><strong>Ma\u00dfe (Achselbreite\/L\u00e4nge) in cm: <\/strong>48\/69<\/p>\n<p><strong>Zus\u00e4tzliche Informationen:<\/strong> nazwisko oraz cyfra na plecach u\u0142o\u017cone s\u0105 nieco za nisko.<\/p>","protected":false},"excerpt":{"rendered":"<p><strong>Oryginalna domowa koszulka pi\u0142karska Realu Madryt z sezonu 2021\/22 produkcji Adidasa z nadrukiem Toniego Kroosa.\u00a0<\/strong><\/p>\n<p>Heimmodell <strong>Real Madrid<\/strong> aus der Saison <strong>2021\/22<\/strong>hergestellt von <strong>Adidas<\/strong> w rozmiarze S, pochodzi z wyj\u0105tkowego okresu zako\u0144czonego zdobyciem mistrzostwa Hiszpanii oraz triumfem w Lidze Mistrz\u00f3w. Dru\u017cyna prowadzona przez Carlo Ancelottiego imponowa\u0142a skuteczno\u015bci\u0105 i do\u015bwiadczeniem, a jej droga po europejskie trofeum obfitowa\u0142a w spektakularne powroty i zwyci\u0119stwa nad czo\u0142owymi zespo\u0142ami.<\/p>\n<p>Koszulka zosta\u0142a wyprodukowana na klasycznej bia\u0142ej bazie, z niebieskimi paskami charakterystycznymi dla projekt\u00f3w <strong>Adidas<\/strong> umieszczonymi na r\u0119kawkach oraz pomara\u0144czowym wyko\u0144czeniem ko\u0142nierza i r\u0119kawk\u00f3w, kt\u00f3re nadaj\u0105 ca\u0142o\u015bci wyrazisty kontrast. Na froncie centralne miejsce zajmuje nadruk sponsora <strong>Fliegen Sie Emirates<\/strong>, a projekt zachowuje elegancki i rozpoznawalny styl klubu.<\/p>\n<p>Auf der R\u00fcckseite befindet sich ein origineller Aufdruck. <strong>Toni Kroos<\/strong>, jednego z najwa\u017cniejszych pomocnik\u00f3w zespo\u0142u w tamtym okresie. <strong>Toni Kroos<\/strong> odpowiada\u0142 za kontrol\u0119 tempa gry oraz precyzyjne rozegranie, b\u0119d\u0105c kluczowym elementem \u015brodka pola obok takich zawodnik\u00f3w jak <strong>Luka Modri\u0107<\/strong> i <strong>Casemiro<\/strong>. W sk\u0142adzie znajdowali si\u0119 r\u00f3wnie\u017c <strong>Karim Benzema<\/strong>, kt\u00f3ry odegra\u0142 decyduj\u0105c\u0105 rol\u0119 w drodze po trofea, a tak\u017ce <strong>Vin\u00edcius J\u00fanior<\/strong> i <strong>Thibaut Courtois<\/strong>, tworz\u0105c dru\u017cyn\u0119 zdoln\u0105 do rywalizacji na najwy\u017cszym poziomie.<\/p>\n<p>Koszulka zosta\u0142a wykonana z lekkiego i przewiewnego materia\u0142u, a kr\u00f3j w rozmiarze S odpowiada standardom stosowanym przez <strong>Adidas<\/strong>.<\/p>\n<p>F\u00fcr Sammler und Fans, die ein originales Heimtrikot suchen <strong>Real Madrid<\/strong> aus der Saison <strong>2021\/22<\/strong>, stanowi\u0105cej czytelny zapis zdobycia kolejnej Ligi Mistrz\u00f3w i mistrzostwa Hiszpanii.<\/p>","protected":false},"featured_media":122494,"template":"","meta":{"_kad_blocks_custom_css":"","_kad_blocks_head_custom_js":"","_kad_blocks_body_custom_js":"","_kad_blocks_footer_custom_js":"","_kad_post_transparent":"default","_kad_post_title":"","_kad_post_layout":"default","_kad_post_sidebar_id":"","_kad_post_content_style":"default","_kad_post_vertical_padding":"default","_kad_post_feature":"","_kad_post_feature_position":"","_kad_post_header":false,"_kad_post_footer":false,"_kad_post_classname":""},"product_brand":[1283],"product_cat":[15,1456],"product_tag":[],"class_list":{"0":"post-122466","1":"product","2":"type-product","3":"status-publish","4":"has-post-thumbnail","6":"product_brand-adidas","7":"product_cat-bez-kategorii","8":"product_cat-kluby-hiszpanskie-realmadryt","9":"pa_homeawaythird-home","10":"pa_rozmiar-s","12":"first","13":"instock","14":"taxable","15":"shipping-taxable","16":"purchasable","17":"product-type-simple","18":"entry","19":"content-bg","20":"loop-entry"},"taxonomy_info":{"product_brand":[{"value":1283,"label":"Adidas"}],"product_cat":[{"value":15,"label":"Bez kategorii"},{"value":1456,"label":"Real Madryt"}],"pa_homeawaythird":[{"value":1597,"label":"Home"}],"pa_rozmiar":[{"value":1815,"label":"S"}]},"featured_image_src_large":["https:\/\/footballthrift.shop\/wp-content\/uploads\/2026\/04\/Photoroom_20260409_110647-1024x1024.jpg",1024,1024,true],"author_info":[],"comment_info":"","_links":{"self":[{"href":"https:\/\/footballthrift.shop\/de\/wp-json\/wp\/v2\/product\/122466","targetHints":{"allow":["GET"]}}],"collection":[{"href":"https:\/\/footballthrift.shop\/de\/wp-json\/wp\/v2\/product"}],"about":[{"href":"https:\/\/footballthrift.shop\/de\/wp-json\/wp\/v2\/types\/product"}],"wp:featuredmedia":[{"embeddable":true,"href":"https:\/\/footballthrift.shop\/de\/wp-json\/wp\/v2\/media\/122494"}],"wp:attachment":[{"href":"https:\/\/footballthrift.shop\/de\/wp-json\/wp\/v2\/media?parent=122466"}],"wp:term":[{"taxonomy":"product_brand","embeddable":true,"href":"https:\/\/footballthrift.shop\/de\/wp-json\/wp\/v2\/product_brand?post=122466"},{"taxonomy":"product_cat","embeddable":true,"href":"https:\/\/footballthrift.shop\/de\/wp-json\/wp\/v2\/product_cat?post=122466"},{"taxonomy":"product_tag","embeddable":true,"href":"https:\/\/footballthrift.shop\/de\/wp-json\/wp\/v2\/product_tag?post=122466"}],"curies":[{"name":"wp","href":"https:\/\/api.w.org\/{rel}","templated":true}]}}