{"id":122462,"date":"2026-04-12T17:59:19","date_gmt":"2026-04-12T15:59:19","guid":{"rendered":"https:\/\/footballthrift.shop\/?post_type=product&#038;p=122462"},"modified":"2026-04-12T20:04:42","modified_gmt":"2026-04-12T18:04:42","slug":"koszulka-pilkarska-real-madryt-2016-17-home-9-benzema-l","status":"publish","type":"product","link":"https:\/\/footballthrift.shop\/de\/koszulka-pilkarska-real-madryt-2016-17-home-9-benzema-l\/","title":{"rendered":"Koszulka pi\u0142karska Real Madryt 2016\/17 Home 9 Benzema [L]"},"content":{"rendered":"<p><strong>Verein:<\/strong> Real Madrid<\/p>\n<p><strong>Saison:<\/strong> 2016\/17 Startseite<\/p>\n<p><strong>Gr\u00f6\u00dfe: <\/strong>L<\/p>\n<p><strong>Zustand:<\/strong> Zadowalaj\u0105cy &#8211; przebarwiony materia\u0142 na karku od wewn\u0119trznej strony koszulki oraz \u015blad po usuni\u0119ciu literki 'Z&#8217; w nadruku na plecach.<\/p>\n<p><strong>Ma\u00dfe (Achselbreite\/L\u00e4nge) in cm: <\/strong>56\/75<\/p>\n<p>Dodatkowe informacje: litery w nadruku na plecach s\u0105 u\u0142o\u017cone wzgl\u0119dem siebie w nieco zbyt du\u017cych odst\u0119pach, a cyfra u\u0142o\u017cona jest nieznacznie krzywo.<\/p>","protected":false},"excerpt":{"rendered":"<p><strong>Oryginalna domowa koszulka pi\u0142karska Realu Madryt z sezonu 2016\/17 produkcji Adidasa z nadrukiem Karima Benzemy.\u00a0<\/strong><\/p>\n<p>Heimmodell <strong>Real Madrid<\/strong> aus der Saison <strong>2016\/17<\/strong>hergestellt von <strong>Adidas<\/strong> w rozmiarze L, pochodzi z jednego z najbardziej udanych okres\u00f3w w historii klubu, zako\u0144czonego zdobyciem mistrzostwa Hiszpanii oraz triumfem w Lidze Mistrz\u00f3w. Dru\u017cyna prowadzona przez Zin\u00e9dine\u2019a Zidane\u2019a zapisa\u0142a si\u0119 w historii jako pierwszy zesp\u00f3\u0142, kt\u00f3ry obroni\u0142 trofeum Champions League w nowo\u017cytnej formule.<\/p>\n<p>Koszulka zosta\u0142a wyprodukowana na klasycznej bia\u0142ej bazie, z turkusowymi wyko\u0144czeniami oraz paskami charakterystycznymi dla projekt\u00f3w <strong>Adidas<\/strong> auf den \u00c4rmeln platziert. Auf der Vorderseite steht ein Sponsorenaufdruck im Mittelpunkt. <strong>Fliegen Sie Emirates<\/strong>, a dodatkowym elementem jest patch upami\u0119tniaj\u0105cy zwyci\u0119stwo w Klubowych Mistrzostwach \u015awiata, podkre\u015blaj\u0105cy sukcesy <strong>Real Madrid<\/strong> in dieser Zeit.<\/p>\n<p>Auf der R\u00fcckseite befindet sich ein origineller Aufdruck. <strong>Karima Benzemy<\/strong>, der in der Saison <strong>2016\/17<\/strong> by\u0142 kluczowym elementem ofensywy. <strong>Karim Benzema<\/strong> wyr\u00f3\u017cnia\u0142 si\u0119 gr\u0105 zespo\u0142ow\u0105, inteligencj\u0105 boiskow\u0105 oraz umiej\u0119tno\u015bci\u0105 tworzenia przestrzeni dla partner\u00f3w z ataku. W sk\u0142adzie znajdowali si\u0119 r\u00f3wnie\u017c m.in. <strong>Cristiano Ronaldo<\/strong>, <strong>Gareth Bale<\/strong>, <strong>Luka Modri\u0107<\/strong>, <strong>Toni Kroos<\/strong> und <strong>Sergio Ramos<\/strong>, tworz\u0105c jedn\u0105 z najbardziej kompletnych dru\u017cyn swojej epoki.<\/p>\n<p>Koszulka zosta\u0142a wykonana z lekkiego i przewiewnego materia\u0142u, a kr\u00f3j w rozmiarze L odpowiada standardom stosowanym przez <strong>Adidas<\/strong>.<\/p>\n<p>F\u00fcr Sammler und Fans, die ein originales Heimtrikot suchen <strong>Real Madrid<\/strong> aus der Saison <strong>2016\/17<\/strong>, stanowi\u0105cej czytelny zapis jednego z najbardziej dominuj\u0105cych sezon\u00f3w w historii klubu.<\/p>","protected":false},"featured_media":122703,"template":"","meta":{"_kad_blocks_custom_css":"","_kad_blocks_head_custom_js":"","_kad_blocks_body_custom_js":"","_kad_blocks_footer_custom_js":"","_kad_post_transparent":"default","_kad_post_title":"","_kad_post_layout":"default","_kad_post_sidebar_id":"","_kad_post_content_style":"default","_kad_post_vertical_padding":"default","_kad_post_feature":"","_kad_post_feature_position":"","_kad_post_header":false,"_kad_post_footer":false,"_kad_post_classname":""},"product_brand":[1283],"product_cat":[15,1456],"product_tag":[],"class_list":{"0":"post-122462","1":"product","2":"type-product","3":"status-publish","4":"has-post-thumbnail","6":"product_brand-adidas","7":"product_cat-bez-kategorii","8":"product_cat-kluby-hiszpanskie-realmadryt","9":"pa_homeawaythird-home","10":"pa_rozmiar-l","12":"first","13":"instock","14":"taxable","15":"shipping-taxable","16":"purchasable","17":"product-type-simple","18":"entry","19":"content-bg","20":"loop-entry"},"taxonomy_info":{"product_brand":[{"value":1283,"label":"Adidas"}],"product_cat":[{"value":15,"label":"Bez kategorii"},{"value":1456,"label":"Real Madryt"}],"pa_homeawaythird":[{"value":1597,"label":"Home"}],"pa_rozmiar":[{"value":1817,"label":"L"}]},"featured_image_src_large":["https:\/\/footballthrift.shop\/wp-content\/uploads\/2026\/04\/Photoroom_20260409_110458-1024x1024.jpg",1024,1024,true],"author_info":[],"comment_info":"","_links":{"self":[{"href":"https:\/\/footballthrift.shop\/de\/wp-json\/wp\/v2\/product\/122462","targetHints":{"allow":["GET"]}}],"collection":[{"href":"https:\/\/footballthrift.shop\/de\/wp-json\/wp\/v2\/product"}],"about":[{"href":"https:\/\/footballthrift.shop\/de\/wp-json\/wp\/v2\/types\/product"}],"wp:featuredmedia":[{"embeddable":true,"href":"https:\/\/footballthrift.shop\/de\/wp-json\/wp\/v2\/media\/122703"}],"wp:attachment":[{"href":"https:\/\/footballthrift.shop\/de\/wp-json\/wp\/v2\/media?parent=122462"}],"wp:term":[{"taxonomy":"product_brand","embeddable":true,"href":"https:\/\/footballthrift.shop\/de\/wp-json\/wp\/v2\/product_brand?post=122462"},{"taxonomy":"product_cat","embeddable":true,"href":"https:\/\/footballthrift.shop\/de\/wp-json\/wp\/v2\/product_cat?post=122462"},{"taxonomy":"product_tag","embeddable":true,"href":"https:\/\/footballthrift.shop\/de\/wp-json\/wp\/v2\/product_tag?post=122462"}],"curies":[{"name":"wp","href":"https:\/\/api.w.org\/{rel}","templated":true}]}}