{"id":122461,"date":"2026-04-12T17:59:20","date_gmt":"2026-04-12T15:59:20","guid":{"rendered":"https:\/\/footballthrift.shop\/?post_type=product&#038;p=122461"},"modified":"2026-04-12T17:59:29","modified_gmt":"2026-04-12T15:59:29","slug":"koszulka-pilkarska-real-madryt-1998-00-home-l","status":"publish","type":"product","link":"https:\/\/footballthrift.shop\/de\/koszulka-pilkarska-real-madryt-1998-00-home-l\/","title":{"rendered":"Koszulka pi\u0142karska Real Madryt 1998\/00 Home [L]"},"content":{"rendered":"<p><strong>Verein:<\/strong> Real Madrid<\/p>\n<p><strong>Saison:<\/strong> 1998\/00 Heimat<\/p>\n<p><strong>Gr\u00f6\u00dfe: <\/strong>L<\/p>\n<p><strong>Zustand:<\/strong> Sehr gut - ein paar Mikroflecken.<\/p>\n<p><strong>Ma\u00dfe (Achselbreite\/L\u00e4nge) in cm: <\/strong>58\/75<\/p>","protected":false},"excerpt":{"rendered":"<div class=\"kwt-excerpt-wrap woocommerce-product-details__short-description kwt-excerpt-_8c6673-72 kwt-excerpt-single wp-block-kadence-wootemplate-blocks-excerpt\">\n<p data-start=\"0\" data-end=\"111\"><strong data-start=\"0\" data-end=\"111\">Original Heim-Fu\u00dfballtrikot\u00a0<span class=\"hover:entity-accent entity-underline inline cursor-pointer align-baseline\"><span class=\"whitespace-normal\">Real Madrid<\/span><\/span> ab 1998\/00 von Adidas.\u00a0<\/strong><\/p>\n<p data-start=\"113\" data-end=\"477\">Heimmodell\u00a0<strong data-start=\"126\" data-end=\"142\">Real Madrid<\/strong>\u00a0im Laufe der Jahre\u00a0<strong data-start=\"149\" data-end=\"160\">1998\/00<\/strong>hergestellt von\u00a0<strong data-start=\"182\" data-end=\"193\">Adidas<\/strong> in der Gr\u00f6\u00dfe\u00a0<strong data-start=\"206\" data-end=\"212\">L<\/strong>, stammt aus einer der prestigetr\u00e4chtigsten und bahnbrechendsten Perioden in der modernen Geschichte des Vereins. Es war die Zeit der R\u00fcckkehr<strong>\u00a0K\u00f6niglich<\/strong>\u00a0auf den europ\u00e4ischen Gipfel zu bringen und den Grundstein f\u00fcr die \u00c4ra der Gal\u00e1cticos zu legen, die das Image des Vereins in den kommenden Jahren pr\u00e4gen sollte.<\/p>\n<p data-start=\"479\" data-end=\"1027\">Das T-Shirt wurde in der klassischen\u00a0<strong data-start=\"523\" data-end=\"541\">wei\u00dfer Farbe<\/strong>, eindeutig mit h\u00e4uslicher Tracht verbunden\u00a0<strong data-start=\"588\" data-end=\"604\">Real Madrid<\/strong>. Die Vorderseite zeigt den kultigen Sponsorenaufdruck\u00a0<strong data-start=\"653\" data-end=\"661\">Teka<\/strong>\u00a0farblich\u00a0<strong data-start=\"672\" data-end=\"686\">Marineblau<\/strong>, das zu einem der erkennbarsten Elemente der Kings-Trikots der sp\u00e4ten 1990er Jahre geworden ist. Das Design wird erg\u00e4nzt durch\u00a0<strong data-start=\"803\" data-end=\"857\">Polokragen mit marineblauen und gelben Bes\u00e4tzen<\/strong>\u00a0und<strong data-start=\"863\" data-end=\"912\">\u00a0Herstellerstreifen auf den \u00c4rmeln\u00a0<\/strong>in der gleichen Farbe, was dem Gesamtbild den eleganten und zugleich sportlichen Charakter verleiht, der f\u00fcr die Designs\u00a0<strong data-start=\"1001\" data-end=\"1012\">Adidas<\/strong>\u00a0aus dieser Zeit.<\/p>\n<p data-start=\"1029\" data-end=\"1549\">Jahre\u00a0<strong data-start=\"1034\" data-end=\"1047\">1998-2000<\/strong>\u00a0haben Geschichte geschrieben\u00a0<strong data-start=\"1072\" data-end=\"1088\">Real Madrid<\/strong>\u00a0als eine Zeit gro\u00dfer Erfolge auf der internationalen B\u00fchne. Der Verein griff nach\u00a0<strong data-start=\"1161\" data-end=\"1197\">Champions League in den Jahren 1998 und 2000<\/strong>, Das Team war das erfolgreichste in der Geschichte des Wettbewerbs. Zum R\u00fcckgrat des Teams geh\u00f6rten damals.\u00a0<strong data-start=\"1326\" data-end=\"1334\">Ra\u00fal<\/strong>,\u00a0<strong data-start=\"1336\" data-end=\"1355\">Fernando Hierro<\/strong>,\u00a0<strong data-start=\"1357\" data-end=\"1375\">Roberto Carlos<\/strong>,\u00a0<strong data-start=\"1377\" data-end=\"1397\">Clarence Seedorf<\/strong>,\u00a0<strong data-start=\"1399\" data-end=\"1419\">Fernando Redondo<\/strong>,\u00a0<strong data-start=\"1421\" data-end=\"1438\">Iv\u00e1n Helguera<\/strong>\u00a0und\u00a0<strong data-start=\"1444\" data-end=\"1461\">Iker Casillas<\/strong>, der zu dieser Zeit gerade seine legend\u00e4re Geschichte in der ersten Mannschaft begann.<\/p>\n<p data-start=\"1551\" data-end=\"1791\">Das T-Shirt ist hergestellt aus\u00a0<strong data-start=\"1579\" data-end=\"1616\">leichtes und luftiges Material<\/strong>, Charakteristisch f\u00fcr Wohnprojekte\u00a0<strong data-start=\"1661\" data-end=\"1672\">Adidas<\/strong>\u00a0aus der Zeit um die Wende der 1990er Jahre.\u00a0<strong data-start=\"1692\" data-end=\"1715\">Schnitt in Gr\u00f6\u00dfe L<\/strong>\u00a0bietet eine klassische, entspannte Passform im Einklang mit den Standards der Zeit.<\/p>\n<p data-start=\"1793\" data-end=\"2061\" data-is-last-node=\"\" data-is-only-node=\"\">Dies ist ein Angebot f\u00fcr Sammler und Fans, die auf der Suche sind nach\u00a0<strong data-start=\"1852\" data-end=\"1941\">Original Real Madrid Heim-Fu\u00dfballtrikot von 1998\/00 von Adidas<\/strong>, Ein Symbol f\u00fcr die R\u00fcckkehr der Kings auf den europ\u00e4ischen Thron und eines der ikonischsten Projekte in der Geschichte des Vereins.<\/p>\n<\/div>","protected":false},"featured_media":122691,"template":"","meta":{"_kad_blocks_custom_css":"","_kad_blocks_head_custom_js":"","_kad_blocks_body_custom_js":"","_kad_blocks_footer_custom_js":"","_kad_post_transparent":"default","_kad_post_title":"","_kad_post_layout":"default","_kad_post_sidebar_id":"","_kad_post_content_style":"default","_kad_post_vertical_padding":"default","_kad_post_feature":"","_kad_post_feature_position":"","_kad_post_header":false,"_kad_post_footer":false,"_kad_post_classname":""},"product_brand":[1283],"product_cat":[15,1456],"product_tag":[],"class_list":{"0":"post-122461","1":"product","2":"type-product","3":"status-publish","4":"has-post-thumbnail","6":"product_brand-adidas","7":"product_cat-bez-kategorii","8":"product_cat-kluby-hiszpanskie-realmadryt","9":"pa_homeawaythird-home","10":"pa_rozmiar-l","12":"first","13":"instock","14":"taxable","15":"shipping-taxable","16":"purchasable","17":"product-type-simple","18":"entry","19":"content-bg","20":"loop-entry"},"taxonomy_info":{"product_brand":[{"value":1283,"label":"Adidas"}],"product_cat":[{"value":15,"label":"Bez kategorii"},{"value":1456,"label":"Real Madryt"}],"pa_homeawaythird":[{"value":1597,"label":"Home"}],"pa_rozmiar":[{"value":1817,"label":"L"}]},"featured_image_src_large":["https:\/\/footballthrift.shop\/wp-content\/uploads\/2026\/04\/Photoroom_20260409_104809-1024x1024.jpg",1024,1024,true],"author_info":[],"comment_info":"","_links":{"self":[{"href":"https:\/\/footballthrift.shop\/de\/wp-json\/wp\/v2\/product\/122461","targetHints":{"allow":["GET"]}}],"collection":[{"href":"https:\/\/footballthrift.shop\/de\/wp-json\/wp\/v2\/product"}],"about":[{"href":"https:\/\/footballthrift.shop\/de\/wp-json\/wp\/v2\/types\/product"}],"wp:featuredmedia":[{"embeddable":true,"href":"https:\/\/footballthrift.shop\/de\/wp-json\/wp\/v2\/media\/122691"}],"wp:attachment":[{"href":"https:\/\/footballthrift.shop\/de\/wp-json\/wp\/v2\/media?parent=122461"}],"wp:term":[{"taxonomy":"product_brand","embeddable":true,"href":"https:\/\/footballthrift.shop\/de\/wp-json\/wp\/v2\/product_brand?post=122461"},{"taxonomy":"product_cat","embeddable":true,"href":"https:\/\/footballthrift.shop\/de\/wp-json\/wp\/v2\/product_cat?post=122461"},{"taxonomy":"product_tag","embeddable":true,"href":"https:\/\/footballthrift.shop\/de\/wp-json\/wp\/v2\/product_tag?post=122461"}],"curies":[{"name":"wp","href":"https:\/\/api.w.org\/{rel}","templated":true}]}}