{"id":122460,"date":"2026-04-12T17:59:21","date_gmt":"2026-04-12T15:59:21","guid":{"rendered":"https:\/\/footballthrift.shop\/?post_type=product&#038;p=122460"},"modified":"2026-04-12T17:59:29","modified_gmt":"2026-04-12T15:59:29","slug":"koszulka-pilkarska-real-madryt-2017-18-away-m","status":"publish","type":"product","link":"https:\/\/footballthrift.shop\/de\/koszulka-pilkarska-real-madryt-2017-18-away-m\/","title":{"rendered":"Koszulka pi\u0142karska Real Madryt 2017\/18 Away [M]"},"content":{"rendered":"<p><strong>Verein:<\/strong> Real Madrid<\/p>\n<p><strong>Saison:<\/strong> 2017\/18 Ausw\u00e4rts<\/p>\n<p><strong>Gr\u00f6\u00dfe: <\/strong>M<\/p>\n<p><strong>Zustand:<\/strong> Ausgezeichnet<\/p>\n<p><strong>Ma\u00dfe (Achselbreite\/L\u00e4nge) in cm: <\/strong>52\/71<\/p>","protected":false},"excerpt":{"rendered":"<p><strong>Oryginalna wyjazdowa koszulka pi\u0142karska Realu Madryt z sezonu 2017\/18 produkcji Adidasa.\u00a0<\/strong><\/p>\n<p>Ausw\u00e4rtsmodell <strong>Real Madrid<\/strong> aus der Saison <strong>2017\/18<\/strong>hergestellt von <strong>Adidas<\/strong> w rozmiarze M, pochodzi z okresu zako\u0144czonego historycznym triumfem w Lidze Mistrz\u00f3w, b\u0119d\u0105cym trzecim z rz\u0119du dla klubu. Dru\u017cyna prowadzona przez Zin\u00e9dine\u2019a Zidane\u2019a potwierdzi\u0142a swoj\u0105 dominacj\u0119 w Europie, prezentuj\u0105c do\u015bwiadczenie i skuteczno\u015b\u0107 w kluczowych momentach rozgrywek.<\/p>\n<p>Koszulka zosta\u0142a wyprodukowana na czarnej bazie, z seledynowymi wyko\u0144czeniami r\u0119kawk\u00f3w oraz paskami charakterystycznymi dla projekt\u00f3w <strong>Adidas<\/strong> umieszczonymi po bokach koszulki. Na froncie centralne miejsce zajmuje nadruk sponsora <strong>Fliegen Sie Emirates<\/strong>, a ca\u0142o\u015b\u0107 tworzy kontrastowy i nowoczesny projekt wyr\u00f3\u017cniaj\u0105cy si\u0119 na tle klasycznych modeli klubu.<\/p>\n<p>W\u00e4hrend der Saison <strong>2017\/18<\/strong> <strong>Real Madrid<\/strong> opiera\u0142 swoj\u0105 gr\u0119 na takich zawodnikach jak <strong>Cristiano Ronaldo<\/strong>, kt\u00f3ry ponownie odegra\u0142 kluczow\u0105 rol\u0119 w europejskich rozgrywkach, a tak\u017ce <strong>Karim Benzema<\/strong>, <strong>Gareth Bale<\/strong>, <strong>Luka Modri\u0107<\/strong>, <strong>Toni Kroos<\/strong> und <strong>Sergio Ramos<\/strong>, tworz\u0105c jedn\u0105 z najbardziej utytu\u0142owanych dru\u017cyn swojej epoki.<\/p>\n<p>Koszulka zosta\u0142a wykonana z lekkiego i przewiewnego materia\u0142u, a kr\u00f3j w rozmiarze M odpowiada standardom stosowanym przez <strong>Adidas<\/strong>.<\/p>\n<p>Dies ist f\u00fcr Sammler und Fans, die ein originales Ausw\u00e4rtstrikot suchen <strong>Real Madrid<\/strong> aus der Saison <strong>2017\/18<\/strong>, stanowi\u0105cej czytelny zapis trzeciego z rz\u0119du triumfu w Lidze Mistrz\u00f3w.<\/p>","protected":false},"featured_media":122682,"template":"","meta":{"_kad_blocks_custom_css":"","_kad_blocks_head_custom_js":"","_kad_blocks_body_custom_js":"","_kad_blocks_footer_custom_js":"","_kad_post_transparent":"default","_kad_post_title":"","_kad_post_layout":"default","_kad_post_sidebar_id":"","_kad_post_content_style":"default","_kad_post_vertical_padding":"default","_kad_post_feature":"","_kad_post_feature_position":"","_kad_post_header":false,"_kad_post_footer":false,"_kad_post_classname":""},"product_brand":[1283],"product_cat":[15,1456],"product_tag":[],"class_list":{"0":"post-122460","1":"product","2":"type-product","3":"status-publish","4":"has-post-thumbnail","6":"product_brand-adidas","7":"product_cat-bez-kategorii","8":"product_cat-kluby-hiszpanskie-realmadryt","9":"pa_homeawaythird-away","10":"pa_rozmiar-m","12":"first","13":"instock","14":"taxable","15":"shipping-taxable","16":"purchasable","17":"product-type-simple","18":"entry","19":"content-bg","20":"loop-entry"},"taxonomy_info":{"product_brand":[{"value":1283,"label":"Adidas"}],"product_cat":[{"value":15,"label":"Bez kategorii"},{"value":1456,"label":"Real Madryt"}],"pa_homeawaythird":[{"value":1598,"label":"Away"}],"pa_rozmiar":[{"value":1816,"label":"M"}]},"featured_image_src_large":["https:\/\/footballthrift.shop\/wp-content\/uploads\/2026\/04\/Photoroom_20260409_110004-1024x1024.jpg",1024,1024,true],"author_info":[],"comment_info":"","_links":{"self":[{"href":"https:\/\/footballthrift.shop\/de\/wp-json\/wp\/v2\/product\/122460","targetHints":{"allow":["GET"]}}],"collection":[{"href":"https:\/\/footballthrift.shop\/de\/wp-json\/wp\/v2\/product"}],"about":[{"href":"https:\/\/footballthrift.shop\/de\/wp-json\/wp\/v2\/types\/product"}],"wp:featuredmedia":[{"embeddable":true,"href":"https:\/\/footballthrift.shop\/de\/wp-json\/wp\/v2\/media\/122682"}],"wp:attachment":[{"href":"https:\/\/footballthrift.shop\/de\/wp-json\/wp\/v2\/media?parent=122460"}],"wp:term":[{"taxonomy":"product_brand","embeddable":true,"href":"https:\/\/footballthrift.shop\/de\/wp-json\/wp\/v2\/product_brand?post=122460"},{"taxonomy":"product_cat","embeddable":true,"href":"https:\/\/footballthrift.shop\/de\/wp-json\/wp\/v2\/product_cat?post=122460"},{"taxonomy":"product_tag","embeddable":true,"href":"https:\/\/footballthrift.shop\/de\/wp-json\/wp\/v2\/product_tag?post=122460"}],"curies":[{"name":"wp","href":"https:\/\/api.w.org\/{rel}","templated":true}]}}