{"id":122459,"date":"2026-04-12T17:59:23","date_gmt":"2026-04-12T15:59:23","guid":{"rendered":"https:\/\/footballthrift.shop\/?post_type=product&#038;p=122459"},"modified":"2026-04-12T17:59:30","modified_gmt":"2026-04-12T15:59:30","slug":"koszulka-pilkarska-real-madryt-2022-23-home-9-benzema-s","status":"publish","type":"product","link":"https:\/\/footballthrift.shop\/de\/koszulka-pilkarska-real-madryt-2022-23-home-9-benzema-s\/","title":{"rendered":"Koszulka pi\u0142karska Real Madryt 2022\/23 Home 9 Benzema [S]"},"content":{"rendered":"<p><strong>Verein:<\/strong> Real Madrid<\/p>\n<p><strong>Saison:<\/strong> 2022\/23 Heimat<\/p>\n<p><strong>Gr\u00f6\u00dfe: <\/strong>S<\/p>\n<p><strong>Zustand:<\/strong> Bardzo dobry &#8211; niewielka plama na froncie.<\/p>\n<p><strong>Ma\u00dfe (Achselbreite\/L\u00e4nge) in cm: <\/strong>48\/73<\/p>","protected":false},"excerpt":{"rendered":"<p><strong>Oryginalna domowa koszulka pi\u0142karska Realu Madryt z sezonu 2022\/23 produkcji Adidasa z nadrukiem Karima Benzemy.\u00a0<\/strong><\/p>\n<p>Heimmodell <strong>Real Madrid<\/strong> aus der Saison <strong>2022\/23<\/strong>hergestellt von <strong>Adidas<\/strong> w rozmiarze S, pochodzi z okresu, w kt\u00f3rym klub broni\u0142 tytu\u0142u mistrza Hiszpanii oraz triumfu w Lidze Mistrz\u00f3w. Zesp\u00f3\u0142 prowadzony przez Carlo Ancelottiego utrzymywa\u0142 wysoki poziom sportowy i pozostawa\u0142 jednym z najgro\u017aniejszych rywali w Europie.<\/p>\n<p>Koszulka zosta\u0142a wyprodukowana na klasycznej bia\u0142ej bazie, z eleganckim ko\u0142nierzem typu polo oraz fioletowymi paskami charakterystycznymi dla projekt\u00f3w <strong>Adidas<\/strong> auf den \u00c4rmeln platziert. Auf der Vorderseite steht ein Sponsorenaufdruck im Mittelpunkt. <strong>Emirates fliegen besser<\/strong>, natomiast na r\u0119kawkach znajduj\u0105 si\u0119 emblematy rozgrywek <strong>Champions League<\/strong>, podkre\u015blaj\u0105ce europejski kontekst tego modelu.<\/p>\n<p>Auf der R\u00fcckseite befindet sich ein origineller Aufdruck. <strong>Karima Benzemy<\/strong>, kt\u00f3ry w tym okresie by\u0142 liderem ofensywy i jedn\u0105 z najwa\u017cniejszych postaci zespo\u0142u. <strong>Karim Benzema<\/strong> odpowiada\u0142 za zdobywanie bramek oraz gr\u0119 kombinacyjn\u0105, b\u0119d\u0105c kluczowym ogniwem dru\u017cyny obok takich zawodnik\u00f3w jak <strong>Vin\u00edcius J\u00fanior<\/strong>, <strong>Luka Modri\u0107<\/strong>, <strong>Toni Kroos<\/strong> oder <strong>Federico Valverde<\/strong>.<\/p>\n<p>Koszulka zosta\u0142a wykonana z lekkiego i przewiewnego materia\u0142u, a kr\u00f3j w rozmiarze S odpowiada standardom stosowanym przez <strong>Adidas<\/strong>.<\/p>\n<p>F\u00fcr Sammler und Fans, die ein originales Heimtrikot suchen <strong>Real Madrid<\/strong> aus der Saison <strong>2022\/23<\/strong>, stanowi\u0105cej czytelny zapis okresu obrony najwa\u017cniejszych trofe\u00f3w.<\/p>","protected":false},"featured_media":122673,"template":"","meta":{"_kad_blocks_custom_css":"","_kad_blocks_head_custom_js":"","_kad_blocks_body_custom_js":"","_kad_blocks_footer_custom_js":"","_kad_post_transparent":"default","_kad_post_title":"","_kad_post_layout":"default","_kad_post_sidebar_id":"","_kad_post_content_style":"default","_kad_post_vertical_padding":"default","_kad_post_feature":"","_kad_post_feature_position":"","_kad_post_header":false,"_kad_post_footer":false,"_kad_post_classname":""},"product_brand":[1283],"product_cat":[15,1456],"product_tag":[],"class_list":{"0":"post-122459","1":"product","2":"type-product","3":"status-publish","4":"has-post-thumbnail","6":"product_brand-adidas","7":"product_cat-bez-kategorii","8":"product_cat-kluby-hiszpanskie-realmadryt","9":"pa_homeawaythird-home","10":"pa_rozmiar-s","12":"first","13":"instock","14":"taxable","15":"shipping-taxable","16":"purchasable","17":"product-type-simple","18":"entry","19":"content-bg","20":"loop-entry"},"taxonomy_info":{"product_brand":[{"value":1283,"label":"Adidas"}],"product_cat":[{"value":15,"label":"Bez kategorii"},{"value":1456,"label":"Real Madryt"}],"pa_homeawaythird":[{"value":1597,"label":"Home"}],"pa_rozmiar":[{"value":1815,"label":"S"}]},"featured_image_src_large":["https:\/\/footballthrift.shop\/wp-content\/uploads\/2026\/04\/Photoroom_20260409_105613-1024x1024.jpg",1024,1024,true],"author_info":[],"comment_info":"","_links":{"self":[{"href":"https:\/\/footballthrift.shop\/de\/wp-json\/wp\/v2\/product\/122459","targetHints":{"allow":["GET"]}}],"collection":[{"href":"https:\/\/footballthrift.shop\/de\/wp-json\/wp\/v2\/product"}],"about":[{"href":"https:\/\/footballthrift.shop\/de\/wp-json\/wp\/v2\/types\/product"}],"wp:featuredmedia":[{"embeddable":true,"href":"https:\/\/footballthrift.shop\/de\/wp-json\/wp\/v2\/media\/122673"}],"wp:attachment":[{"href":"https:\/\/footballthrift.shop\/de\/wp-json\/wp\/v2\/media?parent=122459"}],"wp:term":[{"taxonomy":"product_brand","embeddable":true,"href":"https:\/\/footballthrift.shop\/de\/wp-json\/wp\/v2\/product_brand?post=122459"},{"taxonomy":"product_cat","embeddable":true,"href":"https:\/\/footballthrift.shop\/de\/wp-json\/wp\/v2\/product_cat?post=122459"},{"taxonomy":"product_tag","embeddable":true,"href":"https:\/\/footballthrift.shop\/de\/wp-json\/wp\/v2\/product_tag?post=122459"}],"curies":[{"name":"wp","href":"https:\/\/api.w.org\/{rel}","templated":true}]}}