{"id":122458,"date":"2026-04-12T17:59:24","date_gmt":"2026-04-12T15:59:24","guid":{"rendered":"https:\/\/footballthrift.shop\/?post_type=product&#038;p=122458"},"modified":"2026-04-12T17:59:31","modified_gmt":"2026-04-12T15:59:31","slug":"koszulka-pilkarska-real-madryt-2002-03-away-l","status":"publish","type":"product","link":"https:\/\/footballthrift.shop\/de\/koszulka-pilkarska-real-madryt-2002-03-away-l\/","title":{"rendered":"Koszulka pi\u0142karska Real Madryt 2002\/03 Away [L]"},"content":{"rendered":"<p><strong>Verein:<\/strong> Real Madrid<\/p>\n<p><strong>Saison:<\/strong> 2002\/03 Ausw\u00e4rts<\/p>\n<p><strong>Gr\u00f6\u00dfe: <\/strong>L<\/p>\n<p><strong>Zustand:<\/strong> Sehr gut - leicht besch\u00e4digter Sponsorenaufdruck auf der Vorderseite.<\/p>\n<p><strong>Ma\u00dfe (Achselbreite\/L\u00e4nge) in cm: <\/strong>57\/72<\/p>","protected":false},"excerpt":{"rendered":"<p><strong>Oryginalna wyjazdowa koszulka pi\u0142karska Realu Madryt z sezonu 2002\/03 produkcji Adidasa.\u00a0<\/strong><\/p>\n<p>Ausw\u00e4rtsmodell <strong>Real Madrid<\/strong> aus der Saison <strong>2002\/03<\/strong>hergestellt von <strong>Adidas<\/strong> w rozmiarze L, pochodzi z okresu s\u0142ynnej ery \u201eGal\u00e1cticos\u201d, kiedy klub gromadzi\u0142 najwi\u0119ksze gwiazdy \u015bwiatowego futbolu i si\u0119gn\u0105\u0142 po mistrzostwo Hiszpanii. Dru\u017cyna imponowa\u0142a ofensywnym potencja\u0142em i jako\u015bci\u0105 indywidualn\u0105 zawodnik\u00f3w, b\u0119d\u0105c jedn\u0105 z najbardziej rozpoznawalnych ekip swojej epoki.<\/p>\n<p>Koszulka zosta\u0142a wyprodukowana na czarnej bazie, z eleganckim ko\u0142nierzykiem typu polo, co nadaje jej klasyczny charakter. Na froncie centralne miejsce zajmuje nadruk sponsora <strong>Siemens Mobile<\/strong>, natomiast na r\u0119kawku znajduje si\u0119 emblemat rozgrywek <strong>La Liga<\/strong>. Ca\u0142o\u015b\u0107 utrzymana jest w minimalistycznej stylistyce typowej dla projekt\u00f3w <strong>Adidas<\/strong> aus dieser Zeit.<\/p>\n<p>W\u00e4hrend der Saison <strong>2002\/03<\/strong> <strong>Real Madrid<\/strong> opiera\u0142 swoj\u0105 gr\u0119 na takich zawodnikach jak <strong>Zin\u00e9dine Zidane<\/strong>, <strong>Ronaldo<\/strong>, <strong>Ra\u00fal<\/strong>, <strong>Luis Figo<\/strong> oder <strong>Roberto Carlos<\/strong>, tworz\u0105c jedn\u0105 z najbardziej gwiazdorskich dru\u017cyn w historii i zdobywaj\u0105c mistrzostwo Hiszpanii.<\/p>\n<p>Koszulka zosta\u0142a wykonana z lekkiego i przewiewnego materia\u0142u, a kr\u00f3j w rozmiarze L odpowiada standardom stosowanym przez <strong>Adidas<\/strong>.<\/p>\n<p>Dies ist f\u00fcr Sammler und Fans, die ein originales Ausw\u00e4rtstrikot suchen <strong>Real Madrid<\/strong> aus der Saison <strong>2002\/03<\/strong>, stanowi\u0105cej czytelny zapis ery Gal\u00e1cticos i zdobycia mistrzostwa Hiszpanii.<\/p>","protected":false},"featured_media":122665,"template":"","meta":{"_kad_blocks_custom_css":"","_kad_blocks_head_custom_js":"","_kad_blocks_body_custom_js":"","_kad_blocks_footer_custom_js":"","_kad_post_transparent":"default","_kad_post_title":"","_kad_post_layout":"default","_kad_post_sidebar_id":"","_kad_post_content_style":"default","_kad_post_vertical_padding":"default","_kad_post_feature":"","_kad_post_feature_position":"","_kad_post_header":false,"_kad_post_footer":false,"_kad_post_classname":""},"product_brand":[1283],"product_cat":[15,1456],"product_tag":[],"class_list":{"0":"post-122458","1":"product","2":"type-product","3":"status-publish","4":"has-post-thumbnail","6":"product_brand-adidas","7":"product_cat-bez-kategorii","8":"product_cat-kluby-hiszpanskie-realmadryt","9":"pa_homeawaythird-away","10":"pa_rozmiar-l","12":"first","13":"instock","14":"taxable","15":"shipping-taxable","16":"purchasable","17":"product-type-simple","18":"entry","19":"content-bg","20":"loop-entry"},"taxonomy_info":{"product_brand":[{"value":1283,"label":"Adidas"}],"product_cat":[{"value":15,"label":"Bez kategorii"},{"value":1456,"label":"Real Madryt"}],"pa_homeawaythird":[{"value":1598,"label":"Away"}],"pa_rozmiar":[{"value":1817,"label":"L"}]},"featured_image_src_large":["https:\/\/footballthrift.shop\/wp-content\/uploads\/2026\/04\/Photoroom_20260409_104954-1024x1024.jpg",1024,1024,true],"author_info":[],"comment_info":"","_links":{"self":[{"href":"https:\/\/footballthrift.shop\/de\/wp-json\/wp\/v2\/product\/122458","targetHints":{"allow":["GET"]}}],"collection":[{"href":"https:\/\/footballthrift.shop\/de\/wp-json\/wp\/v2\/product"}],"about":[{"href":"https:\/\/footballthrift.shop\/de\/wp-json\/wp\/v2\/types\/product"}],"wp:featuredmedia":[{"embeddable":true,"href":"https:\/\/footballthrift.shop\/de\/wp-json\/wp\/v2\/media\/122665"}],"wp:attachment":[{"href":"https:\/\/footballthrift.shop\/de\/wp-json\/wp\/v2\/media?parent=122458"}],"wp:term":[{"taxonomy":"product_brand","embeddable":true,"href":"https:\/\/footballthrift.shop\/de\/wp-json\/wp\/v2\/product_brand?post=122458"},{"taxonomy":"product_cat","embeddable":true,"href":"https:\/\/footballthrift.shop\/de\/wp-json\/wp\/v2\/product_cat?post=122458"},{"taxonomy":"product_tag","embeddable":true,"href":"https:\/\/footballthrift.shop\/de\/wp-json\/wp\/v2\/product_tag?post=122458"}],"curies":[{"name":"wp","href":"https:\/\/api.w.org\/{rel}","templated":true}]}}