{"id":122454,"date":"2026-04-12T17:59:26","date_gmt":"2026-04-12T15:59:26","guid":{"rendered":"https:\/\/footballthrift.shop\/?post_type=product&#038;p=122454"},"modified":"2026-04-12T17:59:31","modified_gmt":"2026-04-12T15:59:31","slug":"koszulka-pilkarska-real-madryt-2013-14-home-l","status":"publish","type":"product","link":"https:\/\/footballthrift.shop\/de\/koszulka-pilkarska-real-madryt-2013-14-home-l\/","title":{"rendered":"Koszulka pi\u0142karska Real Madryt 2013\/14 Home [L]"},"content":{"rendered":"<p><strong>Verein:<\/strong> Real Madrid<\/p>\n<p><strong>Saison:<\/strong> 2013\/14 Startseite<\/p>\n<p><strong>Gr\u00f6\u00dfe: <\/strong>L<\/p>\n<p><strong>Zustand:<\/strong> Zadowalaj\u0105cy &#8211; znacznie uszkodzony nadruk sponsora na froncie.<\/p>\n<p><strong>Ma\u00dfe (Achselbreite\/L\u00e4nge) in cm: <\/strong>54\/74<\/p>","protected":false},"excerpt":{"rendered":"<p><strong>Oryginalna domowa koszulka pi\u0142karska Realu Madryt z sezonu 2013\/14 produkcji Adidasa.\u00a0<\/strong><\/p>\n<p>Heimmodell <strong>Real Madrid<\/strong> aus der Saison <strong>2013\/14<\/strong>hergestellt von <strong>Adidas<\/strong> w rozmiarze L, pochodzi z historycznego okresu zako\u0144czonego zdobyciem upragnionej dziesi\u0105tej Ligi Mistrz\u00f3w. Dru\u017cyna prowadzona przez Carlo Ancelottiego si\u0119gn\u0119\u0142a po trofeum po dramatycznym finale przeciwko Atl\u00e9tico Madryt, zapisuj\u0105c si\u0119 na sta\u0142e w historii klubu.<\/p>\n<p>Koszulka zosta\u0142a wyprodukowana na klasycznej bia\u0142ej bazie, z subtelnymi szarymi oraz pomara\u0144czowymi wyko\u0144czeniami, kt\u00f3re nadaj\u0105 projektowi nowoczesny charakter. Na froncie centralne miejsce zajmuje nadruk sponsora <strong>Fliegen Sie Emirates<\/strong>, natomiast na r\u0119kawku znajduje si\u0119 emblemat rozgrywek <strong>La Liga<\/strong>. Ca\u0142o\u015b\u0107 utrzymana jest w eleganckiej stylistyce charakterystycznej dla projekt\u00f3w <strong>Adidas<\/strong>.<\/p>\n<p>W\u00e4hrend der Saison <strong>2013\/14<\/strong> <strong>Real Madrid<\/strong> opiera\u0142 swoj\u0105 gr\u0119 na takich zawodnikach jak <strong>Cristiano Ronaldo<\/strong>, kt\u00f3ry by\u0142 liderem ofensywy i zdobywc\u0105 wielu kluczowych bramek, a tak\u017ce <strong>Gareth Bale<\/strong>, autor decyduj\u0105cego gola w finale Pucharu Kr\u00f3la, <strong>Karim Benzema<\/strong>, <strong>Luka Modri\u0107<\/strong>, <strong>\u00c1ngel Di Mar\u00eda<\/strong> und <strong>Sergio Ramos<\/strong>, kt\u00f3rego bramka w doliczonym czasie gry fina\u0142u Ligi Mistrz\u00f3w doprowadzi\u0142a do dogrywki.<\/p>\n<p>Koszulka zosta\u0142a wykonana z lekkiego i przewiewnego materia\u0142u, a kr\u00f3j w rozmiarze L odpowiada standardom stosowanym przez <strong>Adidas<\/strong>.<\/p>\n<p>F\u00fcr Sammler und Fans, die ein originales Heimtrikot suchen <strong>Real Madrid<\/strong> aus der Saison <strong>2013\/14<\/strong>, stanowi\u0105cej czytelny zapis zdobycia dziesi\u0105tej Ligi Mistrz\u00f3w.<\/p>","protected":false},"featured_media":122633,"template":"","meta":{"_kad_blocks_custom_css":"","_kad_blocks_head_custom_js":"","_kad_blocks_body_custom_js":"","_kad_blocks_footer_custom_js":"","_kad_post_transparent":"default","_kad_post_title":"","_kad_post_layout":"default","_kad_post_sidebar_id":"","_kad_post_content_style":"default","_kad_post_vertical_padding":"default","_kad_post_feature":"","_kad_post_feature_position":"","_kad_post_header":false,"_kad_post_footer":false,"_kad_post_classname":""},"product_brand":[1283],"product_cat":[15,1456],"product_tag":[],"class_list":{"0":"post-122454","1":"product","2":"type-product","3":"status-publish","4":"has-post-thumbnail","6":"product_brand-adidas","7":"product_cat-bez-kategorii","8":"product_cat-kluby-hiszpanskie-realmadryt","9":"pa_homeawaythird-home","10":"pa_rozmiar-l","12":"first","13":"instock","14":"taxable","15":"shipping-taxable","16":"purchasable","17":"product-type-simple","18":"entry","19":"content-bg","20":"loop-entry"},"taxonomy_info":{"product_brand":[{"value":1283,"label":"Adidas"}],"product_cat":[{"value":15,"label":"Bez kategorii"},{"value":1456,"label":"Real Madryt"}],"pa_homeawaythird":[{"value":1597,"label":"Home"}],"pa_rozmiar":[{"value":1817,"label":"L"}]},"featured_image_src_large":["https:\/\/footballthrift.shop\/wp-content\/uploads\/2026\/04\/Photoroom_20260409_110216-1024x1024.jpg",1024,1024,true],"author_info":[],"comment_info":"","_links":{"self":[{"href":"https:\/\/footballthrift.shop\/de\/wp-json\/wp\/v2\/product\/122454","targetHints":{"allow":["GET"]}}],"collection":[{"href":"https:\/\/footballthrift.shop\/de\/wp-json\/wp\/v2\/product"}],"about":[{"href":"https:\/\/footballthrift.shop\/de\/wp-json\/wp\/v2\/types\/product"}],"wp:featuredmedia":[{"embeddable":true,"href":"https:\/\/footballthrift.shop\/de\/wp-json\/wp\/v2\/media\/122633"}],"wp:attachment":[{"href":"https:\/\/footballthrift.shop\/de\/wp-json\/wp\/v2\/media?parent=122454"}],"wp:term":[{"taxonomy":"product_brand","embeddable":true,"href":"https:\/\/footballthrift.shop\/de\/wp-json\/wp\/v2\/product_brand?post=122454"},{"taxonomy":"product_cat","embeddable":true,"href":"https:\/\/footballthrift.shop\/de\/wp-json\/wp\/v2\/product_cat?post=122454"},{"taxonomy":"product_tag","embeddable":true,"href":"https:\/\/footballthrift.shop\/de\/wp-json\/wp\/v2\/product_tag?post=122454"}],"curies":[{"name":"wp","href":"https:\/\/api.w.org\/{rel}","templated":true}]}}