{"id":122448,"date":"2026-04-12T17:59:28","date_gmt":"2026-04-12T15:59:28","guid":{"rendered":"https:\/\/footballthrift.shop\/?post_type=product&#038;p=122448"},"modified":"2026-04-12T17:59:32","modified_gmt":"2026-04-12T15:59:32","slug":"koszulka-pilkarska-real-madryt-2010-11-home-m","status":"publish","type":"product","link":"https:\/\/footballthrift.shop\/de\/koszulka-pilkarska-real-madryt-2010-11-home-m\/","title":{"rendered":"Koszulka pi\u0142karska Real Madryt 2010\/11 Home [M]"},"content":{"rendered":"<p><strong>Verein:<\/strong> Real Madrid<\/p>\n<p><strong>Saison:<\/strong> 2010\/11 Startseite<\/p>\n<p><strong>Gr\u00f6\u00dfe: <\/strong>M<\/p>\n<p><strong>Zustand:<\/strong> Bardzo dobry &#8211; nieznaczna liczba mikro plamek.<\/p>\n<p><strong>Ma\u00dfe (Achselbreite\/L\u00e4nge) in cm: <\/strong>52\/73<\/p>","protected":false},"excerpt":{"rendered":"<p><strong>Oryginalna domowa koszulka pi\u0142karska Realu Madryt z sezonu 2010\/11 produkcji Adidasa.\u00a0<\/strong><\/p>\n<p>Heimmodell <strong>Real Madrid<\/strong> aus der Saison <strong>2010\/11<\/strong>hergestellt von <strong>Adidas<\/strong> w rozmiarze M, pochodzi z pierwszego roku pracy Jos\u00e9 Mourinho, kt\u00f3ry rozpocz\u0105\u0142 budow\u0119 zespo\u0142u zdolnego do rywalizacji z najlepszymi dru\u017cynami w Europie. By\u0142 to sezon intensywnej walki z FC Barcelon\u0105, zako\u0144czony zdobyciem Pucharu Kr\u00f3la po pami\u0119tnym finale.<\/p>\n<p>Koszulka zosta\u0142a wyprodukowana na klasycznej bia\u0142ej bazie, z niebieskimi paskami charakterystycznymi dla projekt\u00f3w <strong>Adidas<\/strong> auf den \u00c4rmeln platziert. Auf der Vorderseite steht ein Sponsorenaufdruck im Mittelpunkt. <strong>BWIN<\/strong>, a ca\u0142o\u015b\u0107 zachowuje minimalistyczny i ponadczasowy charakter.<\/p>\n<p>W\u00e4hrend dieses Zeitraums <strong>Real Madrid<\/strong> opiera\u0142 swoj\u0105 gr\u0119 na takich zawodnikach jak <strong>Cristiano Ronaldo<\/strong>, b\u0119d\u0105cy liderem ofensywy, a tak\u017ce <strong>Mesut \u00d6zil<\/strong>, <strong>\u00c1ngel Di Mar\u00eda<\/strong>, <strong>Xabi Alonso<\/strong>, <strong>Sergio Ramos<\/strong> oder <strong>Iker Casillas<\/strong>, tworz\u0105c zesp\u00f3\u0142 pe\u0142en jako\u015bci i indywidualno\u015bci, kt\u00f3ry stopniowo wraca\u0142 na najwy\u017cszy poziom.<\/p>\n<p>Koszulka zosta\u0142a wykonana z lekkiego i przewiewnego materia\u0142u, a kr\u00f3j w rozmiarze M odpowiada standardom stosowanym przez <strong>Adidas<\/strong>.<\/p>\n<p>F\u00fcr Sammler und Fans, die ein originales Heimtrikot suchen <strong>Real Madrid<\/strong> aus der Saison <strong>2010\/11<\/strong>, stanowi\u0105cej czytelny zapis pocz\u0105tku ery Jos\u00e9 Mourinho.<\/p>","protected":false},"featured_media":122587,"template":"","meta":{"_kad_blocks_custom_css":"","_kad_blocks_head_custom_js":"","_kad_blocks_body_custom_js":"","_kad_blocks_footer_custom_js":"","_kad_post_transparent":"default","_kad_post_title":"","_kad_post_layout":"default","_kad_post_sidebar_id":"","_kad_post_content_style":"default","_kad_post_vertical_padding":"default","_kad_post_feature":"","_kad_post_feature_position":"","_kad_post_header":false,"_kad_post_footer":false,"_kad_post_classname":""},"product_brand":[1283],"product_cat":[15,1456],"product_tag":[],"class_list":{"0":"post-122448","1":"product","2":"type-product","3":"status-publish","4":"has-post-thumbnail","6":"product_brand-adidas","7":"product_cat-bez-kategorii","8":"product_cat-kluby-hiszpanskie-realmadryt","9":"pa_homeawaythird-home","10":"pa_rozmiar-m","12":"first","13":"instock","14":"taxable","15":"shipping-taxable","16":"purchasable","17":"product-type-simple","18":"entry","19":"content-bg","20":"loop-entry"},"taxonomy_info":{"product_brand":[{"value":1283,"label":"Adidas"}],"product_cat":[{"value":15,"label":"Bez kategorii"},{"value":1456,"label":"Real Madryt"}],"pa_homeawaythird":[{"value":1597,"label":"Home"}],"pa_rozmiar":[{"value":1816,"label":"M"}]},"featured_image_src_large":["https:\/\/footballthrift.shop\/wp-content\/uploads\/2026\/04\/Photoroom_20260409_105840-1024x1024.jpg",1024,1024,true],"author_info":[],"comment_info":"","_links":{"self":[{"href":"https:\/\/footballthrift.shop\/de\/wp-json\/wp\/v2\/product\/122448","targetHints":{"allow":["GET"]}}],"collection":[{"href":"https:\/\/footballthrift.shop\/de\/wp-json\/wp\/v2\/product"}],"about":[{"href":"https:\/\/footballthrift.shop\/de\/wp-json\/wp\/v2\/types\/product"}],"wp:featuredmedia":[{"embeddable":true,"href":"https:\/\/footballthrift.shop\/de\/wp-json\/wp\/v2\/media\/122587"}],"wp:attachment":[{"href":"https:\/\/footballthrift.shop\/de\/wp-json\/wp\/v2\/media?parent=122448"}],"wp:term":[{"taxonomy":"product_brand","embeddable":true,"href":"https:\/\/footballthrift.shop\/de\/wp-json\/wp\/v2\/product_brand?post=122448"},{"taxonomy":"product_cat","embeddable":true,"href":"https:\/\/footballthrift.shop\/de\/wp-json\/wp\/v2\/product_cat?post=122448"},{"taxonomy":"product_tag","embeddable":true,"href":"https:\/\/footballthrift.shop\/de\/wp-json\/wp\/v2\/product_tag?post=122448"}],"curies":[{"name":"wp","href":"https:\/\/api.w.org\/{rel}","templated":true}]}}