{"id":122447,"date":"2026-04-12T17:59:28","date_gmt":"2026-04-12T15:59:28","guid":{"rendered":"https:\/\/footballthrift.shop\/?post_type=product&#038;p=122447"},"modified":"2026-04-12T17:59:32","modified_gmt":"2026-04-12T15:59:32","slug":"koszulka-pilkarska-real-madryt-2008-09-home-xl","status":"publish","type":"product","link":"https:\/\/footballthrift.shop\/de\/koszulka-pilkarska-real-madryt-2008-09-home-xl\/","title":{"rendered":"Koszulka pi\u0142karska Real Madryt 2008\/09 Home [XL]"},"content":{"rendered":"<p><strong>Verein:<\/strong> Real Madrid<\/p>\n<p><strong>Saison:<\/strong> 2008\/09 Startseite<\/p>\n<p><strong>Gr\u00f6\u00dfe: <\/strong>XL<\/p>\n<p><strong>Zustand:<\/strong> Ausgezeichnet<\/p>\n<p><strong>Ma\u00dfe (Achselbreite\/L\u00e4nge) in cm: <\/strong>57\/77<\/p>","protected":false},"excerpt":{"rendered":"<p><strong>Oryginalna domowa koszulka pi\u0142karska Realu Madryt z sezonu 2008\/09 produkcji Adidasa.\u00a0<\/strong><\/p>\n<p>Heimmodell <strong>Real Madrid<\/strong> aus der Saison <strong>2008\/09<\/strong>hergestellt von <strong>Adidas<\/strong> w rozmiarze XL, pochodzi z prze\u0142omowego okresu w historii klubu, b\u0119d\u0105cego ostatnim sezonem przed rozpocz\u0119ciem nowej ery zwi\u0105zanej z przyj\u015bciem <strong>Cristiano Ronaldo<\/strong>. Zesp\u00f3\u0142 rywalizowa\u0142 w La Liga oraz Lidze Mistrz\u00f3w, a mimo wysokich oczekiwa\u0144 nie zdo\u0142a\u0142 si\u0119gn\u0105\u0107 po najwa\u017cniejsze trofea.<\/p>\n<p>Koszulka zosta\u0142a wyprodukowana na klasycznej bia\u0142ej bazie, z eleganckim ko\u0142nierzykiem typu polo oraz czarnymi paskami charakterystycznymi dla projekt\u00f3w <strong>Adidas<\/strong> auf den \u00c4rmeln platziert. Auf der Vorderseite steht ein Sponsorenaufdruck im Mittelpunkt. <strong>BWIN<\/strong>, kt\u00f3ry wyra\u017anie kontrastuje z jasnym t\u0142em i stanowi jeden z najbardziej rozpoznawalnych element\u00f3w koszulek <strong>Real Madrid<\/strong> aus dieser Zeit.<\/p>\n<p>W\u00e4hrend der Saison <strong>2008\/09<\/strong> <strong>Real Madrid<\/strong> opiera\u0142 swoj\u0105 gr\u0119 na takich zawodnikach jak <strong>Ra\u00fal<\/strong>, <strong>Gonzalo Higua\u00edn<\/strong>, <strong>Arjen Robben<\/strong>, <strong>Wesley Sneijder<\/strong> oder <strong>Iker Casillas<\/strong>, kt\u00f3rzy tworzyli trzon zespo\u0142u przed nadchodz\u0105c\u0105 przebudow\u0105. By\u0142 to czas zamykaj\u0105cy pewien etap i zapowiadaj\u0105cy wielkie zmiany kadrowe, kt\u00f3re w kolejnych latach przynios\u0142y klubowi powr\u00f3t na europejski szczyt.<\/p>\n<p>Koszulka zosta\u0142a wykonana z lekkiego i przewiewnego materia\u0142u, a kr\u00f3j w rozmiarze XL odpowiada standardom stosowanym przez <strong>Adidas<\/strong>.<\/p>\n<p>F\u00fcr Sammler und Fans, die ein originales Heimtrikot suchen <strong>Real Madrid<\/strong> aus der Saison <strong>2008\/09<\/strong>, stanowi\u0105cej czytelny zapis ko\u0144ca jednej ery przed nadej\u015bciem nowych gwiazd.<\/p>","protected":false},"featured_media":122578,"template":"","meta":{"_kad_blocks_custom_css":"","_kad_blocks_head_custom_js":"","_kad_blocks_body_custom_js":"","_kad_blocks_footer_custom_js":"","_kad_post_transparent":"default","_kad_post_title":"","_kad_post_layout":"default","_kad_post_sidebar_id":"","_kad_post_content_style":"default","_kad_post_vertical_padding":"default","_kad_post_feature":"","_kad_post_feature_position":"","_kad_post_header":false,"_kad_post_footer":false,"_kad_post_classname":""},"product_brand":[1283],"product_cat":[15,1456],"product_tag":[],"class_list":{"0":"post-122447","1":"product","2":"type-product","3":"status-publish","4":"has-post-thumbnail","6":"product_brand-adidas","7":"product_cat-bez-kategorii","8":"product_cat-kluby-hiszpanskie-realmadryt","9":"pa_homeawaythird-home","10":"pa_rozmiar-xl","12":"first","13":"instock","14":"taxable","15":"shipping-taxable","16":"purchasable","17":"product-type-simple","18":"entry","19":"content-bg","20":"loop-entry"},"taxonomy_info":{"product_brand":[{"value":1283,"label":"Adidas"}],"product_cat":[{"value":15,"label":"Bez kategorii"},{"value":1456,"label":"Real Madryt"}],"pa_homeawaythird":[{"value":1597,"label":"Home"}],"pa_rozmiar":[{"value":1818,"label":"XL"}]},"featured_image_src_large":["https:\/\/footballthrift.shop\/wp-content\/uploads\/2026\/04\/Photoroom_20260409_110318-1024x1024.jpg",1024,1024,true],"author_info":[],"comment_info":"","_links":{"self":[{"href":"https:\/\/footballthrift.shop\/de\/wp-json\/wp\/v2\/product\/122447","targetHints":{"allow":["GET"]}}],"collection":[{"href":"https:\/\/footballthrift.shop\/de\/wp-json\/wp\/v2\/product"}],"about":[{"href":"https:\/\/footballthrift.shop\/de\/wp-json\/wp\/v2\/types\/product"}],"wp:featuredmedia":[{"embeddable":true,"href":"https:\/\/footballthrift.shop\/de\/wp-json\/wp\/v2\/media\/122578"}],"wp:attachment":[{"href":"https:\/\/footballthrift.shop\/de\/wp-json\/wp\/v2\/media?parent=122447"}],"wp:term":[{"taxonomy":"product_brand","embeddable":true,"href":"https:\/\/footballthrift.shop\/de\/wp-json\/wp\/v2\/product_brand?post=122447"},{"taxonomy":"product_cat","embeddable":true,"href":"https:\/\/footballthrift.shop\/de\/wp-json\/wp\/v2\/product_cat?post=122447"},{"taxonomy":"product_tag","embeddable":true,"href":"https:\/\/footballthrift.shop\/de\/wp-json\/wp\/v2\/product_tag?post=122447"}],"curies":[{"name":"wp","href":"https:\/\/api.w.org\/{rel}","templated":true}]}}