{"id":122444,"date":"2026-04-12T17:59:34","date_gmt":"2026-04-12T15:59:34","guid":{"rendered":"https:\/\/footballthrift.shop\/?post_type=product&#038;p=122444"},"modified":"2026-04-12T17:59:34","modified_gmt":"2026-04-12T15:59:34","slug":"koszulka-pilkarska-real-madryt-2002-03-home-l","status":"publish","type":"product","link":"https:\/\/footballthrift.shop\/de\/koszulka-pilkarska-real-madryt-2002-03-home-l\/","title":{"rendered":"Koszulka pi\u0142karska Real Madryt 2002\/03 Home [L]"},"content":{"rendered":"<p><strong>Verein:<\/strong> Real Madrid<\/p>\n<p><strong>Saison:<\/strong> 2002\/03 Heim<\/p>\n<p><strong>Gr\u00f6\u00dfe: <\/strong>L<\/p>\n<p><strong>Zustand:<\/strong> S\u0142aby &#8211; uci\u0119ta metka z rozmiarem na karku, uszkodzony nadruk sponsora, znaczna liczba mikro zaci\u0105gni\u0119\u0107 i kilka drobnych zabrudze\u0144.<\/p>\n<p><strong>Ma\u00dfe (Achselbreite\/L\u00e4nge) in cm: <\/strong>55\/70 (vorne), 77 (hinten)<\/p>","protected":false},"excerpt":{"rendered":"<p><strong>Oryginalna domowa koszulka pi\u0142karska Realu Madryt z sezonu 2002\/03 produkcji Adidasa.\u00a0<\/strong><\/p>\n<p>Heimmodell <strong>Real Madrid<\/strong> aus der Saison <strong>2002\/03<\/strong>hergestellt von <strong>Adidas<\/strong> w rozmiarze L, pochodzi z okresu s\u0142ynnej ery \u201eGal\u00e1cticos\u201d, kiedy klub gromadzi\u0142 najwi\u0119ksze gwiazdy \u015bwiatowego futbolu. By\u0142 to sezon zako\u0144czony zdobyciem mistrzostwa Hiszpanii, a dru\u017cyna imponowa\u0142a jako\u015bci\u0105 ofensywn\u0105 i indywidualnymi umiej\u0119tno\u015bciami zawodnik\u00f3w.<\/p>\n<p>Koszulka zosta\u0142a wyprodukowana na klasycznej bia\u0142ej bazie, z eleganckim ko\u0142nierzem typu polo, kt\u00f3ry podkre\u015bla ponadczasowy charakter projektu. Na froncie centralne miejsce zajmuje nadruk sponsora <strong>Siemens Mobile<\/strong>, natomiast na r\u0119kawkach znajduj\u0105 si\u0119 emblematy rozgrywek <strong>Champions League<\/strong>, nawi\u0105zuj\u0105ce do udzia\u0142u zespo\u0142u w europejskich pucharach. Ca\u0142o\u015b\u0107 utrzymana jest w minimalistycznej stylistyce typowej dla projekt\u00f3w <strong>Adidas<\/strong>.<\/p>\n<p>W tamtym sezonie <strong>Real Madrid<\/strong> opiera\u0142 swoj\u0105 gr\u0119 na takich zawodnikach jak <strong>Zin\u00e9dine Zidane<\/strong>, <strong>Ronaldo<\/strong>, <strong>Ra\u00fal<\/strong>, <strong>Luis Figo<\/strong> oder <strong>Roberto Carlos<\/strong>, tworz\u0105c jedn\u0105 z najbardziej rozpoznawalnych i ofensywnie nastawionych dru\u017cyn w historii. Zesp\u00f3\u0142 dominowa\u0142 w rozgrywkach ligowych, a jego styl gry przyci\u0105ga\u0142 uwag\u0119 kibic\u00f3w na ca\u0142ym \u015bwiecie.<\/p>\n<p>Koszulka zosta\u0142a wykonana z lekkiego i przewiewnego materia\u0142u, a kr\u00f3j w rozmiarze L odpowiada standardom stosowanym przez <strong>Adidas<\/strong>.<\/p>\n<p>F\u00fcr Sammler und Fans, die ein originales Heimtrikot suchen <strong>Real Madrid<\/strong> aus der Saison <strong>2002\/03<\/strong>, stanowi\u0105cej czytelny zapis ery Gal\u00e1cticos i zdobycia mistrzostwa Hiszpanii.<\/p>","protected":false},"featured_media":122523,"template":"","meta":{"_kad_blocks_custom_css":"","_kad_blocks_head_custom_js":"","_kad_blocks_body_custom_js":"","_kad_blocks_footer_custom_js":"","_kad_post_transparent":"default","_kad_post_title":"","_kad_post_layout":"default","_kad_post_sidebar_id":"","_kad_post_content_style":"default","_kad_post_vertical_padding":"default","_kad_post_feature":"","_kad_post_feature_position":"","_kad_post_header":false,"_kad_post_footer":false,"_kad_post_classname":""},"product_brand":[1283],"product_cat":[15,1456],"product_tag":[],"class_list":{"0":"post-122444","1":"product","2":"type-product","3":"status-publish","4":"has-post-thumbnail","6":"product_brand-adidas","7":"product_cat-bez-kategorii","8":"product_cat-kluby-hiszpanskie-realmadryt","9":"pa_homeawaythird-home","10":"pa_rozmiar-l","12":"first","13":"instock","14":"taxable","15":"shipping-taxable","16":"purchasable","17":"product-type-simple","18":"entry","19":"content-bg","20":"loop-entry"},"taxonomy_info":{"product_brand":[{"value":1283,"label":"Adidas"}],"product_cat":[{"value":15,"label":"Bez kategorii"},{"value":1456,"label":"Real Madryt"}],"pa_homeawaythird":[{"value":1597,"label":"Home"}],"pa_rozmiar":[{"value":1817,"label":"L"}]},"featured_image_src_large":["https:\/\/footballthrift.shop\/wp-content\/uploads\/2026\/04\/Photoroom_20260409_105301-1024x1024.jpg",1024,1024,true],"author_info":[],"comment_info":"","_links":{"self":[{"href":"https:\/\/footballthrift.shop\/de\/wp-json\/wp\/v2\/product\/122444","targetHints":{"allow":["GET"]}}],"collection":[{"href":"https:\/\/footballthrift.shop\/de\/wp-json\/wp\/v2\/product"}],"about":[{"href":"https:\/\/footballthrift.shop\/de\/wp-json\/wp\/v2\/types\/product"}],"wp:featuredmedia":[{"embeddable":true,"href":"https:\/\/footballthrift.shop\/de\/wp-json\/wp\/v2\/media\/122523"}],"wp:attachment":[{"href":"https:\/\/footballthrift.shop\/de\/wp-json\/wp\/v2\/media?parent=122444"}],"wp:term":[{"taxonomy":"product_brand","embeddable":true,"href":"https:\/\/footballthrift.shop\/de\/wp-json\/wp\/v2\/product_brand?post=122444"},{"taxonomy":"product_cat","embeddable":true,"href":"https:\/\/footballthrift.shop\/de\/wp-json\/wp\/v2\/product_cat?post=122444"},{"taxonomy":"product_tag","embeddable":true,"href":"https:\/\/footballthrift.shop\/de\/wp-json\/wp\/v2\/product_tag?post=122444"}],"curies":[{"name":"wp","href":"https:\/\/api.w.org\/{rel}","templated":true}]}}