{"id":122125,"date":"2026-04-05T17:58:49","date_gmt":"2026-04-05T15:58:49","guid":{"rendered":"https:\/\/footballthrift.shop\/?post_type=product&#038;p=122125"},"modified":"2026-04-05T17:58:49","modified_gmt":"2026-04-05T15:58:49","slug":"koszulka-pilkarska-authentic-toronto-fc-2021-home-l","status":"publish","type":"product","link":"https:\/\/footballthrift.shop\/de\/koszulka-pilkarska-authentic-toronto-fc-2021-home-l\/","title":{"rendered":"Koszulka pi\u0142karska AUTHENTIC Toronto FC 2021 Home [L]"},"content":{"rendered":"<p><strong>Verein:<\/strong> FC Toronto<\/p>\n<p><strong>Saison:<\/strong> 2021 Heim<\/p>\n<p><strong>Gr\u00f6\u00dfe: <\/strong>L<\/p>\n<p><strong>Zustand:<\/strong> Ausgezeichnet<\/p>\n<p><strong>Ma\u00dfe (Achselbreite\/L\u00e4nge) in cm: <\/strong>53\/78<\/p>","protected":false},"excerpt":{"rendered":"<p><strong>Oryginalna domowa koszulka pi\u0142karska Toronto FC z sezonu 2021 produkcji Adidasa.\u00a0<\/strong><\/p>\n<p>Heimmodell <strong>FC Toronto<\/strong> aus der Saison <strong>2021<\/strong>hergestellt von <strong>Adidas<\/strong> w rozmiarze L, pochodzi z okresu wyst\u0119p\u00f3w klubu w MLS, gdzie zesp\u00f3\u0142 nale\u017ca\u0142 do najbardziej rozpoznawalnych dru\u017cyn ligi. Klub z Kanady przez lata budowa\u0142 swoj\u0105 pozycj\u0119, osi\u0105gaj\u0105c sukcesy i przyci\u0105gaj\u0105c znanych zawodnik\u00f3w.<\/p>\n<p>Koszulka zosta\u0142a wyprodukowana na czerwonej bazie, a jej charakterystycznym elementem jest pasiasty wz\u00f3r na froncie z\u0142o\u017cony z czarnych kresek, nadaj\u0105cy projektowi dynamiczny wygl\u0105d. Ca\u0142o\u015b\u0107 uzupe\u0142niaj\u0105 czarne paski charakterystyczne dla projekt\u00f3w Adidasa na r\u0119kawkach oraz czarne wyko\u0144czenia r\u0119kawk\u00f3w. Na froncie centralnie umieszczony zosta\u0142 nadruk sponsora <strong>BMO<\/strong>, wyra\u017anie kontrastuj\u0105cy z klubow\u0105 kolorystyk\u0105. Model oznaczony jest jako wersja <strong>AUTHENTISCH<\/strong>, wykonany w technologii <strong>Aeroready<\/strong>.<\/p>\n<p><strong>FC Toronto<\/strong> to jeden z najbardziej utytu\u0142owanych klub\u00f3w MLS w ostatnich latach, kt\u00f3ry szczeg\u00f3lnie zapisa\u0142 si\u0119 w historii ligi zdobyciem mistrzostwa w 2017 roku. W jego barwach wyst\u0119powali m.in. <strong>Sebastian Giovinco<\/strong>, <strong>Michael Bradley<\/strong> oder <strong>Jozy Altidore<\/strong>, kt\u00f3rzy stanowili trzon dru\u017cyny odnosz\u0105cej najwi\u0119ksze sukcesy i buduj\u0105cej mark\u0119 klubu na arenie mi\u0119dzynarodowej.<\/p>\n<p>Das T-Shirt ist aus einem leichten und luftigen Material gefertigt und der Schnitt in Gr\u00f6\u00dfe L entspricht den Standards der <strong>Adidas<\/strong>, und sorgt f\u00fcr eine Passform, die dem Design der Marke entspricht.<\/p>\n<p>F\u00fcr Sammler und Fans, die ein originales Heimtrikot suchen <strong>FC Toronto<\/strong> aus der Saison <strong>2021<\/strong>, stanowi\u0105cej czytelny zapis jednego z nowoczesnych etap\u00f3w w historii klubu MLS.<\/p>","protected":false},"featured_media":122191,"template":"","meta":{"_kad_blocks_custom_css":"","_kad_blocks_head_custom_js":"","_kad_blocks_body_custom_js":"","_kad_blocks_footer_custom_js":"","_kad_post_transparent":"default","_kad_post_title":"","_kad_post_layout":"default","_kad_post_sidebar_id":"","_kad_post_content_style":"default","_kad_post_vertical_padding":"default","_kad_post_feature":"","_kad_post_feature_position":"","_kad_post_header":false,"_kad_post_footer":false,"_kad_post_classname":""},"product_brand":[1283],"product_cat":[1415,15],"product_tag":[],"class_list":{"0":"post-122125","1":"product","2":"type-product","3":"status-publish","4":"has-post-thumbnail","6":"product_brand-adidas","7":"product_cat-ameryka-srodkowa-i-polnocna","8":"product_cat-bez-kategorii","9":"pa_homeawaythird-home","10":"pa_rozmiar-l","12":"first","13":"instock","14":"taxable","15":"shipping-taxable","16":"purchasable","17":"product-type-simple","18":"entry","19":"content-bg","20":"loop-entry"},"taxonomy_info":{"product_brand":[{"value":1283,"label":"Adidas"}],"product_cat":[{"value":1415,"label":"Ameryka \u015arodkowa i P\u00f3\u0142nocna"},{"value":15,"label":"Bez kategorii"}],"pa_homeawaythird":[{"value":1597,"label":"Home"}],"pa_rozmiar":[{"value":1817,"label":"L"}]},"featured_image_src_large":["https:\/\/footballthrift.shop\/wp-content\/uploads\/2026\/04\/Photoroom_20260404_160250-1024x1024.jpg",1024,1024,true],"author_info":[],"comment_info":"","_links":{"self":[{"href":"https:\/\/footballthrift.shop\/de\/wp-json\/wp\/v2\/product\/122125","targetHints":{"allow":["GET"]}}],"collection":[{"href":"https:\/\/footballthrift.shop\/de\/wp-json\/wp\/v2\/product"}],"about":[{"href":"https:\/\/footballthrift.shop\/de\/wp-json\/wp\/v2\/types\/product"}],"wp:featuredmedia":[{"embeddable":true,"href":"https:\/\/footballthrift.shop\/de\/wp-json\/wp\/v2\/media\/122191"}],"wp:attachment":[{"href":"https:\/\/footballthrift.shop\/de\/wp-json\/wp\/v2\/media?parent=122125"}],"wp:term":[{"taxonomy":"product_brand","embeddable":true,"href":"https:\/\/footballthrift.shop\/de\/wp-json\/wp\/v2\/product_brand?post=122125"},{"taxonomy":"product_cat","embeddable":true,"href":"https:\/\/footballthrift.shop\/de\/wp-json\/wp\/v2\/product_cat?post=122125"},{"taxonomy":"product_tag","embeddable":true,"href":"https:\/\/footballthrift.shop\/de\/wp-json\/wp\/v2\/product_tag?post=122125"}],"curies":[{"name":"wp","href":"https:\/\/api.w.org\/{rel}","templated":true}]}}