{"id":122124,"date":"2026-04-05T17:58:49","date_gmt":"2026-04-05T15:58:49","guid":{"rendered":"https:\/\/footballthrift.shop\/?post_type=product&#038;p=122124"},"modified":"2026-04-05T17:58:49","modified_gmt":"2026-04-05T15:58:49","slug":"koszulka-pilkarska-bnwt-stade-de-reims-2013-14-home-4-krychowiak-xxl","status":"publish","type":"product","link":"https:\/\/footballthrift.shop\/de\/koszulka-pilkarska-bnwt-stade-de-reims-2013-14-home-4-krychowiak-xxl\/","title":{"rendered":"Koszulka pi\u0142karska BNWT Stade De Reims 2013\/14 Home 4 Krychowiak [XXL]"},"content":{"rendered":"<p><strong>Verein:<\/strong> Stade de Reims<\/p>\n<p><strong>Saison:<\/strong> 2013\/14 Startseite<\/p>\n<p><strong>Gr\u00f6\u00dfe: <\/strong>XXL<\/p>\n<p><strong>Zustand:<\/strong> BNWT - T-shirt neu, mit Etiketten.<\/p>\n<p><strong>Ma\u00dfe (Achselbreite\/L\u00e4nge) in cm: <\/strong>62\/77(prz\u00f3d), 84(ty\u0142)<\/p>","protected":false},"excerpt":{"rendered":"<p><strong>Oryginalna domowa koszulka pi\u0142karska Stade de Reims z sezonu 2013\/14 produkcji Hummela z nadrukiem Grzegorza Krychowiaka.\u00a0<\/strong><\/p>\n<p>Heimmodell <strong>Stade de Reims<\/strong> aus der Saison <strong>2013\/14<\/strong>hergestellt von <strong>Hummel<\/strong> w rozmiarze XXL, pochodzi z okresu stabilnych wyst\u0119p\u00f3w klubu w Ligue 1 po powrocie do najwy\u017cszej klasy rozgrywkowej. Dru\u017cyna kontynuowa\u0142a budowanie swojej pozycji, utrzymuj\u0105c si\u0119 w lidze i rozwijaj\u0105c sk\u0142ad oparty na solidnych fundamentach.<\/p>\n<p>Koszulka zosta\u0142a wyprodukowana na czerwonej bazie, z bia\u0142ymi r\u0119kawkami, kt\u00f3re zdobi\u0105 czerwone chevrony charakterystyczne dla projekt\u00f3w <strong>Hummel<\/strong>. Na r\u0119kawku znajduje si\u0119 patch ligowy, a na froncie oraz z ty\u0142u umieszczono nadruki sponsor\u00f3w, tworz\u0105c klasyczn\u0105 kompozycj\u0119 meczowego modelu. Egzemplarz zachowany jest w stanie nowym, z metkami sklepowymi, co podkre\u015bla jego kolekcjonerski charakter.<\/p>\n<p>Auf der R\u00fcckseite befindet sich ein origineller Aufdruck. <strong>Grzegorz Krychowiak<\/strong>, kt\u00f3ry w tym okresie by\u0142 jednym z kluczowych zawodnik\u00f3w \u015brodka pola <strong>Stade de Reims<\/strong>, odpowiadaj\u0105c za r\u00f3wnowag\u0119 dru\u017cyny i intensywn\u0105 gr\u0119 defensywn\u0105. W kolejnych latach jego kariera znacz\u0105co si\u0119 rozwin\u0119\u0142a \u2013 si\u0119gn\u0105\u0142 po sukcesy z Sevill\u0105, zdobywaj\u0105c Lig\u0119 Europy, a nast\u0119pnie reprezentowa\u0142 m.in. Paris Saint-Germain oraz przez d\u0142ugi czas pozostawa\u0142 wa\u017cn\u0105 postaci\u0105 <strong>die polnische Nationalmannschaft<\/strong>.<\/p>\n<p>Das T-Shirt ist aus einem leichten und luftigen Material gefertigt und der XXL-Schnitt entspricht den Standards der <strong>Hummel<\/strong>, und bietet die klassische Passform, die f\u00fcr die Designs der Marke charakteristisch ist.<\/p>\n<p>F\u00fcr Sammler und Fans, die ein originales Heimtrikot suchen <strong>Stade de Reims<\/strong> aus der Saison <strong>2013\/14<\/strong>, stanowi\u0105cej czytelny zapis stabilizacji klubu w Ligue 1 i rozwoju kariery Grzegorza Krychowiaka.<\/p>","protected":false},"featured_media":122184,"template":"","meta":{"_kad_blocks_custom_css":"","_kad_blocks_head_custom_js":"","_kad_blocks_body_custom_js":"","_kad_blocks_footer_custom_js":"","_kad_post_transparent":"default","_kad_post_title":"","_kad_post_layout":"default","_kad_post_sidebar_id":"","_kad_post_content_style":"default","_kad_post_vertical_padding":"default","_kad_post_feature":"","_kad_post_feature_position":"","_kad_post_header":false,"_kad_post_footer":false,"_kad_post_classname":""},"product_brand":[1288],"product_cat":[15,2033,1411,1475],"product_tag":[],"class_list":{"0":"post-122124","1":"product","2":"type-product","3":"status-publish","4":"has-post-thumbnail","6":"product_brand-hummel","7":"product_cat-bez-kategorii","8":"product_cat-bnwt","9":"product_cat-polscy-pilkarze","10":"product_cat-pozostale-kluby-francuskie","11":"pa_homeawaythird-home","12":"pa_rozmiar-xxl","14":"first","15":"instock","16":"taxable","17":"shipping-taxable","18":"purchasable","19":"product-type-simple","20":"entry","21":"content-bg","22":"loop-entry"},"taxonomy_info":{"product_brand":[{"value":1288,"label":"Hummel"}],"product_cat":[{"value":15,"label":"Bez kategorii"},{"value":2033,"label":"BNWT"},{"value":1411,"label":"POLSCY PI\u0141KARZE"},{"value":1475,"label":"Pozosta\u0142e kluby francuskie"}],"pa_homeawaythird":[{"value":1597,"label":"Home"}],"pa_rozmiar":[{"value":1819,"label":"XXL"}]},"featured_image_src_large":["https:\/\/footballthrift.shop\/wp-content\/uploads\/2026\/04\/IMG_5937-Photoroom-1024x1024.jpg",1024,1024,true],"author_info":[],"comment_info":"","_links":{"self":[{"href":"https:\/\/footballthrift.shop\/de\/wp-json\/wp\/v2\/product\/122124","targetHints":{"allow":["GET"]}}],"collection":[{"href":"https:\/\/footballthrift.shop\/de\/wp-json\/wp\/v2\/product"}],"about":[{"href":"https:\/\/footballthrift.shop\/de\/wp-json\/wp\/v2\/types\/product"}],"wp:featuredmedia":[{"embeddable":true,"href":"https:\/\/footballthrift.shop\/de\/wp-json\/wp\/v2\/media\/122184"}],"wp:attachment":[{"href":"https:\/\/footballthrift.shop\/de\/wp-json\/wp\/v2\/media?parent=122124"}],"wp:term":[{"taxonomy":"product_brand","embeddable":true,"href":"https:\/\/footballthrift.shop\/de\/wp-json\/wp\/v2\/product_brand?post=122124"},{"taxonomy":"product_cat","embeddable":true,"href":"https:\/\/footballthrift.shop\/de\/wp-json\/wp\/v2\/product_cat?post=122124"},{"taxonomy":"product_tag","embeddable":true,"href":"https:\/\/footballthrift.shop\/de\/wp-json\/wp\/v2\/product_tag?post=122124"}],"curies":[{"name":"wp","href":"https:\/\/api.w.org\/{rel}","templated":true}]}}