{"id":122123,"date":"2026-04-05T17:58:49","date_gmt":"2026-04-05T15:58:49","guid":{"rendered":"https:\/\/footballthrift.shop\/?post_type=product&#038;p=122123"},"modified":"2026-04-05T17:58:50","modified_gmt":"2026-04-05T15:58:50","slug":"koszulka-pilkarska-bnwt-stade-de-reims-2012-13-third-4-krychowiak-xxl","status":"publish","type":"product","link":"https:\/\/footballthrift.shop\/de\/koszulka-pilkarska-bnwt-stade-de-reims-2012-13-third-4-krychowiak-xxl\/","title":{"rendered":"Koszulka pi\u0142karska BNWT Stade De Reims 2012\/13 Third 4 Krychowiak [XXL]"},"content":{"rendered":"<p><strong>Verein:<\/strong> Stade de Reims<\/p>\n<p><strong>Saison:<\/strong> 2012\/13 Dritter<\/p>\n<p><strong>Gr\u00f6\u00dfe: <\/strong>XXL<\/p>\n<p><strong>Zustand:<\/strong> BNWT &#8211; Koszulka nowa, z metkami, koszulka posiada jednak kilka wad. Materia\u0142 straci\u0142 nieco sw\u00f3j pierwotny kolor, na froncie znajduje si\u0119 niewielka dziurka i drobne zabrudznie, a na plecach mikro zaci\u0105gni\u0119cie oraz drobna plamka.<\/p>\n<p><strong>Ma\u00dfe (Achselbreite\/L\u00e4nge) in cm: <\/strong>59\/77(prz\u00f3d), 85(ty\u0142)<\/p>","protected":false},"excerpt":{"rendered":"<p><strong>Oryginalna trzecia koszulka pi\u0142karska Stade de Reims z sezonu 2012\/13 produkcji Hummela z nadrukiem Grzegorza Krychowiaka.\u00a0<\/strong><\/p>\n<p>Das dritte Modell <strong>Stade de Reims<\/strong> aus der Saison <strong>2012\/13<\/strong>hergestellt von <strong>Hummel<\/strong> w rozmiarze XXL, pochodzi z okresu powrotu klubu do Ligue 1 po wielu latach nieobecno\u015bci na najwy\u017cszym poziomie rozgrywkowym. By\u0142 to sezon stabilizacji i budowania pozycji w elicie francuskiej pi\u0142ki.<\/p>\n<p>Koszulka zosta\u0142a wyprodukowana na bia\u0142ej bazie, a jej charakterystycznym elementem s\u0105 czarne chevrony na r\u0119kawkach, typowe dla projekt\u00f3w <strong>Hummel<\/strong>, oraz szare wyko\u0144czenia r\u0119kawk\u00f3w. Na froncie oraz z ty\u0142u znajduj\u0105 si\u0119 nadruki sponsor\u00f3w, a r\u0119kawek uzupe\u0142nia patch ligowy, podkre\u015blaj\u0105cy udzia\u0142 zespo\u0142u w rozgrywkach Ligue 1. Egzemplarz zachowany jest w stanie nowym, z metkami sklepowymi, co dodatkowo zwi\u0119ksza jego warto\u015b\u0107 kolekcjonersk\u0105.<\/p>\n<p>Auf der R\u00fcckseite befindet sich ein origineller Aufdruck. <strong>Grzegorz Krychowiak<\/strong>, kt\u00f3ry w tym okresie by\u0142 wa\u017cnym ogniwem \u015brodka pola <strong>Stade de Reims<\/strong>, odpowiadaj\u0105c za r\u00f3wnowag\u0119 dru\u017cyny i prac\u0119 defensywn\u0105. W kolejnych latach jego kariera nabra\u0142a rozp\u0119du \u2013 si\u0119gn\u0105\u0142 po sukcesy z Sevill\u0105, zdobywaj\u0105c Lig\u0119 Europy, a tak\u017ce przez wiele lat stanowi\u0142 filar <strong>die polnische Nationalmannschaft<\/strong>, b\u0119d\u0105c jednym z jej najbardziej rozpoznawalnych zawodnik\u00f3w.<\/p>\n<p>Das T-Shirt ist aus einem leichten und luftigen Material gefertigt und der XXL-Schnitt entspricht den Standards der <strong>Hummel<\/strong>, und bietet die klassische Passform, die f\u00fcr die Designs der Marke charakteristisch ist.<\/p>\n<p>Dies ist f\u00fcr Sammler und Fans, die das originale dritte Fu\u00dfballtrikot suchen <strong>Stade de Reims<\/strong> aus der Saison <strong>2012\/13<\/strong>, stanowi\u0105cej czytelny zapis powrotu klubu do Ligue 1 i pocz\u0105tk\u00f3w mi\u0119dzynarodowej kariery Grzegorza Krychowiaka.<\/p>","protected":false},"featured_media":122173,"template":"","meta":{"_kad_blocks_custom_css":"","_kad_blocks_head_custom_js":"","_kad_blocks_body_custom_js":"","_kad_blocks_footer_custom_js":"","_kad_post_transparent":"default","_kad_post_title":"","_kad_post_layout":"default","_kad_post_sidebar_id":"","_kad_post_content_style":"default","_kad_post_vertical_padding":"default","_kad_post_feature":"","_kad_post_feature_position":"","_kad_post_header":false,"_kad_post_footer":false,"_kad_post_classname":""},"product_brand":[1288],"product_cat":[15,2033,1411,1475],"product_tag":[],"class_list":{"0":"post-122123","1":"product","2":"type-product","3":"status-publish","4":"has-post-thumbnail","6":"product_brand-hummel","7":"product_cat-bez-kategorii","8":"product_cat-bnwt","9":"product_cat-polscy-pilkarze","10":"product_cat-pozostale-kluby-francuskie","11":"pa_homeawaythird-third","12":"pa_rozmiar-xxl","14":"first","15":"instock","16":"taxable","17":"shipping-taxable","18":"purchasable","19":"product-type-simple","20":"entry","21":"content-bg","22":"loop-entry"},"taxonomy_info":{"product_brand":[{"value":1288,"label":"Hummel"}],"product_cat":[{"value":15,"label":"Bez kategorii"},{"value":2033,"label":"BNWT"},{"value":1411,"label":"POLSCY PI\u0141KARZE"},{"value":1475,"label":"Pozosta\u0142e kluby francuskie"}],"pa_homeawaythird":[{"value":1599,"label":"Third"}],"pa_rozmiar":[{"value":1819,"label":"XXL"}]},"featured_image_src_large":["https:\/\/footballthrift.shop\/wp-content\/uploads\/2026\/04\/IMG_5951-Photoroom-1024x1024.jpg",1024,1024,true],"author_info":[],"comment_info":"","_links":{"self":[{"href":"https:\/\/footballthrift.shop\/de\/wp-json\/wp\/v2\/product\/122123","targetHints":{"allow":["GET"]}}],"collection":[{"href":"https:\/\/footballthrift.shop\/de\/wp-json\/wp\/v2\/product"}],"about":[{"href":"https:\/\/footballthrift.shop\/de\/wp-json\/wp\/v2\/types\/product"}],"wp:featuredmedia":[{"embeddable":true,"href":"https:\/\/footballthrift.shop\/de\/wp-json\/wp\/v2\/media\/122173"}],"wp:attachment":[{"href":"https:\/\/footballthrift.shop\/de\/wp-json\/wp\/v2\/media?parent=122123"}],"wp:term":[{"taxonomy":"product_brand","embeddable":true,"href":"https:\/\/footballthrift.shop\/de\/wp-json\/wp\/v2\/product_brand?post=122123"},{"taxonomy":"product_cat","embeddable":true,"href":"https:\/\/footballthrift.shop\/de\/wp-json\/wp\/v2\/product_cat?post=122123"},{"taxonomy":"product_tag","embeddable":true,"href":"https:\/\/footballthrift.shop\/de\/wp-json\/wp\/v2\/product_tag?post=122123"}],"curies":[{"name":"wp","href":"https:\/\/api.w.org\/{rel}","templated":true}]}}