{"id":122122,"date":"2026-04-05T17:58:50","date_gmt":"2026-04-05T15:58:50","guid":{"rendered":"https:\/\/footballthrift.shop\/?post_type=product&#038;p=122122"},"modified":"2026-04-05T17:58:50","modified_gmt":"2026-04-05T15:58:50","slug":"koszulka-pilkarska-polska-2010-11-away-l","status":"publish","type":"product","link":"https:\/\/footballthrift.shop\/de\/koszulka-pilkarska-polska-2010-11-away-l\/","title":{"rendered":"Koszulka pi\u0142karska Polska 2010\/11 Away [L]"},"content":{"rendered":"<p><strong>Verein:<\/strong> Polen<\/p>\n<p><strong>Saison:<\/strong> 2010\/11 Ausw\u00e4rts<\/p>\n<p><strong>Gr\u00f6\u00dfe: <\/strong>L<\/p>\n<p><strong>Zustand:<\/strong> Ausgezeichnet<\/p>\n<p><strong>Ma\u00dfe (Achselbreite\/L\u00e4nge) in cm: <\/strong>55\/73<\/p>","protected":false},"excerpt":{"rendered":"<p><strong>Oryginalna wyjazdowa koszulka pi\u0142karska reprezentacji Polski z sezonu 2010\/11 produkcji Nike.\u00a0<\/strong><\/p>\n<p>Ausw\u00e4rtsmodell <strong>die polnische Nationalmannschaft<\/strong> aus der Saison <strong>2010\/11<\/strong>hergestellt von <strong>Nike<\/strong> w rozmiarze L, zapisa\u0142 si\u0119 w historii jako jedna z najbardziej kontrowersyjnych koszulek w dziejach kadry. Zosta\u0142 wykorzystany tylko raz \u2013 w meczu towarzyskim przeciwko Bu\u0142garii, wygranym 2:0 \u2013 po czym szybko wycofano go z u\u017cytku.<\/p>\n<p>Koszulka zosta\u0142a wyprodukowana w nietypowym, obsydianowym kolorze, znacz\u0105co odbiegaj\u0105cym od tradycyjnej kolorystyki <strong>die polnische Nationalmannschaft<\/strong>. Najwi\u0119ksze kontrowersje wzbudzi\u0142y r\u0119kawki w uk\u0142adzie czerwono-bia\u0142ym, odwracaj\u0105cym klasyczny porz\u0105dek barw narodowych, co spotka\u0142o si\u0119 z szerok\u0105 krytyk\u0105. Ca\u0142o\u015b\u0107 stanowi jeden z najbardziej nietypowych projekt\u00f3w w historii <strong>Nike<\/strong> f\u00fcr diese Darstellung.<\/p>\n<p>In diesem Zeitraum wurden die Farben <strong>die polnische Nationalmannschaft<\/strong> vertreten u.a. durch. <strong>Jakub Blaszczykowski<\/strong>, <strong>Robert Lewandowski<\/strong> oder <strong>Ludovic Obraniak<\/strong>, kt\u00f3rzy stanowili trzon dru\u017cyny przygotowuj\u0105cej si\u0119 do kolejnych turniej\u00f3w i buduj\u0105cej swoj\u0105 to\u017csamo\u015b\u0107 w nowej dekadzie.<\/p>\n<p>Das T-Shirt ist aus einem leichten und luftigen Material gefertigt und der Schnitt in Gr\u00f6\u00dfe L entspricht den Standards der <strong>Nike<\/strong>, und sorgt f\u00fcr eine Passform, die dem Design der Marke entspricht.<\/p>\n<p>Dies ist f\u00fcr Sammler und Fans, die ein originales Ausw\u00e4rtstrikot suchen <strong>die polnische Nationalmannschaft<\/strong> aus der Saison <strong>2010\/11<\/strong>, stanowi\u0105cej czytelny zapis jednego z najbardziej kontrowersyjnych epizod\u00f3w w historii kadry.<\/p>","protected":false},"featured_media":122166,"template":"","meta":{"_kad_blocks_custom_css":"","_kad_blocks_head_custom_js":"","_kad_blocks_body_custom_js":"","_kad_blocks_footer_custom_js":"","_kad_post_transparent":"default","_kad_post_title":"","_kad_post_layout":"default","_kad_post_sidebar_id":"","_kad_post_content_style":"default","_kad_post_vertical_padding":"default","_kad_post_feature":"","_kad_post_feature_position":"","_kad_post_header":false,"_kad_post_footer":false,"_kad_post_classname":""},"product_brand":[1284],"product_cat":[15,1436],"product_tag":[],"class_list":{"0":"post-122122","1":"product","2":"type-product","3":"status-publish","4":"has-post-thumbnail","6":"product_brand-nike","7":"product_cat-bez-kategorii","8":"product_cat-reprezentacja-polski","9":"pa_homeawaythird-away","10":"pa_rozmiar-l","12":"first","13":"instock","14":"taxable","15":"shipping-taxable","16":"purchasable","17":"product-type-simple","18":"entry","19":"content-bg","20":"loop-entry"},"taxonomy_info":{"product_brand":[{"value":1284,"label":"Nike"}],"product_cat":[{"value":15,"label":"Bez kategorii"},{"value":1436,"label":"Polska"}],"pa_homeawaythird":[{"value":1598,"label":"Away"}],"pa_rozmiar":[{"value":1817,"label":"L"}]},"featured_image_src_large":["https:\/\/footballthrift.shop\/wp-content\/uploads\/2026\/04\/IMG_5946-Photoroom-1024x1024.jpg",1024,1024,true],"author_info":[],"comment_info":"","_links":{"self":[{"href":"https:\/\/footballthrift.shop\/de\/wp-json\/wp\/v2\/product\/122122","targetHints":{"allow":["GET"]}}],"collection":[{"href":"https:\/\/footballthrift.shop\/de\/wp-json\/wp\/v2\/product"}],"about":[{"href":"https:\/\/footballthrift.shop\/de\/wp-json\/wp\/v2\/types\/product"}],"wp:featuredmedia":[{"embeddable":true,"href":"https:\/\/footballthrift.shop\/de\/wp-json\/wp\/v2\/media\/122166"}],"wp:attachment":[{"href":"https:\/\/footballthrift.shop\/de\/wp-json\/wp\/v2\/media?parent=122122"}],"wp:term":[{"taxonomy":"product_brand","embeddable":true,"href":"https:\/\/footballthrift.shop\/de\/wp-json\/wp\/v2\/product_brand?post=122122"},{"taxonomy":"product_cat","embeddable":true,"href":"https:\/\/footballthrift.shop\/de\/wp-json\/wp\/v2\/product_cat?post=122122"},{"taxonomy":"product_tag","embeddable":true,"href":"https:\/\/footballthrift.shop\/de\/wp-json\/wp\/v2\/product_tag?post=122122"}],"curies":[{"name":"wp","href":"https:\/\/api.w.org\/{rel}","templated":true}]}}