{"id":122121,"date":"2026-04-05T17:58:50","date_gmt":"2026-04-05T15:58:50","guid":{"rendered":"https:\/\/footballthrift.shop\/?post_type=product&#038;p=122121"},"modified":"2026-04-05T17:58:50","modified_gmt":"2026-04-05T15:58:50","slug":"koszulka-pilkarska-olympique-marsylia-2011-12-away-l","status":"publish","type":"product","link":"https:\/\/footballthrift.shop\/de\/koszulka-pilkarska-olympique-marsylia-2011-12-away-l\/","title":{"rendered":"Koszulka pi\u0142karska Olympique Marsylia 2011\/12 Away [L]"},"content":{"rendered":"<p><strong>Verein:<\/strong> Olympique Marseille<\/p>\n<p><strong>Saison:<\/strong> 2011\/12 Ausw\u00e4rts<\/p>\n<p><strong>Gr\u00f6\u00dfe: <\/strong>L<\/p>\n<p><strong>Zustand:<\/strong> Ausgezeichnet<\/p>\n<p><strong>Ma\u00dfe (Achselbreite\/L\u00e4nge) in cm: <\/strong>56\/75<\/p>","protected":false},"excerpt":{"rendered":"<p><strong>Oryginalna wyjazdowa koszulka pi\u0142karska Olympique Marsylia z sezonu 2011\/12 produkcji Adidasa.\u00a0<\/strong><\/p>\n<p>Ausw\u00e4rtsmodell <strong>Olympique Marseille<\/strong> aus der Saison <strong>2011\/12<\/strong>hergestellt von <strong>Adidas<\/strong> w rozmiarze L, pochodzi z intensywnego okresu rywalizacji na kilku frontach. Dru\u017cyna zako\u0144czy\u0142a sezon ligowy w \u015brodku tabeli, jednak zapisa\u0142a si\u0119 w historii, docieraj\u0105c a\u017c do \u0107wier\u0107fina\u0142u Ligi Mistrz\u00f3w oraz zdobywaj\u0105c Puchar Ligi Francuskiej.<\/p>\n<p>Koszulka zosta\u0142a wyprodukowana na niebieskiej bazie, a jej charakterystycznym elementem jest nieregularny wz\u00f3r na froncie w ciemniejszym odcieniu, przypominaj\u0105cy styl graffiti i nadaj\u0105cy ca\u0142o\u015bci unikalny wygl\u0105d. Ca\u0142o\u015b\u0107 uzupe\u0142niaj\u0105 z\u0142ote detale w postaci pask\u00f3w charakterystycznych dla projekt\u00f3w Adidasa na ramionach, herbu <strong>Olympique Marseille<\/strong>, nadruku sponsora oraz wyko\u0144cze\u0144 r\u0119kawk\u00f3w, kt\u00f3re wyra\u017anie kontrastuj\u0105 z t\u0142em i podkre\u015blaj\u0105 wyj\u0105tkowy charakter projektu.<\/p>\n<p>In der Saison 2011\/12 werden die Farben <strong>Olympique Marseille<\/strong> vertreten u.a. durch. <strong>Lo\u00efc R\u00e9my<\/strong>, odpowiadaj\u0105cy za skuteczno\u015b\u0107 w ofensywie, <strong>Andr\u00e9 Ayew<\/strong>, b\u0119d\u0105cy jednym z lider\u00f3w dru\u017cyny, a tak\u017ce <strong>Didier Deschamps<\/strong> jako trener prowadz\u0105cy zesp\u00f3\u0142 w europejskich rozgrywkach. W sk\u0142adzie znajdowali si\u0119 r\u00f3wnie\u017c do\u015bwiadczeni zawodnicy, kt\u00f3rzy przyczynili si\u0119 do sukces\u00f3w pucharowych.<\/p>\n<p>Das T-Shirt ist aus einem leichten und luftigen Material gefertigt und der Schnitt in Gr\u00f6\u00dfe L entspricht den Standards der <strong>Adidas<\/strong>, und bietet die klassische Passform, die f\u00fcr die Designs der Marke charakteristisch ist.<\/p>\n<p>Dies ist f\u00fcr Sammler und Fans, die ein originales Ausw\u00e4rtstrikot suchen <strong>Olympique Marseille<\/strong> aus der Saison <strong>2011\/12<\/strong>, stanowi\u0105cej czytelny zapis udanego sezonu pucharowego i jednego z najbardziej charakterystycznych projekt\u00f3w tego klubu.<\/p>","protected":false},"featured_media":122158,"template":"","meta":{"_kad_blocks_custom_css":"","_kad_blocks_head_custom_js":"","_kad_blocks_body_custom_js":"","_kad_blocks_footer_custom_js":"","_kad_post_transparent":"default","_kad_post_title":"","_kad_post_layout":"default","_kad_post_sidebar_id":"","_kad_post_content_style":"default","_kad_post_vertical_padding":"default","_kad_post_feature":"","_kad_post_feature_position":"","_kad_post_header":false,"_kad_post_footer":false,"_kad_post_classname":""},"product_brand":[1283],"product_cat":[15,1452],"product_tag":[],"class_list":{"0":"post-122121","1":"product","2":"type-product","3":"status-publish","4":"has-post-thumbnail","6":"product_brand-adidas","7":"product_cat-bez-kategorii","8":"product_cat-olympique-marsylia","9":"pa_homeawaythird-away","10":"pa_rozmiar-l","12":"first","13":"instock","14":"taxable","15":"shipping-taxable","16":"purchasable","17":"product-type-simple","18":"entry","19":"content-bg","20":"loop-entry"},"taxonomy_info":{"product_brand":[{"value":1283,"label":"Adidas"}],"product_cat":[{"value":15,"label":"Bez kategorii"},{"value":1452,"label":"Olympique Marsylia"}],"pa_homeawaythird":[{"value":1598,"label":"Away"}],"pa_rozmiar":[{"value":1817,"label":"L"}]},"featured_image_src_large":["https:\/\/footballthrift.shop\/wp-content\/uploads\/2026\/04\/Photoroom_20260404_155752-1024x1024.jpg",1024,1024,true],"author_info":[],"comment_info":"","_links":{"self":[{"href":"https:\/\/footballthrift.shop\/de\/wp-json\/wp\/v2\/product\/122121","targetHints":{"allow":["GET"]}}],"collection":[{"href":"https:\/\/footballthrift.shop\/de\/wp-json\/wp\/v2\/product"}],"about":[{"href":"https:\/\/footballthrift.shop\/de\/wp-json\/wp\/v2\/types\/product"}],"wp:featuredmedia":[{"embeddable":true,"href":"https:\/\/footballthrift.shop\/de\/wp-json\/wp\/v2\/media\/122158"}],"wp:attachment":[{"href":"https:\/\/footballthrift.shop\/de\/wp-json\/wp\/v2\/media?parent=122121"}],"wp:term":[{"taxonomy":"product_brand","embeddable":true,"href":"https:\/\/footballthrift.shop\/de\/wp-json\/wp\/v2\/product_brand?post=122121"},{"taxonomy":"product_cat","embeddable":true,"href":"https:\/\/footballthrift.shop\/de\/wp-json\/wp\/v2\/product_cat?post=122121"},{"taxonomy":"product_tag","embeddable":true,"href":"https:\/\/footballthrift.shop\/de\/wp-json\/wp\/v2\/product_tag?post=122121"}],"curies":[{"name":"wp","href":"https:\/\/api.w.org\/{rel}","templated":true}]}}