{"id":122119,"date":"2026-04-05T17:58:51","date_gmt":"2026-04-05T15:58:51","guid":{"rendered":"https:\/\/footballthrift.shop\/?post_type=product&#038;p=122119"},"modified":"2026-04-05T17:58:51","modified_gmt":"2026-04-05T15:58:51","slug":"koszulka-pilkarska-maroko-1998-00-third-xl","status":"publish","type":"product","link":"https:\/\/footballthrift.shop\/de\/koszulka-pilkarska-maroko-1998-00-third-xl\/","title":{"rendered":"Koszulka pi\u0142karska Maroko 1998\/00 Third [XL]"},"content":{"rendered":"<p><strong>Verein:<\/strong> Maroko<\/p>\n<p><strong>Saison:<\/strong> 1998\/00 Third<\/p>\n<p><strong>Gr\u00f6\u00dfe: <\/strong>XL<\/p>\n<p><strong>Zustand:<\/strong> Sehr gut - ein Mikrozug am \u00c4rmel.<\/p>\n<p><strong>Ma\u00dfe (Achselbreite\/L\u00e4nge) in cm: <\/strong>59\/78<\/p>","protected":false},"excerpt":{"rendered":"<p><strong>Oryginalna trzecia koszulka pi\u0142karska reprezentacji Maroka z lat 1998\/00 produkcji Pumy.\u00a0<\/strong><\/p>\n<p>Das dritte Modell <strong>reprezentacji Maroka<\/strong> im Laufe der Jahre <strong>1998\/00<\/strong>hergestellt von <strong>Puma<\/strong> w rozmiarze XL, pochodzi z okresu udzia\u0142u kadry w Mistrzostwach \u015awiata 1998 we Francji. Dru\u017cyna zaprezentowa\u0142a si\u0119 solidnie w fazie grupowej, jednak mimo zdobycia czterech punkt\u00f3w nie zdo\u0142a\u0142a awansowa\u0107 do kolejnej rundy, odpadaj\u0105c w jednej z najbardziej wyr\u00f3wnanych grup turnieju.<\/p>\n<p>Koszulka zosta\u0142a wyprodukowana na czerwonej bazie, a jej charakterystycznym elementem jest zielony, poziomy pas biegn\u0105cy przez klatk\u0119 piersiow\u0105 i r\u0119kawki, nawi\u0105zuj\u0105cy do barw narodowych <strong>reprezentacji Maroka<\/strong>. Ca\u0142o\u015b\u0107 uzupe\u0142nia ko\u0142nierz typu polo, nadaj\u0105cy projektowi klasyczny wygl\u0105d typowy dla projekt\u00f3w <strong>Pumas<\/strong> z ko\u0144c\u00f3wki lat 90. Model ten nale\u017cy do niezwykle rzadkich i poszukiwanych egzemplarzy kolekcjonerskich.<\/p>\n<p>In diesem Zeitraum wurden die Farben <strong>reprezentacji Maroka<\/strong> vertreten u.a. durch. <strong>Mustapha Hadji<\/strong>, jeden z najbardziej utalentowanych zawodnik\u00f3w w historii kadry, <strong>Salaheddine Bassir<\/strong>, kluczowa posta\u0107 ofensywy, a tak\u017ce <strong>Noureddine Naybet<\/strong>, lider defensywy i wieloletni filar zespo\u0142u. Kadra wyr\u00f3\u017cnia\u0142a si\u0119 technik\u0105, dynamik\u0105 i zdolno\u015bci\u0105 do rywalizacji z silniejszymi zespo\u0142ami.<\/p>\n<p>Das T-Shirt ist aus leichtem und atmungsaktivem Material gefertigt und der Schnitt in Gr\u00f6\u00dfe XL entspricht den Standards der <strong>Pumas<\/strong>, und bietet die klassische Passform, die f\u00fcr die Designs der Marke charakteristisch ist.<\/p>\n<p>Dies ist f\u00fcr Sammler und Fans, die das originale dritte Fu\u00dfballtrikot suchen <strong>reprezentacji Maroka<\/strong> im Laufe der Jahre <strong>1998\/00<\/strong>, stanowi\u0105cej czytelny zapis udzia\u0142u kadry w mundialu 1998 i jednego z najbardziej utalentowanych pokole\u0144 w jej historii.<\/p>","protected":false},"featured_media":122143,"template":"","meta":{"_kad_blocks_custom_css":"","_kad_blocks_head_custom_js":"","_kad_blocks_body_custom_js":"","_kad_blocks_footer_custom_js":"","_kad_post_transparent":"default","_kad_post_title":"","_kad_post_layout":"default","_kad_post_sidebar_id":"","_kad_post_content_style":"default","_kad_post_vertical_padding":"default","_kad_post_feature":"","_kad_post_feature_position":"","_kad_post_header":false,"_kad_post_footer":false,"_kad_post_classname":""},"product_brand":[1287],"product_cat":[1414,15],"product_tag":[],"class_list":{"0":"post-122119","1":"product","2":"type-product","3":"status-publish","4":"has-post-thumbnail","6":"product_brand-puma","7":"product_cat-reprezentacje-afryka","8":"product_cat-bez-kategorii","9":"pa_homeawaythird-third","10":"pa_rozmiar-xl","12":"first","13":"instock","14":"taxable","15":"shipping-taxable","16":"purchasable","17":"product-type-simple","18":"entry","19":"content-bg","20":"loop-entry"},"taxonomy_info":{"product_brand":[{"value":1287,"label":"Puma"}],"product_cat":[{"value":1414,"label":"Afryka"},{"value":15,"label":"Bez kategorii"}],"pa_homeawaythird":[{"value":1599,"label":"Third"}],"pa_rozmiar":[{"value":1818,"label":"XL"}]},"featured_image_src_large":["https:\/\/footballthrift.shop\/wp-content\/uploads\/2026\/04\/Photoroom_20260404_160120-1024x1024.jpg",1024,1024,true],"author_info":[],"comment_info":"","_links":{"self":[{"href":"https:\/\/footballthrift.shop\/de\/wp-json\/wp\/v2\/product\/122119","targetHints":{"allow":["GET"]}}],"collection":[{"href":"https:\/\/footballthrift.shop\/de\/wp-json\/wp\/v2\/product"}],"about":[{"href":"https:\/\/footballthrift.shop\/de\/wp-json\/wp\/v2\/types\/product"}],"wp:featuredmedia":[{"embeddable":true,"href":"https:\/\/footballthrift.shop\/de\/wp-json\/wp\/v2\/media\/122143"}],"wp:attachment":[{"href":"https:\/\/footballthrift.shop\/de\/wp-json\/wp\/v2\/media?parent=122119"}],"wp:term":[{"taxonomy":"product_brand","embeddable":true,"href":"https:\/\/footballthrift.shop\/de\/wp-json\/wp\/v2\/product_brand?post=122119"},{"taxonomy":"product_cat","embeddable":true,"href":"https:\/\/footballthrift.shop\/de\/wp-json\/wp\/v2\/product_cat?post=122119"},{"taxonomy":"product_tag","embeddable":true,"href":"https:\/\/footballthrift.shop\/de\/wp-json\/wp\/v2\/product_tag?post=122119"}],"curies":[{"name":"wp","href":"https:\/\/api.w.org\/{rel}","templated":true}]}}