{"id":122113,"date":"2026-04-05T17:58:42","date_gmt":"2026-04-05T15:58:42","guid":{"rendered":"https:\/\/footballthrift.shop\/?post_type=product&#038;p=122113"},"modified":"2026-04-10T10:53:24","modified_gmt":"2026-04-10T08:53:24","slug":"koszulka-pilkarska-inter-mediolan-2022-23-away-xl","status":"publish","type":"product","link":"https:\/\/footballthrift.shop\/de\/koszulka-pilkarska-inter-mediolan-2022-23-away-xl\/","title":{"rendered":"Koszulka pi\u0142karska Inter Mediolan 2022\/23 Away [XL]"},"content":{"rendered":"<p><strong>Verein:<\/strong> Inter Mailand<\/p>\n<p><strong>Saison:<\/strong> 2022\/23 Ausw\u00e4rts<\/p>\n<p><strong>Gr\u00f6\u00dfe: <\/strong>XL<\/p>\n<p><strong>Zustand:<\/strong> Bardzo dobry &#8211; kilka drobnych zabrudze\u0144 na froncie.<\/p>\n<p><strong>Ma\u00dfe (Achselbreite\/L\u00e4nge) in cm: <\/strong>60\/75<\/p>","protected":false},"excerpt":{"rendered":"<p><strong>Oryginalna wyjazdowa koszulka pi\u0142karska Interu Mediolan z sezonu 2022\/23 produkcji Nike.\u00a0<\/strong><\/p>\n<p>Ausw\u00e4rtsmodell <strong>Inter Mailand<\/strong> aus der Saison <strong>2022\/23<\/strong>hergestellt von <strong>Nike<\/strong> w rozmiarze XL, pochodzi z bardzo udanego okresu dla klubu na arenie europejskiej, zako\u0144czonego awansem do fina\u0142u Ligi Mistrz\u00f3w. Zesp\u00f3\u0142 prowadzony przez Simone Inzaghiego prezentowa\u0142 solidn\u0105 i zdyscyplinowan\u0105 gr\u0119, \u0142\u0105cz\u0105c skuteczn\u0105 defensyw\u0119 z gro\u017anymi kontratakami.<\/p>\n<p>Koszulka zosta\u0142a wyprodukowana na bia\u0142ej bazie, z charakterystycznym motywem mapy \u015bwiata pokrywaj\u0105cym ca\u0142\u0105 powierzchni\u0119 w kolorze mi\u0119towym, co nadaje projektowi nowoczesny i unikalny wygl\u0105d. Na froncie centralne miejsce zajmuje nadruk sponsora <strong>DigitalBits<\/strong>, a ca\u0142o\u015b\u0107 utrzymana jest w stylistyce wyr\u00f3\u017cniaj\u0105cej projekty <strong>Nike<\/strong> aus dieser Zeit.<\/p>\n<p>W\u00e4hrend der Saison <strong>2022\/23<\/strong> <strong>Inter Mailand<\/strong> m\u00f3g\u0142 liczy\u0107 na takich zawodnik\u00f3w jak <strong>Lautaro Mart\u00ednez<\/strong>, b\u0119d\u0105cy kluczow\u0105 postaci\u0105 ofensywy, a tak\u017ce <strong>Edin D\u017eeko<\/strong>, <strong>Nicol\u00f2 Barella<\/strong>, <strong>Hakan \u00c7alhano\u011flu<\/strong> oder <strong>Marcelo Brozovi\u0107<\/strong>. W defensywie wyr\u00f3\u017cniali si\u0119 <strong>Alessandro Bastoni<\/strong> i <strong>Milan \u0160kriniar<\/strong>, natomiast wa\u017cn\u0105 rol\u0119 mi\u0119dzy s\u0142upkami odgrywa\u0142 <strong>Andr\u00e9 Onana<\/strong>, kt\u00f3rego wyst\u0119py by\u0142y istotnym elementem europejskiej kampanii.<\/p>\n<p>Koszulka zosta\u0142a wykonana z lekkiego i przewiewnego materia\u0142u, a kr\u00f3j w rozmiarze XL odpowiada standardom stosowanym przez <strong>Nike<\/strong>.<\/p>\n<p>Dies ist f\u00fcr Sammler und Fans, die ein originales Ausw\u00e4rtstrikot suchen <strong>Inter Mailand<\/strong> aus der Saison <strong>2022\/23<\/strong>, stanowi\u0105cej czytelny zapis jego drogi do fina\u0142u Ligi Mistrz\u00f3w.<\/p>","protected":false},"featured_media":122713,"template":"","meta":{"_kad_blocks_custom_css":"","_kad_blocks_head_custom_js":"","_kad_blocks_body_custom_js":"","_kad_blocks_footer_custom_js":"","_kad_post_transparent":"default","_kad_post_title":"","_kad_post_layout":"default","_kad_post_sidebar_id":"","_kad_post_content_style":"default","_kad_post_vertical_padding":"default","_kad_post_feature":"","_kad_post_feature_position":"","_kad_post_header":false,"_kad_post_footer":false,"_kad_post_classname":""},"product_brand":[1284],"product_cat":[15,1458],"product_tag":[],"class_list":{"0":"post-122113","1":"product","2":"type-product","3":"status-publish","4":"has-post-thumbnail","6":"product_brand-nike","7":"product_cat-bez-kategorii","8":"product_cat-kluby-wloskie-intermediolan","9":"pa_homeawaythird-away","10":"pa_rozmiar-xl","12":"first","13":"instock","14":"taxable","15":"shipping-taxable","16":"purchasable","17":"product-type-simple","18":"entry","19":"content-bg","20":"loop-entry"},"taxonomy_info":{"product_brand":[{"value":1284,"label":"Nike"}],"product_cat":[{"value":15,"label":"Bez kategorii"},{"value":1458,"label":"Inter Mediolan"}],"pa_homeawaythird":[{"value":1598,"label":"Away"}],"pa_rozmiar":[{"value":1818,"label":"XL"}]},"featured_image_src_large":["https:\/\/footballthrift.shop\/wp-content\/uploads\/2026\/04\/Photoroom_20260410_105042-1024x1024.jpg",1024,1024,true],"author_info":[],"comment_info":"","_links":{"self":[{"href":"https:\/\/footballthrift.shop\/de\/wp-json\/wp\/v2\/product\/122113","targetHints":{"allow":["GET"]}}],"collection":[{"href":"https:\/\/footballthrift.shop\/de\/wp-json\/wp\/v2\/product"}],"about":[{"href":"https:\/\/footballthrift.shop\/de\/wp-json\/wp\/v2\/types\/product"}],"wp:featuredmedia":[{"embeddable":true,"href":"https:\/\/footballthrift.shop\/de\/wp-json\/wp\/v2\/media\/122713"}],"wp:attachment":[{"href":"https:\/\/footballthrift.shop\/de\/wp-json\/wp\/v2\/media?parent=122113"}],"wp:term":[{"taxonomy":"product_brand","embeddable":true,"href":"https:\/\/footballthrift.shop\/de\/wp-json\/wp\/v2\/product_brand?post=122113"},{"taxonomy":"product_cat","embeddable":true,"href":"https:\/\/footballthrift.shop\/de\/wp-json\/wp\/v2\/product_cat?post=122113"},{"taxonomy":"product_tag","embeddable":true,"href":"https:\/\/footballthrift.shop\/de\/wp-json\/wp\/v2\/product_tag?post=122113"}],"curies":[{"name":"wp","href":"https:\/\/api.w.org\/{rel}","templated":true}]}}