{"id":122108,"date":"2026-04-05T17:58:43","date_gmt":"2026-04-05T15:58:43","guid":{"rendered":"https:\/\/footballthrift.shop\/?post_type=product&#038;p=122108"},"modified":"2026-04-05T17:58:43","modified_gmt":"2026-04-05T15:58:43","slug":"koszulka-pilkarska-fc-barcelona-2022-23-third-s","status":"publish","type":"product","link":"https:\/\/footballthrift.shop\/de\/koszulka-pilkarska-fc-barcelona-2022-23-third-s\/","title":{"rendered":"Koszulka pi\u0142karska FC Barcelona 2022\/23 Third [S]"},"content":{"rendered":"<p><strong>Verein:<\/strong> FC Barcelona<\/p>\n<p><strong>Saison:<\/strong> 2022\/23 Dritter<\/p>\n<p><strong>Gr\u00f6\u00dfe: <\/strong>S<\/p>\n<p><strong>Zustand:<\/strong> Bardzo dobry &#8211; trzy mikro zaci\u0105gni\u0119cia na froncie.<\/p>\n<p><strong>Ma\u00dfe (Achselbreite\/L\u00e4nge) in cm: <\/strong>48\/70<\/p>","protected":false},"excerpt":{"rendered":"<p>Original drittes Fu\u00dfballtrikot <strong>FC Barcelona<\/strong> aus der Saison <strong>2022\/23<\/strong> Produktion <strong>Nike<\/strong>.<\/p>\n<p>Dritter Satz <strong>FC Barcelona<\/strong> aus der Saison <strong>2022\/23<\/strong>hergestellt von <strong>Nike<\/strong> w rozmiarze S, to projekt z pierwszego pe\u0142nego sezonu odbudowy zespo\u0142u pod wodz\u0105 Xaviego. Katalo\u0144ski klub si\u0119gn\u0105\u0142 w tych rozgrywkach po mistrzostwo Hiszpanii, odzyskuj\u0105c tytu\u0142 La Liga i potwierdzaj\u0105c powr\u00f3t do krajowej dominacji.<\/p>\n<p>Das T-Shirt wurde auf einem grauen Untergrund hergestellt, der von einem gro\u00dfen, ausdrucksstarken Kreuz in Blau und Rot durchzogen ist, das auf die traditionellen Farben der Niederlande verweist. <strong>FC Barcelona<\/strong>. Jest to wersja bez nadruku sponsora na froncie.\u00a0Herb klubu oraz logo <strong>Nike<\/strong> klassisch auf der Brust eingesetzt, wobei der moderne und k\u00fchne Designcharakter des dritten Sets erhalten bleibt.<\/p>\n<p>Saison <strong>2022\/23<\/strong> war f\u00fcr <strong>FC Barcelona<\/strong> eine Zeit des sportlichen Wiederaufbaus und des erfolgreichen Kampfes um die h\u00f6chsten Ziele in Spanien. Die Farben der Mannschaft waren. <strong>Robert Lewandowski<\/strong>, f\u00fcr den es die erste Saison im Verein war und der schnell zum Offensivspieler und Torsch\u00fctzenk\u00f6nig von La Liga wurde, <strong>Pedri<\/strong>, der f\u00fcr die Kreativit\u00e4t im Mittelfeld verantwortlich ist, und <strong>Marc-Andr\u00e9 ter Stegen<\/strong>, Er war eine tragende S\u00e4ule in der Defensive und einer der Hauptakteure der Meisterschaftskampagne.<\/p>\n<p>Das T-Shirt ist aus einem leichten und luftigen Material gefertigt und der Schnitt in Gr\u00f6\u00dfe S entspricht den Standards der <strong>Nike<\/strong>, und bietet eine klassische Passform, die dem Design der Marke entspricht.<\/p>\n<p>Dies ist f\u00fcr Sammler und Fans, die das originale dritte Fu\u00dfballtrikot suchen <strong>FC Barcelona<\/strong> aus der Saison <strong>2022\/23<\/strong>, eine klare Aufzeichnung der meisterhaften R\u00fcckkehr an die Spitze und der ersten Saison des <strong>Robert Lewandowski<\/strong> in den katalanischen Farben.<\/p>","protected":false},"featured_media":122316,"template":"","meta":{"_kad_blocks_custom_css":"","_kad_blocks_head_custom_js":"","_kad_blocks_body_custom_js":"","_kad_blocks_footer_custom_js":"","_kad_post_transparent":"default","_kad_post_title":"","_kad_post_layout":"default","_kad_post_sidebar_id":"","_kad_post_content_style":"default","_kad_post_vertical_padding":"default","_kad_post_feature":"","_kad_post_feature_position":"","_kad_post_header":false,"_kad_post_footer":false,"_kad_post_classname":""},"product_brand":[1284],"product_cat":[15,1448],"product_tag":[],"class_list":{"0":"post-122108","1":"product","2":"type-product","3":"status-publish","4":"has-post-thumbnail","6":"product_brand-nike","7":"product_cat-bez-kategorii","8":"product_cat-kluby-hiszpanskie-fcbarcelona","9":"pa_homeawaythird-third","10":"pa_rozmiar-s","12":"first","13":"instock","14":"taxable","15":"shipping-taxable","16":"purchasable","17":"product-type-simple","18":"entry","19":"content-bg","20":"loop-entry"},"taxonomy_info":{"product_brand":[{"value":1284,"label":"Nike"}],"product_cat":[{"value":15,"label":"Bez kategorii"},{"value":1448,"label":"FC Barcelona"}],"pa_homeawaythird":[{"value":1599,"label":"Third"}],"pa_rozmiar":[{"value":1815,"label":"S"}]},"featured_image_src_large":["https:\/\/footballthrift.shop\/wp-content\/uploads\/2026\/04\/IMG_5981-Photoroom-1024x1024.jpg",1024,1024,true],"author_info":[],"comment_info":"","_links":{"self":[{"href":"https:\/\/footballthrift.shop\/de\/wp-json\/wp\/v2\/product\/122108","targetHints":{"allow":["GET"]}}],"collection":[{"href":"https:\/\/footballthrift.shop\/de\/wp-json\/wp\/v2\/product"}],"about":[{"href":"https:\/\/footballthrift.shop\/de\/wp-json\/wp\/v2\/types\/product"}],"wp:featuredmedia":[{"embeddable":true,"href":"https:\/\/footballthrift.shop\/de\/wp-json\/wp\/v2\/media\/122316"}],"wp:attachment":[{"href":"https:\/\/footballthrift.shop\/de\/wp-json\/wp\/v2\/media?parent=122108"}],"wp:term":[{"taxonomy":"product_brand","embeddable":true,"href":"https:\/\/footballthrift.shop\/de\/wp-json\/wp\/v2\/product_brand?post=122108"},{"taxonomy":"product_cat","embeddable":true,"href":"https:\/\/footballthrift.shop\/de\/wp-json\/wp\/v2\/product_cat?post=122108"},{"taxonomy":"product_tag","embeddable":true,"href":"https:\/\/footballthrift.shop\/de\/wp-json\/wp\/v2\/product_tag?post=122108"}],"curies":[{"name":"wp","href":"https:\/\/api.w.org\/{rel}","templated":true}]}}