{"id":122106,"date":"2026-04-05T17:58:44","date_gmt":"2026-04-05T15:58:44","guid":{"rendered":"https:\/\/footballthrift.shop\/?post_type=product&#038;p=122106"},"modified":"2026-04-05T17:58:45","modified_gmt":"2026-04-05T15:58:45","slug":"koszulka-pilkarska-fc-barcelona-2002-03-home-xl","status":"publish","type":"product","link":"https:\/\/footballthrift.shop\/de\/koszulka-pilkarska-fc-barcelona-2002-03-home-xl\/","title":{"rendered":"Koszulka pi\u0142karska FC Barcelona 2002\/03 Home [XL]"},"content":{"rendered":"<p><strong>Verein:<\/strong> FC Barcelona<\/p>\n<p><strong>Saison:<\/strong> 2002\/03 Heim<\/p>\n<p><strong>Gr\u00f6\u00dfe: <\/strong>XL<\/p>\n<p><strong>Zustand:<\/strong> Ausgezeichnet<\/p>\n<p><strong>Ma\u00dfe (Achselbreite\/L\u00e4nge) in cm: <\/strong>64\/77<\/p>","protected":false},"excerpt":{"rendered":"<p><strong>Oryginalna domowa koszulka pi\u0142karska FC Barcelony z sezonu 2002\/03 produkcji Nike.\u00a0<\/strong><\/p>\n<p>Heimmodell <strong>FC Barcelona<\/strong> aus der Saison <strong>2002\/03<\/strong>hergestellt von <strong>Nike<\/strong> w rozmiarze XL, pochodzi z trudniejszego okresu w historii klubu, kiedy dru\u017cyna przechodzi\u0142a przebudow\u0119 i szuka\u0142a nowej to\u017csamo\u015bci sportowej. Mimo nier\u00f3wnej formy w pierwszej cz\u0119\u015bci sezonu, ko\u0144c\u00f3wka rozgrywek przynios\u0142a popraw\u0119 wynik\u00f3w i pozwoli\u0142a zespo\u0142owi zako\u0144czy\u0107 ligowe zmagania na miejscu daj\u0105cym awans do europejskich puchar\u00f3w.<\/p>\n<p>Koszulka zosta\u0142a wyprodukowana w uk\u0142adzie grubych, pionowych bordowo-granatowych pas\u00f3w, kt\u00f3re stanowi\u0105 klasyczny znak rozpoznawczy <strong>FC Barcelona<\/strong>. Projekt zachowuje minimalistyczny charakter, bez nadruku sponsora na froncie, co by\u0142o charakterystyczne dla koszulek klubu z tamtego okresu. Ca\u0142o\u015b\u0107 utrzymana jest w tradycyjnej estetyce, typowej dla projekt\u00f3w <strong>Nike<\/strong>.<\/p>\n<p>W tamtym sezonie <strong>FC Barcelona<\/strong> opiera\u0142a si\u0119 na takich zawodnikach jak <strong>Patrick Kluivert<\/strong>, jeden z g\u0142\u00f3wnych strzelc\u00f3w dru\u017cyny, a tak\u017ce <strong>Rivaldo<\/strong> (na pocz\u0105tku sezonu), <strong>Luis Enrique<\/strong>, <strong>Carles Puyol<\/strong> ob jung <strong>Xavi<\/strong>, kt\u00f3ry stopniowo odgrywa\u0142 coraz wi\u0119ksz\u0105 rol\u0119 w \u015brodku pola. Ko\u0144c\u00f3wka rozgrywek pod wodz\u0105 Radomira Anticia by\u0142a zapowiedzi\u0105 zmian, kt\u00f3re w kolejnych latach doprowadzi\u0142y klub do ponownej dominacji.<\/p>\n<p>Koszulka zosta\u0142a wykonana z lekkiego i przewiewnego materia\u0142u, a kr\u00f3j w rozmiarze XL odpowiada standardom stosowanym przez <strong>Nike<\/strong>.<\/p>\n<p>F\u00fcr Sammler und Fans, die ein originales Heimtrikot suchen <strong>FC Barcelona<\/strong> aus der Saison <strong>2002\/03<\/strong>, stanowi\u0105cej czytelny zapis okresu przej\u015bciowego i odbudowy dru\u017cyny.<\/p>","protected":false},"featured_media":122286,"template":"","meta":{"_kad_blocks_custom_css":"","_kad_blocks_head_custom_js":"","_kad_blocks_body_custom_js":"","_kad_blocks_footer_custom_js":"","_kad_post_transparent":"default","_kad_post_title":"","_kad_post_layout":"default","_kad_post_sidebar_id":"","_kad_post_content_style":"default","_kad_post_vertical_padding":"default","_kad_post_feature":"","_kad_post_feature_position":"","_kad_post_header":false,"_kad_post_footer":false,"_kad_post_classname":""},"product_brand":[1284],"product_cat":[15,1448],"product_tag":[],"class_list":{"0":"post-122106","1":"product","2":"type-product","3":"status-publish","4":"has-post-thumbnail","6":"product_brand-nike","7":"product_cat-bez-kategorii","8":"product_cat-kluby-hiszpanskie-fcbarcelona","9":"pa_homeawaythird-home","10":"pa_rozmiar-xl","12":"first","13":"instock","14":"taxable","15":"shipping-taxable","16":"purchasable","17":"product-type-simple","18":"entry","19":"content-bg","20":"loop-entry"},"taxonomy_info":{"product_brand":[{"value":1284,"label":"Nike"}],"product_cat":[{"value":15,"label":"Bez kategorii"},{"value":1448,"label":"FC Barcelona"}],"pa_homeawaythird":[{"value":1597,"label":"Home"}],"pa_rozmiar":[{"value":1818,"label":"XL"}]},"featured_image_src_large":["https:\/\/footballthrift.shop\/wp-content\/uploads\/2026\/04\/Photoroom_20260404_160711-1024x1024.jpg",1024,1024,true],"author_info":[],"comment_info":"","_links":{"self":[{"href":"https:\/\/footballthrift.shop\/de\/wp-json\/wp\/v2\/product\/122106","targetHints":{"allow":["GET"]}}],"collection":[{"href":"https:\/\/footballthrift.shop\/de\/wp-json\/wp\/v2\/product"}],"about":[{"href":"https:\/\/footballthrift.shop\/de\/wp-json\/wp\/v2\/types\/product"}],"wp:featuredmedia":[{"embeddable":true,"href":"https:\/\/footballthrift.shop\/de\/wp-json\/wp\/v2\/media\/122286"}],"wp:attachment":[{"href":"https:\/\/footballthrift.shop\/de\/wp-json\/wp\/v2\/media?parent=122106"}],"wp:term":[{"taxonomy":"product_brand","embeddable":true,"href":"https:\/\/footballthrift.shop\/de\/wp-json\/wp\/v2\/product_brand?post=122106"},{"taxonomy":"product_cat","embeddable":true,"href":"https:\/\/footballthrift.shop\/de\/wp-json\/wp\/v2\/product_cat?post=122106"},{"taxonomy":"product_tag","embeddable":true,"href":"https:\/\/footballthrift.shop\/de\/wp-json\/wp\/v2\/product_tag?post=122106"}],"curies":[{"name":"wp","href":"https:\/\/api.w.org\/{rel}","templated":true}]}}