{"id":122103,"date":"2026-04-05T17:58:46","date_gmt":"2026-04-05T15:58:46","guid":{"rendered":"https:\/\/footballthrift.shop\/?post_type=product&#038;p=122103"},"modified":"2026-04-05T17:58:46","modified_gmt":"2026-04-05T15:58:46","slug":"koszulka-pilkarska-brazylia-2006-08-home-9-ronaldo-m","status":"publish","type":"product","link":"https:\/\/footballthrift.shop\/de\/koszulka-pilkarska-brazylia-2006-08-home-9-ronaldo-m\/","title":{"rendered":"Koszulka pi\u0142karska Brazylia 2006\/08 Home 9 Ronaldo [M]"},"content":{"rendered":"<p><strong>Verein:<\/strong> Brasilien<\/p>\n<p><strong>Saison:<\/strong> 2006\/08 Zuhause<\/p>\n<p><strong>Gr\u00f6\u00dfe: <\/strong>M<\/p>\n<p><strong>Zustand:<\/strong> S\u0142aby &#8211; znaczna liczba zaci\u0105gni\u0119\u0107, uci\u0119ta metka ze \u015brodka koszulki oraz sprana nalepka producenta.<\/p>\n<p><strong>Ma\u00dfe (Achselbreite\/L\u00e4nge) in cm: <\/strong>51\/69(vorne), 75(hinten)<\/p>\n<p><strong>Zus\u00e4tzliche Informationen:<\/strong> Nadruk zawodnika nie jest oryginalny, jest jednak jego wsp\u00f3\u0142czesnym, wiernym odwzorowaniem.<\/p>","protected":false},"excerpt":{"rendered":"<p><strong>Oryginalna domowa koszulka pi\u0142karska reprezentacji Brazylii z lat 2006\/08 produkcji Nike z nadrukiem Ronaldo. <\/strong><\/p>\n<p>Heimmodell <strong>die brasilianische Nationalmannschaft<\/strong> im Laufe der Jahre <strong>2006\/08<\/strong>hergestellt von <strong>Nike<\/strong> w rozmiarze M, pochodzi z okresu wyst\u0119pu kadry na mundialu w Niemczech w 2006 roku, gdzie <strong>Canarinhos<\/strong> przyst\u0119powali do turnieju jako jedni z g\u0142\u00f3wnych faworyt\u00f3w. Zesp\u00f3\u0142 oparty na gwiazdach \u015bwiatowego formatu prezentowa\u0142 ofensywny styl gry, a w jego sk\u0142adzie znajdowa\u0142o si\u0119 wielu zawodnik\u00f3w uznawanych za jednych z najlepszych na swoich pozycjach.<\/p>\n<p>Koszulka zosta\u0142a wyprodukowana na klasycznej \u017c\u00f3\u0142tej bazie, z zielonym wyko\u0144czeniem r\u0119kawk\u00f3w oraz ko\u0142nierza, co stanowi charakterystyczne zestawienie barw dla <strong>die brasilianische Nationalmannschaft<\/strong>. Projekt zachowuje prosty i rozpoznawalny uk\u0142ad, typowy dla modeli <strong>Nike<\/strong>, podkre\u015blaj\u0105cy to\u017csamo\u015b\u0107 jednej z najbardziej utytu\u0142owanych dru\u017cyn narodowych.<\/p>\n<p>Auf der R\u00fcckseite befindet sich ein origineller Aufdruck. <strong>Ronaldo \u2013 Lu\u00edsa Naz\u00e1rio de Limy<\/strong>, legendarnego napastnika i jednego z najwybitniejszych pi\u0142karzy w historii. <strong>Ronaldo<\/strong> podczas mundialu w 2006 roku zapisa\u0142 si\u0119 w historii jako rekordzista pod wzgl\u0119dem liczby bramek zdobytych na mistrzostwach \u015bwiata, potwierdzaj\u0105c swoj\u0105 klas\u0119 i skuteczno\u015b\u0107 na najwy\u017cszym poziomie. W tamtej kadrze wyst\u0119powali r\u00f3wnie\u017c m.in. <strong>Ronaldinho<\/strong>, <strong>Kak\u00e1<\/strong>, <strong>Adriano<\/strong>, <strong>Cafu<\/strong> oder <strong>Roberto Carlos<\/strong>, tworz\u0105c jedn\u0105 z najbardziej rozpoznawalnych generacji w historii futbolu.<\/p>\n<p>Koszulka zosta\u0142a wykonana z lekkiego i przewiewnego materia\u0142u, a kr\u00f3j w rozmiarze M odpowiada standardom stosowanym przez <strong>Nike<\/strong>.<\/p>\n<p>F\u00fcr Sammler und Fans, die ein originales Heimtrikot suchen <strong>die brasilianische Nationalmannschaft<\/strong> im Laufe der Jahre <strong>2006\/08<\/strong>, stanowi\u0105cej czytelny zapis jej udzia\u0142u w mundialu 2006.<\/p>","protected":false},"featured_media":122260,"template":"","meta":{"_kad_blocks_custom_css":"","_kad_blocks_head_custom_js":"","_kad_blocks_body_custom_js":"","_kad_blocks_footer_custom_js":"","_kad_post_transparent":"default","_kad_post_title":"","_kad_post_layout":"default","_kad_post_sidebar_id":"","_kad_post_content_style":"default","_kad_post_vertical_padding":"default","_kad_post_feature":"","_kad_post_feature_position":"","_kad_post_header":false,"_kad_post_footer":false,"_kad_post_classname":""},"product_brand":[1284],"product_cat":[15,1445],"product_tag":[],"class_list":{"0":"post-122103","1":"product","2":"type-product","3":"status-publish","4":"has-post-thumbnail","6":"product_brand-nike","7":"product_cat-bez-kategorii","8":"product_cat-brazylia","9":"pa_homeawaythird-home","10":"pa_rozmiar-m","12":"first","13":"instock","14":"taxable","15":"shipping-taxable","16":"purchasable","17":"product-type-simple","18":"entry","19":"content-bg","20":"loop-entry"},"taxonomy_info":{"product_brand":[{"value":1284,"label":"Nike"}],"product_cat":[{"value":15,"label":"Bez kategorii"},{"value":1445,"label":"Brazylia"}],"pa_homeawaythird":[{"value":1597,"label":"Home"}],"pa_rozmiar":[{"value":1816,"label":"M"}]},"featured_image_src_large":["https:\/\/footballthrift.shop\/wp-content\/uploads\/2026\/04\/Photoroom_20260404_155739-1024x1024.jpg",1024,1024,true],"author_info":[],"comment_info":"","_links":{"self":[{"href":"https:\/\/footballthrift.shop\/de\/wp-json\/wp\/v2\/product\/122103","targetHints":{"allow":["GET"]}}],"collection":[{"href":"https:\/\/footballthrift.shop\/de\/wp-json\/wp\/v2\/product"}],"about":[{"href":"https:\/\/footballthrift.shop\/de\/wp-json\/wp\/v2\/types\/product"}],"wp:featuredmedia":[{"embeddable":true,"href":"https:\/\/footballthrift.shop\/de\/wp-json\/wp\/v2\/media\/122260"}],"wp:attachment":[{"href":"https:\/\/footballthrift.shop\/de\/wp-json\/wp\/v2\/media?parent=122103"}],"wp:term":[{"taxonomy":"product_brand","embeddable":true,"href":"https:\/\/footballthrift.shop\/de\/wp-json\/wp\/v2\/product_brand?post=122103"},{"taxonomy":"product_cat","embeddable":true,"href":"https:\/\/footballthrift.shop\/de\/wp-json\/wp\/v2\/product_cat?post=122103"},{"taxonomy":"product_tag","embeddable":true,"href":"https:\/\/footballthrift.shop\/de\/wp-json\/wp\/v2\/product_tag?post=122103"}],"curies":[{"name":"wp","href":"https:\/\/api.w.org\/{rel}","templated":true}]}}