{"id":122102,"date":"2026-04-05T17:58:47","date_gmt":"2026-04-05T15:58:47","guid":{"rendered":"https:\/\/footballthrift.shop\/?post_type=product&#038;p=122102"},"modified":"2026-04-05T17:58:47","modified_gmt":"2026-04-05T15:58:47","slug":"koszulka-pilkarska-borussia-dortmund-2012-13-home-16-blaszczykowski-l","status":"publish","type":"product","link":"https:\/\/footballthrift.shop\/de\/koszulka-pilkarska-borussia-dortmund-2012-13-home-16-blaszczykowski-l\/","title":{"rendered":"Koszulka pi\u0142karska Borussia Dortmund 2012\/13 Home 16 B\u0142aszczykowski [L]"},"content":{"rendered":"<p><strong>Verein:<\/strong> Borussia Dortmund<\/p>\n<p><strong>Saison:<\/strong> 2012\/13 Startseite<\/p>\n<p><strong>Gr\u00f6\u00dfe: <\/strong>L<\/p>\n<p><strong>Zustand:<\/strong> Bardzo dobry &#8211; kilka mikro zaci\u0105gni\u0119\u0107 w dolnej cz\u0119\u015bci koszulki na plecach oraz nieznacznie pop\u0119kane cyfry.<\/p>\n<p><strong>Ma\u00dfe (Achselbreite\/L\u00e4nge) in cm: <\/strong>54\/74<\/p>","protected":false},"excerpt":{"rendered":"<p><strong>Oryginalna domowa koszulka pi\u0142karska Borussii Dortmund z sezonu 2012\/13 produkcji Pumy z nadrukiem Jakuba B\u0142aszczykowskiego.\u00a0<\/strong><\/p>\n<p>Heimmodell <strong>Borussia Dortmund<\/strong> aus der Saison <strong>2012\/13<\/strong>hergestellt von <strong>Puma<\/strong> w rozmiarze L, to koszulka przygotowana na rozgrywki europejskie, kt\u00f3ra zapisa\u0142a si\u0119 w historii klubu dzi\u0119ki imponuj\u0105cej kampanii w Lidze Mistrz\u00f3w zako\u0144czonej awansem do fina\u0142u. Dru\u017cyna prowadzona przez J\u00fcrgena Kloppa zachwyca\u0142a intensywnym stylem gry, eliminuj\u0105c po drodze m.in. Real Madryt i docieraj\u0105c do decyduj\u0105cego starcia na Wembley.<\/p>\n<p>Koszulka zosta\u0142a wyprodukowana na klasycznej \u017c\u00f3\u0142to-czarnej bazie w formie pionowych pas\u00f3w. Ca\u0142o\u015b\u0107 uzupe\u0142nia czarny ko\u0142nierz typu polo, nadaj\u0105cy projektowi bardziej elegancki charakter. Na froncie pozostawiono miejsce na nadruk sponsora <strong>Evonik<\/strong>, zgodnie z wersj\u0105 przeznaczon\u0105 na europejskie rozgrywki, a na r\u0119kawku znajduje si\u0119 emblemat <strong>Champions League<\/strong>, podkre\u015blaj\u0105cy wyj\u0105tkowy kontekst tego modelu.<\/p>\n<p>Auf der R\u00fcckseite befindet sich ein origineller Aufdruck. <strong>Jakuba B\u0142aszczykowskiego<\/strong>, jednego z kluczowych zawodnik\u00f3w tamtego okresu. Polski skrzyd\u0142owy pe\u0142ni\u0142 rol\u0119 kapitana zespo\u0142u i by\u0142 wa\u017cnym ogniwem ofensywy, wyr\u00f3\u017cniaj\u0105c si\u0119 dynamik\u0105 oraz zaanga\u017cowaniem. Obok niego trzon dru\u017cyny stanowili m.in. Robert Lewandowski, Marco Reus, Mario G\u00f6tze czy Mats Hummels, kt\u00f3rzy wsp\u00f3lnie stworzyli jedn\u0105 z najbardziej ekscytuj\u0105cych ekip w Europie.<\/p>\n<p>Koszulka zosta\u0142a wykonana z lekkiego i przewiewnego materia\u0142u, a kr\u00f3j w rozmiarze L odpowiada standardom stosowanym przez <strong>Puma<\/strong> in dieser Zeit.<\/p>\n<p>F\u00fcr Sammler und Fans, die ein originales Heimtrikot suchen <strong>Borussia Dortmund<\/strong> aus der Saison <strong>2012\/13<\/strong>, stanowi\u0105cej czytelny zapis historycznego fina\u0142u Ligi Mistrz\u00f3w z wyra\u017anym polskim akcentem.<\/p>","protected":false},"featured_media":122225,"template":"","meta":{"_kad_blocks_custom_css":"","_kad_blocks_head_custom_js":"","_kad_blocks_body_custom_js":"","_kad_blocks_footer_custom_js":"","_kad_post_transparent":"default","_kad_post_title":"","_kad_post_layout":"default","_kad_post_sidebar_id":"","_kad_post_content_style":"default","_kad_post_vertical_padding":"default","_kad_post_feature":"","_kad_post_feature_position":"","_kad_post_header":false,"_kad_post_footer":false,"_kad_post_classname":""},"product_brand":[1287],"product_cat":[15,1438,1411],"product_tag":[],"class_list":{"0":"post-122102","1":"product","2":"type-product","3":"status-publish","4":"has-post-thumbnail","6":"product_brand-puma","7":"product_cat-bez-kategorii","8":"product_cat-kluby-niemieckie-borussiadortmund","9":"product_cat-polscy-pilkarze","10":"pa_homeawaythird-home","11":"pa_rozmiar-l","13":"first","14":"instock","15":"taxable","16":"shipping-taxable","17":"purchasable","18":"product-type-simple","19":"entry","20":"content-bg","21":"loop-entry"},"taxonomy_info":{"product_brand":[{"value":1287,"label":"Puma"}],"product_cat":[{"value":15,"label":"Bez kategorii"},{"value":1438,"label":"Borussia Dortmund"},{"value":1411,"label":"POLSCY PI\u0141KARZE"}],"pa_homeawaythird":[{"value":1597,"label":"Home"}],"pa_rozmiar":[{"value":1817,"label":"L"}]},"featured_image_src_large":["https:\/\/footballthrift.shop\/wp-content\/uploads\/2026\/04\/IMG_5967-Photoroom-2-1024x1024.jpg",1024,1024,true],"author_info":[],"comment_info":"","_links":{"self":[{"href":"https:\/\/footballthrift.shop\/de\/wp-json\/wp\/v2\/product\/122102","targetHints":{"allow":["GET"]}}],"collection":[{"href":"https:\/\/footballthrift.shop\/de\/wp-json\/wp\/v2\/product"}],"about":[{"href":"https:\/\/footballthrift.shop\/de\/wp-json\/wp\/v2\/types\/product"}],"wp:featuredmedia":[{"embeddable":true,"href":"https:\/\/footballthrift.shop\/de\/wp-json\/wp\/v2\/media\/122225"}],"wp:attachment":[{"href":"https:\/\/footballthrift.shop\/de\/wp-json\/wp\/v2\/media?parent=122102"}],"wp:term":[{"taxonomy":"product_brand","embeddable":true,"href":"https:\/\/footballthrift.shop\/de\/wp-json\/wp\/v2\/product_brand?post=122102"},{"taxonomy":"product_cat","embeddable":true,"href":"https:\/\/footballthrift.shop\/de\/wp-json\/wp\/v2\/product_cat?post=122102"},{"taxonomy":"product_tag","embeddable":true,"href":"https:\/\/footballthrift.shop\/de\/wp-json\/wp\/v2\/product_tag?post=122102"}],"curies":[{"name":"wp","href":"https:\/\/api.w.org\/{rel}","templated":true}]}}