{"id":121760,"date":"2026-03-29T17:59:55","date_gmt":"2026-03-29T15:59:55","guid":{"rendered":"https:\/\/footballthrift.shop\/?post_type=product&#038;p=121760"},"modified":"2026-03-29T17:59:55","modified_gmt":"2026-03-29T15:59:55","slug":"koszulka-pilkarska-zenit-st-petersburg-2011-12-home-xl","status":"publish","type":"product","link":"https:\/\/footballthrift.shop\/de\/koszulka-pilkarska-zenit-st-petersburg-2011-12-home-xl\/","title":{"rendered":"Koszulka pi\u0142karska Zenit St. Petersburg 2011\/12 Home [XL]"},"content":{"rendered":"<p><strong>Verein:<\/strong> Zenit St. Petersburg<\/p>\n<p><strong>Saison:<\/strong> 2011\/12 Startseite<\/p>\n<p><strong>Gr\u00f6\u00dfe: <\/strong>XL<\/p>\n<p><strong>Zustand:<\/strong> Ausgezeichnet<\/p>\n<p><strong>Ma\u00dfe (Achselbreite\/L\u00e4nge) in cm: <\/strong>60\/76<\/p>","protected":false},"excerpt":{"rendered":"<p><strong>Original Zenit Sankt Petersburg Fu\u00dfballtrikot aus der Saison 2011\/12 von Nike.\u00a0<\/strong><\/p>\n<p>Heimmodell <strong>Zenit St. Petersburg<\/strong> aus der Saison <strong>2011\/12<\/strong>hergestellt von <strong>Nike<\/strong> in XL-Gr\u00f6\u00dfe, stammt aus einer der erfolgreichsten Perioden in der Geschichte des Vereins. Damals erreichte die Mannschaft die russische Meisterschaft und best\u00e4tigte damit ihre Dominanz im heimischen Umfeld und nahm auch regelm\u00e4\u00dfig an europ\u00e4ischen Wettbewerben teil.<\/p>\n<p>Das T-Shirt auf blauem Grund ist auf der Vorderseite mit einem geometrischen Muster versehen, das dem Design eine moderne Note verleiht. Erg\u00e4nzt wird es durch wei\u00dfe Bes\u00e4tze am Kragen und an den \u00c4rmeln sowie einen zentralen Sponsorenaufdruck auf der Vorderseite. <strong>Gazprom<\/strong>, und hebt sich deutlich von dem hellen Hintergrund ab.<\/p>\n<p>In der Saison 2011\/12 werden die Farben <strong>Zenit St. Petersburg<\/strong> vertreten u.a. durch. <strong>Aleksandr Kierzhakov<\/strong>, einer der erfolgreichsten St\u00fcrmer in der Geschichte des Vereins, <strong>Andrej Arshavin<\/strong>, die w\u00e4hrend der Saison in die Mannschaft zur\u00fcckkehren, und <strong>Danny<\/strong>, Er war eine offensive Schl\u00fcsselfigur und einer der Anf\u00fchrer der Mannschaft. Die Mannschaft kombinierte Erfahrung mit technischer Qualit\u00e4t und dominierte die Liga.<\/p>\n<p>Das T-Shirt ist aus leichtem und atmungsaktivem Material gefertigt und der Schnitt in Gr\u00f6\u00dfe XL entspricht den Standards der <strong>Nike<\/strong>, und bietet die klassische Passform, die f\u00fcr die Designs der Marke charakteristisch ist.<\/p>\n<p>F\u00fcr Sammler und Fans, die ein originales Heimtrikot suchen <strong>Zenit St. Petersburg<\/strong> aus der Saison <strong>2011\/12<\/strong>, eine der erfolgreichsten Perioden in der Geschichte des Vereins.<\/p>","protected":false},"featured_media":121845,"template":"","meta":{"_kad_blocks_custom_css":"","_kad_blocks_head_custom_js":"","_kad_blocks_body_custom_js":"","_kad_blocks_footer_custom_js":"","_kad_post_transparent":"default","_kad_post_title":"","_kad_post_layout":"default","_kad_post_sidebar_id":"","_kad_post_content_style":"default","_kad_post_vertical_padding":"default","_kad_post_feature":"","_kad_post_feature_position":"","_kad_post_header":false,"_kad_post_footer":false,"_kad_post_classname":""},"product_brand":[1284],"product_cat":[15,1483],"product_tag":[],"class_list":{"0":"post-121760","1":"product","2":"type-product","3":"status-publish","4":"has-post-thumbnail","6":"product_brand-nike","7":"product_cat-bez-kategorii","8":"product_cat-kluby-rosyjskie","9":"pa_homeawaythird-home","10":"pa_rozmiar-xl","12":"first","13":"instock","14":"taxable","15":"shipping-taxable","16":"purchasable","17":"product-type-simple","18":"entry","19":"content-bg","20":"loop-entry"},"taxonomy_info":{"product_brand":[{"value":1284,"label":"Nike"}],"product_cat":[{"value":15,"label":"Bez kategorii"},{"value":1483,"label":"Rosja"}],"pa_homeawaythird":[{"value":1597,"label":"Home"}],"pa_rozmiar":[{"value":1818,"label":"XL"}]},"featured_image_src_large":["https:\/\/footballthrift.shop\/wp-content\/uploads\/2026\/03\/Photoroom_20260326_104831-1024x1024.jpg",1024,1024,true],"author_info":[],"comment_info":"","_links":{"self":[{"href":"https:\/\/footballthrift.shop\/de\/wp-json\/wp\/v2\/product\/121760","targetHints":{"allow":["GET"]}}],"collection":[{"href":"https:\/\/footballthrift.shop\/de\/wp-json\/wp\/v2\/product"}],"about":[{"href":"https:\/\/footballthrift.shop\/de\/wp-json\/wp\/v2\/types\/product"}],"wp:featuredmedia":[{"embeddable":true,"href":"https:\/\/footballthrift.shop\/de\/wp-json\/wp\/v2\/media\/121845"}],"wp:attachment":[{"href":"https:\/\/footballthrift.shop\/de\/wp-json\/wp\/v2\/media?parent=121760"}],"wp:term":[{"taxonomy":"product_brand","embeddable":true,"href":"https:\/\/footballthrift.shop\/de\/wp-json\/wp\/v2\/product_brand?post=121760"},{"taxonomy":"product_cat","embeddable":true,"href":"https:\/\/footballthrift.shop\/de\/wp-json\/wp\/v2\/product_cat?post=121760"},{"taxonomy":"product_tag","embeddable":true,"href":"https:\/\/footballthrift.shop\/de\/wp-json\/wp\/v2\/product_tag?post=121760"}],"curies":[{"name":"wp","href":"https:\/\/api.w.org\/{rel}","templated":true}]}}