{"id":121758,"date":"2026-03-29T17:59:56","date_gmt":"2026-03-29T15:59:56","guid":{"rendered":"https:\/\/footballthrift.shop\/?post_type=product&#038;p=121758"},"modified":"2026-03-29T17:59:56","modified_gmt":"2026-03-29T15:59:56","slug":"koszulka-koszykarska-washington-wizards-away-23-jordan-m","status":"publish","type":"product","link":"https:\/\/footballthrift.shop\/de\/koszulka-koszykarska-washington-wizards-away-23-jordan-m\/","title":{"rendered":"Koszulka koszykarska Washington Wizards Away 23 Jordan [M]"},"content":{"rendered":"<p><strong>Verein:<\/strong> Washington Wizards<\/p>\n<p><strong>Art:\u00a0<\/strong>Ausw\u00e4rts<\/p>\n<p><strong>Gr\u00f6\u00dfe: <\/strong>M<\/p>\n<p><strong>Zustand:<\/strong> Dobry &#8211; zmechacony materia\u0142 przy r\u0119kawku i kilka mikro zaci\u0105gni\u0119\u0107.<\/p>\n<p><strong>Ma\u00dfe (Achselbreite\/L\u00e4nge) in cm: <\/strong>52\/70<\/p>","protected":false},"excerpt":{"rendered":"<p data-start=\"0\" data-end=\"85\"><strong data-start=\"0\" data-end=\"85\">Original Washington Wizards Ausw\u00e4rts-Basketballtrikot von Champion production mit Michael Jordan Aufdruck.\u00a0<\/strong><\/p>\n<p data-start=\"87\" data-end=\"458\">Ausw\u00e4rtsmodell\u00a0<strong data-start=\"103\" data-end=\"144\"><span class=\"hover:entity-accent entity-underline inline cursor-pointer align-baseline\"><span class=\"whitespace-normal\">Washington Wizards<\/span><\/span><\/strong>hergestellt von\u00a0<strong data-start=\"166\" data-end=\"207\"><span class=\"hover:entity-accent entity-underline inline cursor-pointer align-baseline\"><span class=\"whitespace-normal\">Meister<\/span><\/span><\/strong>\u00a0w\u00a0<strong data-start=\"210\" data-end=\"227\">Gr\u00f6\u00dfe M<\/strong>, ist eine europ\u00e4ische Replik, die von den Trikots inspiriert ist, die der Verein in der\u00a0<strong data-start=\"303\" data-end=\"325\">Anfang des 21. Jahrhunderts<\/strong>. Es war eine einzigartige Periode in der Geschichte der Wizards, die untrennbar mit der R\u00fcckkehr der gr\u00f6\u00dften Legende des Weltbasketballs auf den Platz verbunden war.<\/p>\n<p data-start=\"460\" data-end=\"808\">Das T-Shirt wurde hergestellt in\u00a0<strong data-start=\"493\" data-end=\"515\">violett gef\u00e4rbt<\/strong>mit ausgepr\u00e4gter\u00a0<strong data-start=\"531\" data-end=\"587\">orange, blau und schwarze Zierleisten<\/strong>, die das unverwechselbare, k\u00fchne Styling des Washingtoner Teams jener Jahre widerspiegeln. Das \u00e4rmellose Shirt beh\u00e4lt den klassischen Basketballschnitt bei, w\u00e4hrend sich die kontrastreiche Farbpalette deutlich von den fr\u00fcheren Designs des Vereins unterscheidet.<\/p>\n<p data-start=\"810\" data-end=\"1183\">Dieses Modell steht in direktem Zusammenhang mit dem Zeitraum, in dem die Farben des\u00a0<strong data-start=\"869\" data-end=\"891\">Washington Wizards<\/strong>\u00a0repr\u00e4sentierte\u00a0<strong data-start=\"906\" data-end=\"947\"><span class=\"hover:entity-accent entity-underline inline cursor-pointer align-baseline\"><span class=\"whitespace-normal\">Michael Jordan<\/span><\/span><\/strong>, die in den folgenden Jahren im Verein spielten\u00a0<strong data-start=\"979\" data-end=\"992\">2001-2003<\/strong>, am Ende seiner legend\u00e4ren Karriere. Seine R\u00fcckkehr in die NBA hatte ein enormes Medien- und Sportereignis, das weltweite Aufmerksamkeit erregte und das Profil der Wizards-Organisation deutlich erh\u00f6hte.<\/p>\n<p data-start=\"1185\" data-end=\"1551\">Bleiben Sie\u00a0<strong data-start=\"1191\" data-end=\"1211\">Michael Jordan<\/strong>\u00a0w\u00a0<strong data-start=\"1214\" data-end=\"1236\">Washington Wizards<\/strong>\u00a0wurde zwar nicht mit einer Meisterschaft gekr\u00f6nt, aber sein Einfluss auf den Verein ging weit \u00fcber die sportlichen Ergebnisse hinaus. Jordan brachte Erfahrung, Professionalit\u00e4t und die Mentalit\u00e4t eines Gewinners in die Mannschaft ein. Er wurde zum Mentor f\u00fcr die j\u00fcngeren Spieler und zum Symbol f\u00fcr einen der bekanntesten Momente in der Geschichte des Washingtoner Teams.<\/p>\n<p data-start=\"1553\" data-end=\"1767\">Das T-Shirt ist hergestellt aus\u00a0<strong data-start=\"1581\" data-end=\"1618\">leichtes und luftiges Material<\/strong>, a\u00a0<strong data-start=\"1622\" data-end=\"1636\">lockere Passform<\/strong>\u00a0w\u00a0<strong data-start=\"1639\" data-end=\"1656\">Gr\u00f6\u00dfe M<\/strong>\u00a0bietet eine entspannte, normgerechte Passform\u00a0<strong data-start=\"1708\" data-end=\"1721\">Meister<\/strong>\u00a0f\u00fcr europ\u00e4ische Nachbildungen aus dem fr\u00fchen 21. Jahrhundert.<\/p>\n<p data-start=\"1769\" data-end=\"2014\" data-is-last-node=\"\" data-is-only-node=\"\">Dies ist f\u00fcr Sammler und NBA-Fans, die das Original\u00a0<strong data-start=\"1842\" data-end=\"1898\">Washington Wizards ausw\u00e4rts Basketball Trikot<\/strong>, die das letzte Kapitel der Karriere eindeutig festh\u00e4lt\u00a0<strong data-start=\"1956\" data-end=\"1976\">Michael Jordan<\/strong>\u00a0und eine einzigartige Etappe in der Geschichte des Clubs.<\/p>","protected":false},"featured_media":121828,"template":"","meta":{"_kad_blocks_custom_css":"","_kad_blocks_head_custom_js":"","_kad_blocks_body_custom_js":"","_kad_blocks_footer_custom_js":"","_kad_post_transparent":"default","_kad_post_title":"","_kad_post_layout":"default","_kad_post_sidebar_id":"","_kad_post_content_style":"default","_kad_post_vertical_padding":"default","_kad_post_feature":"","_kad_post_feature_position":"","_kad_post_header":false,"_kad_post_footer":false,"_kad_post_classname":""},"product_brand":[1302],"product_cat":[15,1954],"product_tag":[],"class_list":{"0":"post-121758","1":"product","2":"type-product","3":"status-publish","4":"has-post-thumbnail","6":"product_brand-champion","7":"product_cat-bez-kategorii","8":"product_cat-koszykowka","9":"pa_homeawaythird-away","10":"pa_rozmiar-m","12":"first","13":"instock","14":"taxable","15":"shipping-taxable","16":"purchasable","17":"product-type-simple","18":"entry","19":"content-bg","20":"loop-entry"},"taxonomy_info":{"product_brand":[{"value":1302,"label":"Champion"}],"product_cat":[{"value":15,"label":"Bez kategorii"},{"value":1954,"label":"Koszyk\u00f3wka"}],"pa_homeawaythird":[{"value":1598,"label":"Away"}],"pa_rozmiar":[{"value":1816,"label":"M"}]},"featured_image_src_large":["https:\/\/footballthrift.shop\/wp-content\/uploads\/2026\/03\/Photoroom_20260326_104450-1024x1024.jpg",1024,1024,true],"author_info":[],"comment_info":"","_links":{"self":[{"href":"https:\/\/footballthrift.shop\/de\/wp-json\/wp\/v2\/product\/121758","targetHints":{"allow":["GET"]}}],"collection":[{"href":"https:\/\/footballthrift.shop\/de\/wp-json\/wp\/v2\/product"}],"about":[{"href":"https:\/\/footballthrift.shop\/de\/wp-json\/wp\/v2\/types\/product"}],"wp:featuredmedia":[{"embeddable":true,"href":"https:\/\/footballthrift.shop\/de\/wp-json\/wp\/v2\/media\/121828"}],"wp:attachment":[{"href":"https:\/\/footballthrift.shop\/de\/wp-json\/wp\/v2\/media?parent=121758"}],"wp:term":[{"taxonomy":"product_brand","embeddable":true,"href":"https:\/\/footballthrift.shop\/de\/wp-json\/wp\/v2\/product_brand?post=121758"},{"taxonomy":"product_cat","embeddable":true,"href":"https:\/\/footballthrift.shop\/de\/wp-json\/wp\/v2\/product_cat?post=121758"},{"taxonomy":"product_tag","embeddable":true,"href":"https:\/\/footballthrift.shop\/de\/wp-json\/wp\/v2\/product_tag?post=121758"}],"curies":[{"name":"wp","href":"https:\/\/api.w.org\/{rel}","templated":true}]}}